{"id":16845,"date":"2023-11-30T08:39:22","date_gmt":"2023-11-30T08:39:22","guid":{"rendered":"http:\/\/labostera.lt\/?post_type=product&#038;p=16845"},"modified":"2024-01-23T13:09:10","modified_gmt":"2024-01-23T11:09:10","slug":"rfid-logistikos-simuliatorius-smc-international-training-log-200-rfid-logistics-simulator","status":"publish","type":"product","link":"https:\/\/labostera.lt\/lv\/priemones-ir-iranga\/mokymo-priemones-ir-iranga\/industrija-4-0\/rfid-logistikos-simuliatorius-smc-international-training-log-200-rfid-logistics-simulator\/","title":{"rendered":"RFID lo\u0123istikas simulators SMC International Training LOG-200 RFID lo\u0123istikas simulators"},"content":{"rendered":"<h2><strong>SMC Espa\u00f1a SAU LOG-200 RFID lo\u0123istikas simulators<\/strong><\/h2>\n<ul>\n<li><strong>LOG-200<\/strong>\n<ul>\n<li>Koncentr\u0113jas uz RFID tehnolo\u0123ijas izp\u0113ti lo\u0123istikas jom\u0101, izmantojot tikai r\u016bpnieciskos komponentus.<\/li>\n<li>Ietver piek\u013cuvi internetam, izmantojot t\u012bmek\u013ca serveri.<\/li>\n<li>Izmanto \u0161\u0101dus RFID r\u012bkus:\n<ul>\n<li>RFID las\u012b\u0161anas\/rakst\u012b\u0161anas modulis \u2014 \u013cauj nolas\u012bt un ierakst\u012bt inform\u0101ciju katr\u0101 tag\u0101.<\/li>\n<li>RFID kontrolieris \u2014 savieno un kontrol\u0113 l\u012bdz pat 3 RFID stacij\u0101m.<\/li>\n<li>&quot;Tagi&quot; \u2013 glab\u0101 inform\u0101ciju, kas nepiecie\u0161ama objektu izsekojam\u012bbai.<\/li>\n<\/ul>\n<\/li>\n<li>LOG-200 att\u0113lo katras \u201cbirkas\u201d inform\u0101ciju, izmantojot RFID kontrolieri, un PLC nos\u016bta pareizo inform\u0101ciju katram izpildmeh\u0101nismam, lai katrs konteiners tiktu novietots pareizaj\u0101 viet\u0101.<\/li>\n<li>Turkl\u0101t, izmantojot t\u012bmek\u013ca serveri, kas sazin\u0101s ar PLC, ir iesp\u0113jams piek\u013c\u016bt inform\u0101cijai par katru objektu, izmantojot internetu.<\/li>\n<li>LOG-200 ietver 2 da\u017e\u0101das programmat\u016bras programmas:\n<ul>\n<li>T\u012bmek\u013ca servera programmat\u016bra \u2014 varat izveidot t\u012bmek\u013ca vietni objektu izsekojam\u012bbai internet\u0101.<\/li>\n<li>SCADA programmat\u016bra \u2014 iestata att\u0101lin\u0101tu programmu inform\u0101cijas las\u012b\u0161anai\/rakst\u012b\u0161anai RFID tagos.<\/li>\n<\/ul>\n<\/li>\n<\/ul>\n<\/li>\n<\/ul>\n<h3>Lo\u0123istika \u2013 Simulatori \u2013 <a href=\"http:\/\/labostera.lt\/lv\/product-brand\/smc-espana-s-a-u\/\" target=\"_blank\" rel=\"noopener\">SMC<\/a><\/h3>\n<p>Vair\u0101k inform\u0101cijas: <a href=\"https:\/\/www.smctraining.com\/en\/webpage\/indexpage\/498\" target=\"_blank\" rel=\"noopener nofollow\">ra\u017eot\u0101ja t\u012bmek\u013ca vietn\u0113<\/a> vai nos\u016btiet mums piepras\u012bjumu!<\/p>","protected":false},"excerpt":{"rendered":"<p><strong>Pied\u0101v\u0101jam pla\u0161u Sp\u0101nijas ra\u017eot\u0101ja &quot;SMC Espa\u00f1a SAU&quot; iek\u0101rtu izv\u0113li.<\/strong>, kura uz\u0146\u0113mums koncentr\u0113jas uz produktu un procesu efektivit\u0101tes nep\u0101rtrauktu uzlabo\u0161anu, cen\u0161oties pied\u0101v\u0101t lab\u0101kos tehnolo\u0123iskos risin\u0101jumus tehniski zin\u0101tnisk\u0101s p\u0113tniec\u012bbas un simul\u0101cijas nozar\u0113m kopum\u0101.<\/p>","protected":false},"featured_media":16849,"template":"","meta":[],"product_cat":[494,79,74],"product_tag":[498,497,514,513,490,491,487],"class_list":{"0":"post-16845","1":"product","2":"type-product","3":"status-publish","4":"has-post-thumbnail","6":"product_brand-smc-espana-s-a-u","7":"product_cat-industrija-4-0","8":"product_cat-mokymo-priemones-ir-iranga","9":"product_cat-simuliatoriai","10":"product_tag-industrija-4-0","11":"product_tag-industry-4-0","12":"product_tag-rfid-logistics-simulators","13":"product_tag-rfid-logistikos-simuliatoriai","14":"product_tag-simulators","15":"product_tag-simuliatoriai","16":"product_tag-smc-espana-s-a-u","18":"first","19":"onbackorder","20":"shipping-taxable","21":"purchasable","22":"product-type-variable"},"_links":{"self":[{"href":"https:\/\/labostera.lt\/lv\/wp-json\/wp\/v2\/product\/16845","targetHints":{"allow":["GET"]}}],"collection":[{"href":"https:\/\/labostera.lt\/lv\/wp-json\/wp\/v2\/product"}],"about":[{"href":"https:\/\/labostera.lt\/lv\/wp-json\/wp\/v2\/types\/product"}],"wp:featuredmedia":[{"embeddable":true,"href":"https:\/\/labostera.lt\/lv\/wp-json\/wp\/v2\/media\/16849"}],"wp:attachment":[{"href":"https:\/\/labostera.lt\/lv\/wp-json\/wp\/v2\/media?parent=16845"}],"wp:term":[{"taxonomy":"product_cat","embeddable":true,"href":"https:\/\/labostera.lt\/lv\/wp-json\/wp\/v2\/product_cat?post=16845"},{"taxonomy":"product_tag","embeddable":true,"href":"https:\/\/labostera.lt\/lv\/wp-json\/wp\/v2\/product_tag?post=16845"}],"curies":[{"name":"wp","href":"https:\/\/api.w.org\/{rel}","templated":true}]}}