{"id":16827,"date":"2023-11-30T08:21:32","date_gmt":"2023-11-30T08:21:32","guid":{"rendered":"http:\/\/labostera.lt\/?post_type=product&#038;p=16827"},"modified":"2024-01-23T13:05:32","modified_gmt":"2024-01-23T11:05:32","slug":"mechanikos-simuliatorius-smc-international-training-map-200-mechanics-simulator","status":"publish","type":"product","link":"https:\/\/labostera.lt\/lv\/priemones-ir-iranga\/mokymo-priemones-ir-iranga\/industrija-4-0\/mechanikos-simuliatorius-smc-international-training-map-200-mechanics-simulator\/","title":{"rendered":"Meh\u0101nikas simulators SMC International Training MAP-200 meh\u0101nikas simulators"},"content":{"rendered":"<h2><strong>SMC Espa\u00f1a SAU MAP-200 meh\u0101nikas simulators<\/strong><\/h2>\n<ul>\n<li><strong>MAP-200 s\u0113rija<\/strong>\n<ul>\n<li><strong>MAP-201, MAP-202, MAP-203 un MAP-204<\/strong>\n<ul>\n<li>Veic vienk\u0101r\u0161u mont\u0101\u017eas procesu, atveidojot sare\u017e\u0123\u012bt\u0101kus r\u016bpnieciskos procesus. Var ietvert TROUB-200 probl\u0113mu nov\u0113r\u0161anas simul\u0101cijas sist\u0113mu. Pieejams tr\u012bs da\u017e\u0101d\u0101s versij\u0101s: bez PLC, ar PLC vai k\u0101 mont\u0101\u017eas komplekts.<\/li>\n<\/ul>\n<\/li>\n<li><strong>MAP-205<\/strong>\n<ul>\n<li>Integr\u0113 \u010detras iepriek\u0161\u0113j\u0101s sist\u0113mas vien\u0101 visaptvero\u0161\u0101 mont\u0101\u017eas un demont\u0101\u017eas proces\u0101 un ietver TROUB-200 probl\u0113mu nov\u0113r\u0161anas sist\u0113mu.<\/li>\n<\/ul>\n<\/li>\n<li><strong>MAP-206<\/strong>\n<ul>\n<li>Paredz\u0113ts elektrisko izpildmeh\u0101nismu izstr\u0101dei.<\/li>\n<\/ul>\n<\/li>\n<li><strong>MAP-207<\/strong>\n<ul>\n<li>Ir dal\u012b\u0161anas manipulators, ko var vad\u012bt ar \u0101r\u0113ju PLC vai datoru ar autoSIM-200.<\/li>\n<\/ul>\n<\/li>\n<\/ul>\n<\/li>\n<li><strong>MAP-201 \u2013 Sadal\u012bt\u0101js ar detektoru un noraid\u012bt\u0101ju<\/strong>\n<ul>\n<li>Gravit\u0101cijas padev\u0113js ievieto deta\u013cas, katrai deta\u013cai ir asimetriska iek\u0161\u0113j\u0101 da\u013ca, un to izmet pneimatiskais cilindrs. Deta\u013cas pareizo novietojumu p\u0101rbauda, izmantojot cilindru ar virzuli. P\u0113c p\u0101rbaudes ov\u0101la pneimatisk\u0101 cilindra ier\u012bce p\u0101rvietoja sagatavi uz t\u0101s gal\u012bgo poz\u012bciju. Pret\u0113j\u0101 gad\u012bjum\u0101 viens darba cilindrs no\u0146em deta\u013cu caur evaku\u0101cijas iegrimi.<\/li>\n<li>Tiek pied\u0101v\u0101tas tr\u012bs versijas: ar PLC, bez PLC un k\u0101 mont\u0101\u017eas komplekts. Ir iek\u013cauta iesp\u0113ja integr\u0113t probl\u0113mu nov\u0113r\u0161anas lodzi\u0146u.<\/li>\n<\/ul>\n<\/li>\n<li><strong>MAP-202 \u2013 Vakuuma tur\u0113\u0161anas ier\u012bce ar divu v\u0101rpstu manipulatoru<\/strong>\n<ul>\n<li>Dekarta manipulators ar div\u0101m v\u0101rpst\u0101m, kas p\u0101rvieto deta\u013cu no vienas poz\u012bcijas uz citu, noturot to viet\u0101 ar tr\u012bs vakuuma palikt\u0146u komplektu.<\/li>\n<li>Tiek pied\u0101v\u0101tas tr\u012bs versijas: ar PLC, bez PLC un k\u0101 mont\u0101\u017eas komplekts. Ir iek\u013cauta iesp\u0113ja integr\u0113t probl\u0113mu nov\u0113r\u0161anas lodzi\u0146u.<\/li>\n<\/ul>\n<\/li>\n<li><strong>MAP-203 \u2013 Vertik\u0101lais v\u0113rp\u0161anas meh\u0101nisms ar iek\u0161\u0113jo tur\u0113t\u0101ja manipulatoru<\/strong>\n<ul>\n<li>\u0160is modulis izmanto v\u0101rpstu ar iek\u0161\u0113jo tur\u0113t\u0101ju, kas p\u0101rvieto deta\u013cu no vienas poz\u012bcijas uz citu.<\/li>\n<li>Tiek pied\u0101v\u0101tas tr\u012bs versijas: ar PLC, bez PLC un k\u0101 mont\u0101\u017eas komplekts. Ir iek\u013cauta iesp\u0113ja integr\u0113t probl\u0113mu nov\u0113r\u0161anas lodzi\u0146u.<\/li>\n<\/ul>\n<\/li>\n<li><strong>MAP-204 \u2013 Horizont\u0101ls roto-line\u0101rs manipulators ar \u0101r\u0113jo tur\u0113t\u0101ju<\/strong>\n<ul>\n<li>Tas sast\u0101v no roto-line\u0101ra manipulatora, kas izmanto \u0101r\u0113ju pneimatisko tur\u0113t\u0101ju, lai p\u0101rvietotu deta\u013cu no vienas poz\u012bcijas uz citu.<\/li>\n<li>Tiek pied\u0101v\u0101tas tr\u012bs versijas: ar PLC, bez PLC un k\u0101 mont\u0101\u017eas komplekts. Ir iek\u013cauta iesp\u0113ja integr\u0113t probl\u0113mu nov\u0113r\u0161anas lodzi\u0146u.<\/li>\n<\/ul>\n<\/li>\n<li><strong>MAP-205 \u2013 Integr\u0113ts risin\u0101jums: sav\u0101k\u0161anas mini\u0161\u016bna<\/strong>\n<ul>\n<li>MAP-205 integr\u0113 \u010detras didaktisk\u0101s manipulat\u012bv\u0101s sist\u0113mas, veidojot mont\u0101\u017eas mini\u0161\u016bnu. Tas veic piln\u012bgu \u010detrda\u013c\u012bgu mont\u0101\u017eas un demont\u0101\u017eas procesu.<\/li>\n<li>Tiek pied\u0101v\u0101ta iesp\u0113ja integr\u0113t komunik\u0101cijas saskarni, kas \u013cauj lietot\u0101jam att\u0101lin\u0101ti piek\u013c\u016bt PLC un veikt nepiecie\u0161amos att\u0101l\u0101s apkopes uzdevumus, izmantojot internetu.<\/li>\n<\/ul>\n<\/li>\n<li><strong>MAP-206 \u2013 Manipulators, kas izmanto elektrisk\u0101s izpildmeh\u0101nismus<\/strong>\n<ul>\n<li>MAP-206 ir lielisks veids, k\u0101 iepaz\u012bties ar elektriskajiem izpildmeh\u0101nismiem. \u0160aj\u0101 modul\u012b veikt\u0101 darb\u012bba sast\u0101v no met\u0101la deta\u013c\u0101m vien\u0101 no uzglab\u0101\u0161anas viet\u0101m.<\/li>\n<li>Tam ir tr\u012bs elektrisk\u0101s asis, no kur\u0101m divas ir servovad\u0101mas (X \u2013 Y), \u013caujot manipulatoram sasniegt jebkuru punktu noliktav\u0101 un mon\u0113tu konteiner\u0101. Otra (Z) ass sast\u0101v no elektrisk\u0101 cilindra, ko darbina iepriek\u0161 noteikts str\u0101vas avots, kur\u0101 deta\u013cu uzmav\u0101m ir ieb\u016bv\u0113ts elektromagn\u0113ts.<\/li>\n<li>MAP-206 ietver sk\u0101rienjut\u012bgu HMI ar ieb\u016bv\u0113tu PLC, kas nodro\u0161ina piek\u013cuvi sist\u0113mai un da\u017e\u0101diem darb\u012bbas re\u017e\u012bmiem.<\/li>\n<\/ul>\n<\/li>\n<li><strong>MAP-207 \u2013 Sadal\u012b\u0161anas ier\u012bce deta\u013cu klasific\u0113\u0161anai<\/strong>\n<ul>\n<li>MAP-207 veic automatiz\u0113tu da\u017e\u0101du materi\u0101lu un izm\u0113ru deta\u013cu (l\u012bdz 6 da\u017e\u0101du deta\u013cu veidiem) klasific\u0113\u0161anas un noraid\u012b\u0161anas procesu.<\/li>\n<li>Tas ir kompakts un viegli p\u0101rvietojams. Turkl\u0101t tas ir izstr\u0101d\u0101ts, izmantojot r\u016bpniec\u012bb\u0101 pla\u0161i izmantotas deta\u013cas. T\u0101 dizains ir elast\u012bgs un \u013cauj to vad\u012bt, izmantojot datoru ar autoSIM-200 vai \u0101r\u0113ju PLC.<\/li>\n<\/ul>\n<\/li>\n<\/ul>\n<h3>Meh\u0101ni\u0137i \u2013 Simulatori \u2013 <a href=\"http:\/\/labostera.lt\/lv\/product-brand\/smc-espana-s-a-u\/\" target=\"_blank\" rel=\"noopener\">SMC<\/a><\/h3>\n<p>Vair\u0101k inform\u0101cijas: <a href=\"https:\/\/www.smctraining.com\/en\/webpage\/indexpage\/391\" target=\"_blank\" rel=\"noopener nofollow\">ra\u017eot\u0101ja t\u012bmek\u013ca vietn\u0113<\/a> vai nos\u016btiet mums piepras\u012bjumu!<\/p>","protected":false},"excerpt":{"rendered":"<p><strong>Pied\u0101v\u0101jam pla\u0161u Sp\u0101nijas ra\u017eot\u0101ja &quot;SMC Espa\u00f1a SAU&quot; iek\u0101rtu izv\u0113li.<\/strong>, kura uz\u0146\u0113mums koncentr\u0113jas uz produktu un procesu efektivit\u0101tes nep\u0101rtrauktu uzlabo\u0161anu, cen\u0161oties pied\u0101v\u0101t lab\u0101kos tehnolo\u0123iskos risin\u0101jumus tehniski zin\u0101tnisk\u0101s p\u0113tniec\u012bbas un simul\u0101cijas nozar\u0113m kopum\u0101.<\/p>","protected":false},"featured_media":16839,"template":"","meta":[],"product_cat":[494,79,74],"product_tag":[498,497,511,512,490,491,487],"class_list":{"0":"post-16827","1":"product","2":"type-product","3":"status-publish","4":"has-post-thumbnail","6":"product_brand-smc-espana-s-a-u","7":"product_cat-industrija-4-0","8":"product_cat-mokymo-priemones-ir-iranga","9":"product_cat-simuliatoriai","10":"product_tag-industrija-4-0","11":"product_tag-industry-4-0","12":"product_tag-mechanics-simulators","13":"product_tag-mechanikos-simuliatoriai","14":"product_tag-simulators","15":"product_tag-simuliatoriai","16":"product_tag-smc-espana-s-a-u","18":"first","19":"onbackorder","20":"shipping-taxable","21":"purchasable","22":"product-type-variable"},"_links":{"self":[{"href":"https:\/\/labostera.lt\/lv\/wp-json\/wp\/v2\/product\/16827","targetHints":{"allow":["GET"]}}],"collection":[{"href":"https:\/\/labostera.lt\/lv\/wp-json\/wp\/v2\/product"}],"about":[{"href":"https:\/\/labostera.lt\/lv\/wp-json\/wp\/v2\/types\/product"}],"wp:featuredmedia":[{"embeddable":true,"href":"https:\/\/labostera.lt\/lv\/wp-json\/wp\/v2\/media\/16839"}],"wp:attachment":[{"href":"https:\/\/labostera.lt\/lv\/wp-json\/wp\/v2\/media?parent=16827"}],"wp:term":[{"taxonomy":"product_cat","embeddable":true,"href":"https:\/\/labostera.lt\/lv\/wp-json\/wp\/v2\/product_cat?post=16827"},{"taxonomy":"product_tag","embeddable":true,"href":"https:\/\/labostera.lt\/lv\/wp-json\/wp\/v2\/product_tag?post=16827"}],"curies":[{"name":"wp","href":"https:\/\/api.w.org\/{rel}","templated":true}]}}