{"id":16814,"date":"2023-11-30T07:42:38","date_gmt":"2023-11-30T07:42:38","guid":{"rendered":"http:\/\/labostera.lt\/?post_type=product&#038;p=16814"},"modified":"2024-01-23T12:59:44","modified_gmt":"2024-01-23T10:59:44","slug":"hidraulikos-simuliatorius-smc-international-training-hydromodel-200-hydraulics-simulator","status":"publish","type":"product","link":"https:\/\/labostera.lt\/lv\/priemones-ir-iranga\/mokymo-priemones-ir-iranga\/industrija-4-0\/hidraulikos-simuliatorius-smc-international-training-hydromodel-200-hydraulics-simulator\/","title":{"rendered":"Hidraulikas simulators SMC International Training HYDROMODEL-200 hidraulikas simulators"},"content":{"rendered":"<h2><strong>\u201eSMC Espa\u00f1a SAU HYDROMODEL-200 hidrauliskais un elektrohidrauliskais simulators<\/strong><\/h2>\n<ul>\n<li><strong>HIDROMODELIS-200<\/strong> \u013coti vizu\u0101li atbilst apm\u0101c\u012bbas vajadz\u012bb\u0101m, kas saist\u012btas ar hidrauliskajiem komponentiem. Komponenti sast\u0101v no caursp\u012bd\u012bga metakril\u0101ta korpusa ar iek\u0161\u0113jiem r\u016bpnieciskiem met\u0101la elementiem. Izmantojot \u0161o sist\u0113mu, ir iesp\u0113jams nov\u0113rot, k\u0101 komponenti darbojas, iepaz\u012bties ar tiem un izprast to darb\u012bbu.<\/li>\n<li><strong>Herm\u0113tiski savienojumi<\/strong> Caurules, k\u0101 ar\u012b da\u017e\u0101d\u0101s ier\u012bces ir savienotas, izmantojot \u0101tri nospie\u017eamus pa\u0161bl\u012bv\u0113jo\u0161us savienojumus NW4 1\/8\u201d. \u0160\u012b sist\u0113ma garant\u0113 maksim\u0101lu \u0161\u0137idruma integrit\u0101ti, nodro\u0161inot NULLES NOPL\u016aDI pat pievieno\u0161anas\/atvieno\u0161anas darb\u012bbu laik\u0101.<\/li>\n<li><strong>Pane\u013ca mont\u0101\u017ea<\/strong> Katrai sast\u0101vda\u013cai ir stiprin\u0101juma sist\u0113ma, kas pal\u012bdz \u0101tri un vienk\u0101r\u0161i sagatavoties praktiskiem uzdevumiem.<\/li>\n<li><strong>Komplekti<\/strong> HYDROMODEL-200 ir 3 standarta komplekti, kas paredz\u0113ti, lai apmierin\u0101tu apm\u0101c\u012bbas vajadz\u012bbas da\u017e\u0101dos izgl\u012bt\u012bbas l\u012bme\u0146os. Lietot\u0101ji var konfigur\u0113t personaliz\u0113tus komplektus atbilsto\u0161i sav\u0101m vajadz\u012bb\u0101m vai papildin\u0101t iepriek\u0161 ieg\u0101d\u0101to apr\u012bkojumu.\n<ul>\n<li>MOD-201: Caursp\u012bd\u012bgs hidraulisk\u0101 l\u012bme\u0146a I komplekts<\/li>\n<li>MOD-202: Caursp\u012bd\u012bgs hidraulisk\u0101 l\u012bme\u0146a II komplekts<\/li>\n<li>MOD-203: Caursp\u012bd\u012bgs elektrohidrauliskais komplekts<\/li>\n<\/ul>\n<\/li>\n<\/ul>\n<h3>Hidraulika \u2013 Simulatori \u2013 <a href=\"http:\/\/labostera.lt\/lv\/product-brand\/smc-espana-s-a-u\/\" target=\"_blank\" rel=\"noopener\">SMC<\/a><\/h3>\n<p>Vair\u0101k inform\u0101cijas: <a href=\"https:\/\/www.smctraining.com\/en\/webpage\/indexpage\/544\" target=\"_blank\" rel=\"noopener nofollow\">ra\u017eot\u0101ja t\u012bmek\u013ca vietn\u0113<\/a> vai nos\u016btiet mums piepras\u012bjumu!<\/p>","protected":false},"excerpt":{"rendered":"<p><strong>Pied\u0101v\u0101jam pla\u0161u Sp\u0101nijas ra\u017eot\u0101ja &quot;SMC Espa\u00f1a SAU&quot; iek\u0101rtu izv\u0113li.<\/strong>, kura uz\u0146\u0113mums koncentr\u0113jas uz produktu un procesu efektivit\u0101tes nep\u0101rtrauktu uzlabo\u0161anu, cen\u0161oties pied\u0101v\u0101t lab\u0101kos tehnolo\u0123iskos risin\u0101jumus tehniski zin\u0101tnisk\u0101s p\u0113tniec\u012bbas un simul\u0101cijas nozar\u0113m kopum\u0101.<\/p>","protected":false},"featured_media":16820,"template":"","meta":[],"product_cat":[494,79,74],"product_tag":[510,509,498,497,490,491,487],"class_list":{"0":"post-16814","1":"product","2":"type-product","3":"status-publish","4":"has-post-thumbnail","6":"product_brand-smc-espana-s-a-u","7":"product_cat-industrija-4-0","8":"product_cat-mokymo-priemones-ir-iranga","9":"product_cat-simuliatoriai","10":"product_tag-hidraulikos-simuliatoriai","11":"product_tag-hydraulics-simulators","12":"product_tag-industrija-4-0","13":"product_tag-industry-4-0","14":"product_tag-simulators","15":"product_tag-simuliatoriai","16":"product_tag-smc-espana-s-a-u","18":"first","19":"onbackorder","20":"shipping-taxable","21":"purchasable","22":"product-type-variable"},"_links":{"self":[{"href":"https:\/\/labostera.lt\/lv\/wp-json\/wp\/v2\/product\/16814","targetHints":{"allow":["GET"]}}],"collection":[{"href":"https:\/\/labostera.lt\/lv\/wp-json\/wp\/v2\/product"}],"about":[{"href":"https:\/\/labostera.lt\/lv\/wp-json\/wp\/v2\/types\/product"}],"wp:featuredmedia":[{"embeddable":true,"href":"https:\/\/labostera.lt\/lv\/wp-json\/wp\/v2\/media\/16820"}],"wp:attachment":[{"href":"https:\/\/labostera.lt\/lv\/wp-json\/wp\/v2\/media?parent=16814"}],"wp:term":[{"taxonomy":"product_cat","embeddable":true,"href":"https:\/\/labostera.lt\/lv\/wp-json\/wp\/v2\/product_cat?post=16814"},{"taxonomy":"product_tag","embeddable":true,"href":"https:\/\/labostera.lt\/lv\/wp-json\/wp\/v2\/product_tag?post=16814"}],"curies":[{"name":"wp","href":"https:\/\/api.w.org\/{rel}","templated":true}]}}