{"id":16759,"date":"2023-11-29T13:19:17","date_gmt":"2023-11-29T13:19:17","guid":{"rendered":"http:\/\/labostera.lt\/?post_type=product&#038;p=16759"},"modified":"2024-01-23T12:16:02","modified_gmt":"2024-01-23T10:16:02","slug":"simuliatorius-smc-international-training-sif-400-simulator","status":"publish","type":"product","link":"https:\/\/labostera.lt\/lv\/priemones-ir-iranga\/mokymo-priemones-ir-iranga\/industrija-4-0\/simuliatorius-smc-international-training-sif-400-simulator\/","title":{"rendered":"Simulators SMC International Training SIF-400 simulators"},"content":{"rendered":"<h2><strong>SMC Espa\u00f1a SAU SIF-400 simulators<\/strong><\/h2>\n<ul>\n<li><strong>SIF-400<\/strong> Apm\u0101c\u012bbas sist\u0113ma simul\u0113 augsti automatiz\u0113tu viedr\u016bpn\u012bcu, tostarp 4. r\u016bpniecisk\u0101s revol\u016bcijas tehnolo\u0123ijas, progres\u012bvus ra\u017eo\u0161anas procesus un savienot\u0101 uz\u0146\u0113muma realit\u0101ti.<\/li>\n<li><strong>Galven\u0101s iez\u012bmes:<\/strong>\n<ul>\n<li>Savienota un atv\u0113rta sist\u0113ma<\/li>\n<li>Piesl\u0113dz un lieto<\/li>\n<li>Elast\u012bgs un modul\u0101rs<\/li>\n<li>Re\u0101ls process<\/li>\n<li>Vad\u012bbas programmat\u016bra<\/li>\n<li>R\u016bpnieciskais lietu internets (IIoT)<\/li>\n<li>Ide\u0101li piem\u0113rots akad\u0113miskajam darbam un p\u0113tniec\u012bbai<\/li>\n<\/ul>\n<\/li>\n<li><strong>SIF-400<\/strong> \u013cauj ra\u017eot gan atsevi\u0161\u0137us konteinerus, gan konteineru iepakojumus. Atsevi\u0161\u0137u konteineru gad\u012bjum\u0101 klients izdod pas\u016bt\u012bjumu X sa\u0146\u0113m\u0113jiem, katram no tiem pie\u0161\u0137irot recepti. Konteineru pak\u0101m klients veic pas\u016bt\u012bjumu X pak\u0101m ar nepiecie\u0161amajiem konteineriem.<br \/>\n        <strong>SIF-400<\/strong> var p\u0101rvad\u0101t atsevi\u0161\u0137us konteinerus, konteineru pakas un paku paletes.\n    <\/li>\n<li>Ir pieejamas daudzas produktu konfigur\u0101cijas:\n<ul>\n<li>Tvertnes forma: kvadr\u0101tveida un apa\u013ca.<\/li>\n<li>Satura veids: ciets, \u0161\u0137idrs un piel\u0101gots.<\/li>\n<li>Satura konfigur\u0101cija: kr\u0101sa, pildvielas l\u012bmenis, sajauk\u0161anas attiec\u012bba utt.<\/li>\n<li>Konteineru skaits katr\u0101 iepakojum\u0101.<\/li>\n<li>Jaun\u0101k\u0101s pale\u0161u iepakojuma pakas.<\/li>\n<\/ul>\n<\/li>\n<li>Katrs <strong>SIF-400<\/strong> Sist\u0113mas aptur\u0113\u0161ana veic noteiktu procesu:\n<ul>\n<li><strong>SIF-401<\/strong> \u2013 Pale\u0161u un konteineru pieg\u0101des stacija<\/li>\n<li><strong>SIF-402<\/strong> \u2013 Konteineru uzpildes stacija \u2013 cieta<\/li>\n<li><strong>SIF-403<\/strong> \u2013 Konteineru uzpildes stacija \u2013 \u0161\u0137idrums<\/li>\n<li><strong>SIF-404<\/strong> \u2013 Konteineru uzpildes stacija \u2013 piel\u0101gots produkts<\/li>\n<li><strong>SIF-405<\/strong> \u2013 V\u0101ka aizb\u0101znis<\/li>\n<li><strong>SIF-406<\/strong> \u2013 Konteineru noliktavas pietura<\/li>\n<li><strong>SIF-407<\/strong> \u2013 Konteineru mar\u0137\u0113\u0161ana un nos\u016bt\u012b\u0161anas stacija<\/li>\n<li><strong>SIF-408<\/strong> \u2013 Konteineru iepako\u0161anas stacija<\/li>\n<li><strong>SIF-409<\/strong> \u2013 Paku noliktavas pietura<\/li>\n<li><strong>SIF-410<\/strong> \u2013 S\u016bt\u012bjumu nodo\u0161anas punkts<\/li>\n<li><strong>SIF-411<\/strong> \u2013 Iepakojuma pale\u0161u mar\u0137\u0113\u0161ana<\/li>\n<li><strong>SIF-412<\/strong> \u2013 S\u016bt\u012bjumu pale\u0161u nos\u016bt\u012b\u0161anas stacija<\/li>\n<li><strong>SIF-413<\/strong> \u2013 P\u0101rstr\u0101des stacija<\/li>\n<li><strong>SIF-414<\/strong> \u2013 Autonoms mobilais robots<\/li>\n<\/ul>\n<\/li>\n<li>Vis\u0101m stacij\u0101m ir \u0161\u0101das kop\u012bgas iez\u012bmes: alum\u012bnija pamatnes konstrukcija, kapacitat\u012bvs sk\u0101rienjut\u012bgs HMI displejs, ner\u016bs\u0113jo\u0161\u0101 t\u0113rauda priek\u0161puse ar iesl\u0113g\u0161anas\/izsl\u0113g\u0161anas pogu un av\u0101rijas pogu, konveijeru sist\u0113ma ar RFID\/BCR\/NFC*, elektriskie izpildmeh\u0101nismi*, r\u016bpnieciskais kontrolieris ar OPC UA serveri un izklied\u0113ts I\/O un ener\u0123ijas skait\u012bt\u0101js ar bezvadu p\u0101rraidi (s\u016bt\u012bt\u0101js).<br \/>\n        *Atkar\u012bgs no pieturas.\n    <\/li>\n<\/ul>\n<h3>Automatiz\u0101cija \u2013 Simulatori \u2013 <a href=\"http:\/\/labostera.lt\/lv\/product-brand\/smc-espana-s-a-u\/\" target=\"_blank\" rel=\"noopener\">SMC<\/a><\/h3>\n<p>Vair\u0101k inform\u0101cijas: <a href=\"https:\/\/www.smctraining.com\/en\/webpage\/indexpage\/1208\" target=\"_blank\" rel=\"noopener nofollow\">ra\u017eot\u0101ja t\u012bmek\u013ca vietn\u0113<\/a> vai nos\u016btiet mums piepras\u012bjumu!<\/p>","protected":false},"excerpt":{"rendered":"<p><strong>Pied\u0101v\u0101jam pla\u0161u Sp\u0101nijas ra\u017eot\u0101ja &quot;SMC Espa\u00f1a SAU&quot; iek\u0101rtu izv\u0113li.<\/strong>, kura uz\u0146\u0113mums koncentr\u0113jas uz produktu un procesu efektivit\u0101tes nep\u0101rtrauktu uzlabo\u0161anu, cen\u0161oties pied\u0101v\u0101t lab\u0101kos tehnolo\u0123iskos risin\u0101jumus tehniski zin\u0101tnisk\u0101s p\u0113tniec\u012bbas un simul\u0101cijas nozar\u0113m kopum\u0101.<\/p>","protected":false},"featured_media":16766,"template":"","meta":[],"product_cat":[494,79,74],"product_tag":[498,497,490,491,487],"class_list":{"0":"post-16759","1":"product","2":"type-product","3":"status-publish","4":"has-post-thumbnail","6":"product_brand-smc-espana-s-a-u","7":"product_cat-industrija-4-0","8":"product_cat-mokymo-priemones-ir-iranga","9":"product_cat-simuliatoriai","10":"product_tag-industrija-4-0","11":"product_tag-industry-4-0","12":"product_tag-simulators","13":"product_tag-simuliatoriai","14":"product_tag-smc-espana-s-a-u","16":"first","17":"onbackorder","18":"shipping-taxable","19":"purchasable","20":"product-type-variable"},"_links":{"self":[{"href":"https:\/\/labostera.lt\/lv\/wp-json\/wp\/v2\/product\/16759","targetHints":{"allow":["GET"]}}],"collection":[{"href":"https:\/\/labostera.lt\/lv\/wp-json\/wp\/v2\/product"}],"about":[{"href":"https:\/\/labostera.lt\/lv\/wp-json\/wp\/v2\/types\/product"}],"wp:featuredmedia":[{"embeddable":true,"href":"https:\/\/labostera.lt\/lv\/wp-json\/wp\/v2\/media\/16766"}],"wp:attachment":[{"href":"https:\/\/labostera.lt\/lv\/wp-json\/wp\/v2\/media?parent=16759"}],"wp:term":[{"taxonomy":"product_cat","embeddable":true,"href":"https:\/\/labostera.lt\/lv\/wp-json\/wp\/v2\/product_cat?post=16759"},{"taxonomy":"product_tag","embeddable":true,"href":"https:\/\/labostera.lt\/lv\/wp-json\/wp\/v2\/product_tag?post=16759"}],"curies":[{"name":"wp","href":"https:\/\/api.w.org\/{rel}","templated":true}]}}