{"id":16686,"date":"2023-11-29T11:32:21","date_gmt":"2023-11-29T11:32:21","guid":{"rendered":"http:\/\/labostera.lt\/?post_type=product&#038;p=16686"},"modified":"2024-01-23T11:02:08","modified_gmt":"2024-01-23T09:02:08","slug":"lanksti-integruota-montavimo-sistema-smc-international-training-mi-400-flexible-integrated-assembly-systems","status":"publish","type":"product","link":"https:\/\/labostera.lt\/lv\/priemones-ir-iranga\/mokymo-priemones-ir-iranga\/industrija-4-0\/lanksti-integruota-montavimo-sistema-smc-international-training-mi-400-flexible-integrated-assembly-systems\/","title":{"rendered":"Elast\u012bga integr\u0113ta mont\u0101\u017eas sist\u0113ma SMC International Training M&amp;I-400 Elast\u012bgas integr\u0113tas mont\u0101\u017eas sist\u0113mas"},"content":{"rendered":"<h2><strong>\u201eSMC Espa\u00f1a SAU M&amp;I-400 elast\u012bg\u0101 integr\u0113t\u0101 mont\u0101\u017eas sist\u0113ma<\/strong><\/h2>\n<ul>\n<li><strong>M&amp;I-400<\/strong> \u2013 m\u0101c\u012bbu sist\u0113ma, kas paredz\u0113ta tehnolo\u0123iju skolot\u0101jiem, kuri mekl\u0113 inovat\u012bvus veidus, k\u0101 pal\u012bdz\u0113t skol\u0113niem att\u012bst\u012bt prasmes un iepaz\u012bties ar piepras\u012bt\u0101kaj\u0101m mehatronikas un Industrijas 4.0 tehnolo\u0123ij\u0101m.<\/li>\n<li>Sniedz iesp\u0113ju \u012bstenot projektus un aktivit\u0101tes, kas motiv\u0113 studentus praktiskaj\u0101s nodarb\u012bb\u0101s, pateicoties integr\u0113tiem r\u016bpnieciskiem komponentiem un pievilc\u012bgam dizainam.<\/li>\n<li>Emul\u0113 \u013coti automatiz\u0113tu r\u016bpn\u012bcu, kur\u0101 tiek ra\u017eoti, iepakoti un pieg\u0101d\u0101ti da\u017e\u0101da veida produkti.<\/li>\n<li>Modul\u0101r\u0101 strukt\u016bra \u013cauj sist\u0113mu konfigur\u0113t atbilsto\u0161i lietot\u0101ja vajadz\u012bb\u0101m, nodro\u0161inot pak\u0101penisku izaugsmi laika gait\u0101.<\/li>\n<li>Nodro\u0161ina profesion\u0101lu apm\u0101c\u012bbas pieredzi, kas atbilst industri\u0101lajai realit\u0101tei, izmantojot standartiz\u0113tus nozares komponentus.<\/li>\n<li>Atbalsta ilgtsp\u0113j\u012bbu, izmantojot p\u0101rstr\u0101d\u0101jamus materi\u0101lus un izvairoties no vienreizlietojamiem pat\u0113ri\u0146a produktiem.<\/li>\n<li><strong>M&amp;I-400<\/strong> \u2013 Konceptu\u0101lais izk\u0101rtojums:\n<ul>\n<li><strong>MONT\u0100\u017dA:<\/strong> 9 sec\u012bgas stacijas, tostarp stacija \u201ePick to Light\u201d.<\/li>\n<li><strong>LO\u0122ISTIKA:<\/strong> 2 sec\u012bgas stacijas, tostarp iepako\u0161anas un nos\u016bt\u012b\u0161anas stacijas.<\/li>\n<\/ul>\n<\/li>\n<li><strong>M&amp;I-400 \u2013 Produkti:<\/strong>\n<ul>\n<li><strong>Pieejam\u0101s konfigur\u0101cijas opcijas:<\/strong> viedais (iProduct) vai vienk\u0101r\u0161ais sast\u0101vs.<\/li>\n<li><strong>Kr\u0101su iestat\u012bjumi:<\/strong> 6 viedi kr\u0101su un vienk\u0101r\u0161i daudzuma iestat\u012bjumi.<\/li>\n<li><strong>Iesp\u0113ja pak\u0101rt produktu sekund\u0101raj\u0101 iepakojum\u0101 (kast\u0113).<\/strong><\/li>\n<\/ul>\n<\/li>\n<li><strong>M&amp;I-400 \u2013 Stacijas:<\/strong>\n<ul>\n<li><strong>M&amp;I-401:<\/strong> Konteineru pieg\u0101des, p\u0101rbaudes un noraid\u012b\u0161anas stacija.<\/li>\n<li><strong>M&amp;I-402:<\/strong> iProduct pieg\u0101des stacija.<\/li>\n<li><strong>M&amp;I-403:<\/strong> Uzpildes stacija.<\/li>\n<li><strong>M&amp;I-404:<\/strong> V\u0101ku \u0161\u0137iro\u0161anas un padeves stacija.<\/li>\n<li><strong>M&amp;I-405:<\/strong> Trauc\u0113\u0161anas stacija.<\/li>\n<li><strong>M&amp;I-406:<\/strong> Gal\u012bg\u0101s p\u0101rbaudes un noraid\u012b\u0161anas stacija.<\/li>\n<li><strong>M&amp;I-407:<\/strong> Manu\u0101l\u0101s mijiedarb\u012bbas pal\u012bdz\u012bbas stacija.<\/li>\n<li><strong>M&amp;I-408:<\/strong> Pneimatisk\u0101 noliktavas stacija.<\/li>\n<li><strong>M&amp;I-409:<\/strong> Robotiz\u0113ta noliktavas stacija.<\/li>\n<li><strong>M&amp;I-410:<\/strong> Iepako\u0161anas stacija.<\/li>\n<li><strong>M&amp;I-411:<\/strong> Dispe\u010deru stacija.<\/li>\n<\/ul>\n<\/li>\n<li><strong>M&amp;I-400 \u2013 Tehnolo\u0123ijas:<\/strong>\n<ul>\n<li>Dizain\u0101 ir iek\u013cautas jaunas un pievilc\u012bgas tehnolo\u0123ijas.<\/li>\n<li>Modul\u0101ra konstrukcija, kas sast\u0101v no pieciem blokiem.<\/li>\n<li>Katrai stacijai ir DIVAS VAD\u012aBAS IER\u012aCES.<\/li>\n<\/ul>\n<\/li>\n<li><strong>M&amp;I-400 \u2013 pieejam\u0101s konfigur\u0101cijas:<\/strong> Modul\u0101r\u0101 un elast\u012bg\u0101 sist\u0113ma nodro\u0161ina daudzsl\u0101\u0146u konfigur\u0101cijas iesp\u0113jas, s\u0101kot no 2 stacij\u0101m l\u012bdz kopum\u0101 11 staciju sist\u0113mai.<\/li>\n<\/ul>\n<h3>Elast\u012bgas integr\u0113tas mont\u0101\u017eas sist\u0113mas \u2013 simulatori \u2013 <a href=\"http:\/\/labostera.lt\/lv\/product-brand\/smc-espana-s-a-u\/\" target=\"_blank\" rel=\"noopener\">SMC<\/a><\/h3>\n<p>Vair\u0101k inform\u0101cijas: <a href=\"https:\/\/www.smctraining.com\/en\/webpage\/indexpage\/1876\" target=\"_blank\" rel=\"noopener nofollow\">ra\u017eot\u0101ja t\u012bmek\u013ca vietn\u0113<\/a> vai nos\u016btiet mums piepras\u012bjumu!<\/p>","protected":false},"excerpt":{"rendered":"<p><strong>Pied\u0101v\u0101jam pla\u0161u Sp\u0101nijas ra\u017eot\u0101ja &quot;SMC Espa\u00f1a SAU&quot; iek\u0101rtu izv\u0113li.<\/strong>, kura uz\u0146\u0113mums koncentr\u0113jas uz produktu un procesu efektivit\u0101tes nep\u0101rtrauktu uzlabo\u0161anu, cen\u0161oties pied\u0101v\u0101t lab\u0101kos tehnolo\u0123iskos risin\u0101jumus tehniski zin\u0101tnisk\u0101s p\u0113tniec\u012bbas un simul\u0101cijas nozar\u0113m kopum\u0101.<\/p>","protected":false},"featured_media":16701,"template":"","meta":[],"product_cat":[494,79],"product_tag":[495,498,497,496,487],"class_list":{"0":"post-16686","1":"product","2":"type-product","3":"status-publish","4":"has-post-thumbnail","6":"product_brand-smc-espana-s-a-u","7":"product_cat-industrija-4-0","8":"product_cat-mokymo-priemones-ir-iranga","9":"product_tag-flexible-integrated-assembly-systems","10":"product_tag-industrija-4-0","11":"product_tag-industry-4-0","12":"product_tag-lankscios-integruotos-montavimo-sistemos","13":"product_tag-smc-espana-s-a-u","15":"first","16":"onbackorder","17":"shipping-taxable","18":"purchasable","19":"product-type-variable"},"_links":{"self":[{"href":"https:\/\/labostera.lt\/lv\/wp-json\/wp\/v2\/product\/16686","targetHints":{"allow":["GET"]}}],"collection":[{"href":"https:\/\/labostera.lt\/lv\/wp-json\/wp\/v2\/product"}],"about":[{"href":"https:\/\/labostera.lt\/lv\/wp-json\/wp\/v2\/types\/product"}],"wp:featuredmedia":[{"embeddable":true,"href":"https:\/\/labostera.lt\/lv\/wp-json\/wp\/v2\/media\/16701"}],"wp:attachment":[{"href":"https:\/\/labostera.lt\/lv\/wp-json\/wp\/v2\/media?parent=16686"}],"wp:term":[{"taxonomy":"product_cat","embeddable":true,"href":"https:\/\/labostera.lt\/lv\/wp-json\/wp\/v2\/product_cat?post=16686"},{"taxonomy":"product_tag","embeddable":true,"href":"https:\/\/labostera.lt\/lv\/wp-json\/wp\/v2\/product_tag?post=16686"}],"curies":[{"name":"wp","href":"https:\/\/api.w.org\/{rel}","templated":true}]}}