{"id":16654,"date":"2023-11-29T09:07:39","date_gmt":"2023-11-29T09:07:39","guid":{"rendered":"http:\/\/labostera.lt\/?post_type=product&#038;p=16654"},"modified":"2024-01-23T10:01:17","modified_gmt":"2024-01-23T08:01:17","slug":"lanksti-integruota-montavimo-sistema-smc-international-training-has-200-special-edition-i4-0-flexible-integrated-assembly-systems","status":"publish","type":"product","link":"https:\/\/labostera.lt\/lv\/priemones-ir-iranga\/mokymo-priemones-ir-iranga\/industrija-4-0\/lanksti-integruota-montavimo-sistema-smc-international-training-has-200-special-edition-i4-0-flexible-integrated-assembly-systems\/","title":{"rendered":"Elast\u012bgas integr\u0113tas mont\u0101\u017eas sist\u0113mas SMC International Training HAS-200 Special Edition I4.0 Elast\u012bgas integr\u0113tas mont\u0101\u017eas sist\u0113mas"},"content":{"rendered":"<h2><strong>\u201eSMC Espa\u00f1a SAU HAS-200 SE I4.0 elast\u012bg\u0101 integr\u0113t\u0101 mont\u0101\u017eas sist\u0113ma<\/strong><\/h2>\n<ul>\n<li><strong>HAS-200 Special Edition sist\u0113ma ar vair\u0101k\u0101m Industry 4.0 tehnolo\u0123ij\u0101m \u013cauj att\u012bst\u012bt vispiepras\u012bt\u0101k\u0101s prasmes augsti automatiz\u0113t\u0101 Industry 4.0 vid\u0113. \u0160is didaktiskais tehnolo\u0123isk\u0101s att\u012bst\u012bbas apr\u012bkojums \u013cauj apg\u016bt nepiecie\u0161am\u0101s prasmes da\u017e\u0101d\u0101s profesion\u0101laj\u0101s nozar\u0113s.<\/strong><br \/>\n        Papildus tehnolo\u0123ij\u0101m, kas ieviestas \u0161\u012bs sist\u0113mas standarta versij\u0101, \u012bpa\u0161aj\u0101 versij\u0101 ir iek\u013cautas papildu tehnolo\u0123ijas, kas padara \u0161o iek\u0101rtu par ide\u0101lu risin\u0101jumu vied\u0101s r\u016bpn\u012bcas realit\u0101tes emul\u0113\u0161anai ar jaun\u0101kaj\u0101m 4.0 tehnolo\u0123ij\u0101m.<\/li>\n<li><strong>PRODUKTS\/PROCES<\/strong> HAS-200 \u013cauj lietot\u0101jam ra\u017eot 19 da\u017e\u0101dus produktus. Izejmateri\u0101ls ietver konteinerus ar \u010detru veidu eti\u0137et\u0113m (sarkanu, zilu, dzeltenu un daudzkr\u0101su). Katra eti\u0137ete ietver sv\u012btrkodu, kas \u013cauj identific\u0113t produktu vis\u0101 proces\u0101, izmantojot katr\u0101 stacij\u0101 uzst\u0101d\u012btus BCR las\u012bt\u0101jus. Turkl\u0101t sist\u0113ma vair\u0101k\u0101s stacij\u0101s ietver ar\u012b RFID tehnolo\u0123iju, k\u0101 ar\u012b QR kodu, kas uzdruk\u0101ts uz unik\u0101las satura eti\u0137etes.<br \/>\n        Procesa laik\u0101 tiek m\u0113r\u012bts gan materi\u0101la svars, gan augstums. \u0160ie divi main\u012bgie tiek glab\u0101ti datub\u0101z\u0113 un \u013cauj \u0123ener\u0113t v\u0113sturiskos datus, kontroles diagrammas utt., izmantojot statistisk\u0101s procesa kontroles (SPC) moduli.<br \/>\n        Katra HAS-200 sist\u0113mas stacija veic da\u013cu no procesa.<\/li>\n<li><strong>HAS-201 SE I4.0: Daudzkr\u0101su konteineru padeve<\/strong> \u0160is pasts pieg\u0101d\u0101 sist\u0113mai tuk\u0161us konteinerus, kas ra\u017eo\u0161anas stacij\u0101s j\u0101piepilda ar daudzkr\u0101sain\u0101m p\u0113rl\u012bt\u0113m.<\/li>\n<li><strong>HAS-202 SE I4.0, HAS-203 SE I4.0 un HAS-204 SE I4.0: ra\u017eo\u0161ana<\/strong> Ra\u017eo\u0161anas stacijas veic attiec\u012bgi zilo (HAS-202 SE I4.0), dzelteno (HAS-203 SE I4.0) un sarkano (HAS-204 SE I4.0) konteineru padeves, pild\u012b\u0161anas un sv\u0113r\u0161anas procesus. Tas \u013cauj ar\u012b pild\u012bt daudzkr\u0101sainus konteinerus, kas pien\u0101k no HAS-201 SE I4.0 stacijas.<br \/>\n        Lai papla\u0161in\u0101tu \u0161o procesu staciju pied\u0101v\u0101to iesp\u0113ju kl\u0101stu, ir pievienotas \u0161\u0101das Industrijas 4.0 tehnolo\u0123ijas: papla\u0161in\u0101t\u0101 realit\u0101te (pieejama HAS-202 SE I4.0 \u2013 pneimatiskajai versijai, HAS-203 SE I4.0 un HAS-204 SE I4.0), sadarb\u012bbas robots (HAS-202 SE I4.0), IO-Link viedier\u012bces (HAS-203 SE I4.0), HMI (HAS-203 SE I4.0) un m\u0101ksl\u012bg\u0101 redze (HAS-204 SE I4.0).<\/li>\n<li><strong>HAS-205 SE I4.0 un HAS-206 SE I4.0: Verifik\u0101cija<\/strong> \u0160\u012bs divas stacijas ir paredz\u0113tas materi\u0101la augstuma m\u0113r\u012b\u0161anai konteiner\u0101. HAS-205 SE I4.0 stacija m\u0113r\u012bjumiem izmanto line\u0101ro kod\u0113t\u0101ju, savuk\u0101rt HAS-206 SE I4.0 stacija m\u0113r\u012bjumus veic, izmantojot line\u0101ro potenciometru.<br \/>\n        \u0160aj\u0101 gad\u012bjum\u0101 dro\u0161\u012bbas tehnolo\u0123ija ir iek\u013cauta HAS-206 SE I4.0 procesa stacij\u0101.<\/li>\n<li><strong>HAS-207 SE I4.0: Aizv\u0113r\u0161ana un mar\u0137\u0113\u0161ana<\/strong> \u0160aj\u0101 stacij\u0101 uz konteinera tiek uzlikts v\u0101ks, uz kura tiek uzdruk\u0101ta eti\u0137ete ar QR kodu, ko var izmantot gala produkta identific\u0113\u0161anai. \u0160is QR kods satur \u0161ifr\u0113tu inform\u0101ciju par produktu, ko var nolas\u012bt ar standarta mobilo 2D koda skeneri. Ekr\u0101n\u0101 redzamo inform\u0101ciju par produktu var defin\u0113t EdMES programmat\u016br\u0101.<br \/>\n        \u0160aj\u0101 stacij\u0101 ir iek\u013cautas RFID, QR un BCR identifik\u0101cijas tehnolo\u0123ijas.<\/li>\n<li><strong>HAS-208SE I4.0 un HAS-209 SE I4.0: vertik\u0101l\u0101 un horizont\u0101l\u0101 glab\u0101\u0161ana<\/strong> HAS-208SE I4.0: \u0160\u012b stacija \u013cauj uzglab\u0101t gan pusfabrik\u0101tus, gan gatavus konteinerus. Taj\u0101 var ietilpt l\u012bdz 81 konteineram. Uzglab\u0101\u0161anas \u0161\u016bnas ir izvietotas vertik\u0101li.<br \/>\n        HAS-209 SE I4.0: \u0160\u012b stacija uzglab\u0101 gan pusfabrik\u0101tus, gan gatavus konteinerus. Taj\u0101 var ietilpt l\u012bdz 56 konteineriem. Uzglab\u0101\u0161anas \u0161\u016bnas ir izvietotas horizont\u0101li.<br \/>\n        Abi uzglab\u0101\u0161anas veidi ietver t\u0101das Industrijas 4.0 tehnolo\u0123ijas k\u0101 HMI un elektrisk\u0101s izpildmeh\u0101nismus.<\/li>\n<li><strong>HAS-210 SE I4.0: Eksped\u012bcija<\/strong> \u0160\u012b stacija iz\u0146em gala produktu no procesa, novietojot to uz div\u0101m iekrau\u0161anas un izkrau\u0161anas ramp\u0101m. \u0160\u012b stacija ir pieejama div\u0101s versij\u0101s: ar pneimatisko manipulatoru vai sadarb\u012bbas robotu.<\/li>\n<li><strong>HAS-211: Izejvielu uzglab\u0101\u0161ana<\/strong> \u0160\u012b stacija \u013cauj uzglab\u0101t izejvielas: konteinerus, v\u0101kus un &quot;p\u0113rles&quot; da\u017e\u0101d\u0101s kr\u0101s\u0101s: zil\u0101, dzelten\u0101 un sarkan\u0101.<\/li>\n<li><strong>HAS-212: P\u0101rstr\u0101des stacija<\/strong> \u0160\u012b stacija klasific\u0113 HAS-200 SE I4.0 izmantoto apjukumu p\u0113c kr\u0101sas.<\/li>\n<li><strong>Kontrolpunkts<\/strong> Tas ietver koplietojamu gaisa padeves un baro\u0161anas t\u012bklu, koplietojamu av\u0101rijas dienestu, komutatora Ethernet t\u012bklu un WiFi piek\u013cuves punktu. Nav iek\u013cauts kl\u0113pjdatora standarta apr\u012bkojum\u0101.<\/li>\n<\/ul>\n<h3>Elast\u012bgas integr\u0113tas mont\u0101\u017eas sist\u0113mas \u2013 simulatori \u2013 <a href=\"http:\/\/labostera.lt\/lv\/product-brand\/smc-espana-s-a-u\/\" target=\"_blank\" rel=\"noopener\">SMC<\/a><\/h3>\n<p>Vair\u0101k inform\u0101cijas: <a href=\"https:\/\/www.smctraining.com\/en\/webpage\/indexpage\/1598\" target=\"_blank\" rel=\"noopener nofollow\">ra\u017eot\u0101ja t\u012bmek\u013ca vietn\u0113<\/a> vai nos\u016btiet mums piepras\u012bjumu!<\/p>","protected":false},"excerpt":{"rendered":"<p><strong>Pied\u0101v\u0101jam pla\u0161u Sp\u0101nijas ra\u017eot\u0101ja &quot;SMC Espa\u00f1a SAU&quot; iek\u0101rtu izv\u0113li.<\/strong>, kura uz\u0146\u0113mums koncentr\u0113jas uz produktu un procesu efektivit\u0101tes nep\u0101rtrauktu uzlabo\u0161anu, cen\u0161oties pied\u0101v\u0101t lab\u0101kos tehnolo\u0123iskos risin\u0101jumus tehniski zin\u0101tnisk\u0101s p\u0113tniec\u012bbas un simul\u0101cijas nozar\u0113m kopum\u0101.<\/p>","protected":false},"featured_media":16669,"template":"","meta":[],"product_cat":[494,79],"product_tag":[495,498,497,496,487],"class_list":{"0":"post-16654","1":"product","2":"type-product","3":"status-publish","4":"has-post-thumbnail","6":"product_brand-smc-espana-s-a-u","7":"product_cat-industrija-4-0","8":"product_cat-mokymo-priemones-ir-iranga","9":"product_tag-flexible-integrated-assembly-systems","10":"product_tag-industrija-4-0","11":"product_tag-industry-4-0","12":"product_tag-lankscios-integruotos-montavimo-sistemos","13":"product_tag-smc-espana-s-a-u","15":"first","16":"onbackorder","17":"shipping-taxable","18":"purchasable","19":"product-type-variable"},"_links":{"self":[{"href":"https:\/\/labostera.lt\/lv\/wp-json\/wp\/v2\/product\/16654","targetHints":{"allow":["GET"]}}],"collection":[{"href":"https:\/\/labostera.lt\/lv\/wp-json\/wp\/v2\/product"}],"about":[{"href":"https:\/\/labostera.lt\/lv\/wp-json\/wp\/v2\/types\/product"}],"wp:featuredmedia":[{"embeddable":true,"href":"https:\/\/labostera.lt\/lv\/wp-json\/wp\/v2\/media\/16669"}],"wp:attachment":[{"href":"https:\/\/labostera.lt\/lv\/wp-json\/wp\/v2\/media?parent=16654"}],"wp:term":[{"taxonomy":"product_cat","embeddable":true,"href":"https:\/\/labostera.lt\/lv\/wp-json\/wp\/v2\/product_cat?post=16654"},{"taxonomy":"product_tag","embeddable":true,"href":"https:\/\/labostera.lt\/lv\/wp-json\/wp\/v2\/product_tag?post=16654"}],"curies":[{"name":"wp","href":"https:\/\/api.w.org\/{rel}","templated":true}]}}