{"id":16635,"date":"2023-11-29T07:39:07","date_gmt":"2023-11-29T07:39:07","guid":{"rendered":"http:\/\/labostera.lt\/?post_type=product&#038;p=16635"},"modified":"2024-01-23T09:16:50","modified_gmt":"2024-01-23T07:16:50","slug":"lanksti-integruota-montavimo-sistema-smc-international-training-fms-200-flexible-integrated-assembly-systems","status":"publish","type":"product","link":"https:\/\/labostera.lt\/lv\/priemones-ir-iranga\/mokymo-priemones-ir-iranga\/industrija-4-0\/lanksti-integruota-montavimo-sistema-smc-international-training-fms-200-flexible-integrated-assembly-systems\/","title":{"rendered":"Elast\u012bga integr\u0113ta mont\u0101\u017eas sist\u0113ma SMC International Training FMS-200 Elast\u012bgas integr\u0113tas mont\u0101\u017eas sist\u0113mas"},"content":{"rendered":"<h2><strong>SMC Espa\u00f1a SAU FMS-200 elast\u012bg\u0101 integr\u0113t\u0101 mont\u0101\u017eas sist\u0113ma<\/strong><\/h2>\n<ul>\n<li><strong>\u0160\u012bs elast\u012bg\u0101s automatiz\u0101cijas \u0161\u016bnas modul\u0101r\u0101s funkcijas \u013cauj t\u0101s stacij\u0101s iek\u013caut vari\u0101cijas, lai piel\u0101gotos da\u017e\u0101du uz\u0146\u0113mumu un m\u0101c\u012bbu centru vajadz\u012bb\u0101m. No vienk\u0101r\u0161as vienas stacijas konfigur\u0101cijas (kas darbojas piln\u012bgi autonomi) l\u012bdz sare\u017e\u0123\u012btai konfigur\u0101cijai ar asto\u0146\u0101m vai desmit stacij\u0101m \u2014 iesp\u0113jas ir bezgal\u012bgas.<\/strong><br \/>\nTurkl\u0101t tas atvieglo pak\u0101peniskas invest\u012bcijas, t.\u00a0i., s\u0101kot ar s\u0101kotn\u0113jo vienk\u0101r\u0161u konfigur\u0101ciju, kuru ir viegli uzlabot, pievienojot darbstacijas.<br \/>\nVisas FMS-200 sast\u0101vda\u013cas tiek izmantotas r\u016bpniec\u012bb\u0101, t\u0101p\u0113c lietot\u0101js vienm\u0113r var str\u0101d\u0101t ar re\u0101liem elementiem, pal\u012bdzot apg\u016bt procesu.<br \/>\nSist\u0113ma aptver visu baro\u0161anas, transport\u0113\u0161anas, p\u0101rbaudes un iekrau\u0161anas darb\u012bbu kl\u0101stu utt., izmantojot komponentus no da\u017e\u0101d\u0101m tehnolo\u0123ij\u0101m (pneimatika, hidraulika, sensori, robotika, komunik\u0101cija, vad\u012bba un HMI).<br \/>\nFMS-200 ietver k\u013c\u016bmju simul\u0101cijas sist\u0113mu, kas \u0123ener\u0113 l\u012bdz pat 16 da\u017e\u0101d\u0101m k\u013c\u016bm\u0113m, kuras diagnostic\u0113 lietot\u0101js.<br \/>\nRot\u0101cijas meh\u0101nismu salika da\u017e\u0101das procesa stacijas. Lai sist\u0113mai nodro\u0161in\u0101tu liel\u0101ku elast\u012bbu, stacijas piel\u0101gojas da\u017e\u0101diem mezgliem, ievie\u0161ot materi\u0101lu, kr\u0101su un deta\u013cu izm\u0113ru vari\u0101cijas. Visu \u0161o opciju kombin\u0101cija \u013cauj ieg\u016bt l\u012bdz pat 24 da\u017e\u0101diem mezgliem, kas \u013cauj izmantot ra\u017eo\u0161anas kontroles strat\u0113\u0123ijas.<br \/>\nVad\u012bbas panelis ir piln\u012bb\u0101 modul\u0101rs un to var \u0101tri demont\u0113t, lai lietot\u0101js var\u0113tu izveidot un integr\u0113t jaunu vad\u012bbas ier\u012bci.<\/li>\n<li><strong>Katra FMS-200 stacija veic vienu procesa da\u013cu:<\/strong>\n<ul>\n<li>FMS-201: <strong>M\u0101jok\u013cu pied\u0101v\u0101jums<\/strong> \u2013 \u0160\u012b stacija nodro\u0161ina pamatni, kas kalpo par pamatu saliktajam produktam.<\/li>\n<li>FMS-202: <strong>Gult\u0146u izv\u0113le\/pieg\u0101de<\/strong> \u2013 \u0160aj\u0101 stacij\u0101 gultnis tiek salikts pamatkorpus\u0101.<\/li>\n<li>FMS-203: <strong>Hidraulisk\u0101 prese<\/strong> \u2013 \u0160aj\u0101 f\u0101z\u0113 iepriek\u0161\u0113j\u0101 stacij\u0101 uzst\u0101d\u012btais gultnis tiek nostiprin\u0101ts, izmantojot hidraulisko cilindru.<\/li>\n<li>FMS-204: <strong>V\u0101rpstas izv\u0113le\/pieg\u0101de<\/strong> \u2013 V\u0101rpsta ir ievietota izstr\u0101d\u0101jum\u0101. Ir divu veidu v\u0101rpstas, kas izgatavotas no da\u017e\u0101diem materi\u0101liem: alum\u012bnija un neilona.<\/li>\n<li>FMS-205: <strong>V\u0101ka izv\u0113le\/pieg\u0101de<\/strong> \u2013 \u0160\u012b stacija ievieto v\u0101ku deta\u013cu mont\u0101\u017e\u0101. Ir 6 da\u017e\u0101di v\u0101ki: atkar\u012bb\u0101 no materi\u0101la, kr\u0101sas un augstuma.<\/li>\n<li>FMS-206: <strong>Skr\u016bvju padeve<\/strong> \u2013 \u0160\u012b stacija ievieto sagataves pamatn\u0113 \u010detras skr\u016bves.<\/li>\n<li>FMS-207: <strong>Robotu sacens\u012bbas<\/strong> \u2013 Sept\u012btaj\u0101 FMS-200 stacij\u0101 ir uzst\u0101d\u012bta robotikas tehnolo\u0123ija. Robots ir ieskr\u016bv\u0113ts \u010detr\u0101s skr\u016bv\u0113s, kas tika ievietotas produkt\u0101 iepriek\u0161\u0113j\u0101 stacij\u0101.<\/li>\n<li>FMS-208: <strong>Automatiz\u0113ta noliktava<\/strong> \u2013 \u0160aj\u0101 stacij\u0101 tiek uzglab\u0101ti gatavie produkti.<\/li>\n<li>FMS-209: <strong>Kr\u0101so\u0161ana \u017e\u0101v\u0113t\u0101j\u0101<\/strong> \u2013 \u0160aj\u0101 uzst\u0101d\u012b\u0161anas f\u0101z\u0113 tiek simul\u0113ts \u017e\u0101v\u0113\u0161anas process, izmantojot polikarbon\u0101ta \u017e\u0101v\u0113t\u0101ju.<\/li>\n<li>FMS-210: <strong>Kvalit\u0101tes kontrole, izmantojot m\u0101ksl\u012bgo redzi<\/strong> \u2013 \u0160\u012bs stacijas iek\u013cau\u0161ana FMS-200 saim\u0113 noz\u012bm\u0113 kvalit\u0101tes kontroles tehnolo\u0123ijas integr\u0101ciju, izmantojot m\u0101ksl\u012bgo redzi. Deta\u013ca tiek p\u0101rvietota uz p\u0101rbaudes poz\u012bciju, kur m\u0101ksl\u012bg\u0101s redzes kamera to sal\u012bdzina ar k\u0101du zin\u0101mi labu deta\u013cu. Izm\u0113rs, forma, tr\u016bksto\u0161ie caurumi \u2013 visu to var p\u0101rbaud\u012bt.<\/li>\n<\/ul>\n<\/li>\n<li><strong>P\u0101rraides sist\u0113ma:<\/strong>\n<ul>\n<li><strong>Line\u0101rs transports<\/strong> \u2013 \u0160\u012b ir stacion\u0101ra transporta sist\u0113ma, kur\u0101 cirkul\u0113 paletes ar sagatav\u0113m.<\/li>\n<li><strong>Modul\u0101ra transport\u0113\u0161ana<\/strong> \u2013 \u0160aj\u0101 FMS-200 versij\u0101 katrai stacijai ir atsevi\u0161\u0137a p\u0101rs\u016bt\u012b\u0161anas sada\u013ca. Var izveidot daudzas izk\u0101rtojuma kombin\u0101cijas, ar iesp\u0113ju savienot stacijas 90\u00b0 vai 180\u00b0 le\u0146\u0137\u012b (sekcija izliekt\u0101, taisn\u0101 posm\u0101).<\/li>\n<\/ul>\n<\/li>\n<\/ul>\n<h3>Elast\u012bgas integr\u0113tas mont\u0101\u017eas sist\u0113mas \u2013 simulatori \u2013 <a href=\"http:\/\/labostera.lt\/lv\/product-brand\/smc-espana-s-a-u\/\" target=\"_blank\" rel=\"noopener\">SMC<\/a><\/h3>\n<p>Vair\u0101k inform\u0101cijas: <a href=\"https:\/\/www.smctraining.com\/en\/webpage\/indexpage\/431\" target=\"_blank\" rel=\"noopener nofollow\">ra\u017eot\u0101ja t\u012bmek\u013ca vietn\u0113<\/a> vai nos\u016btiet mums piepras\u012bjumu!<\/p>","protected":false},"excerpt":{"rendered":"<p><strong>Pied\u0101v\u0101jam pla\u0161u Sp\u0101nijas ra\u017eot\u0101ja &quot;SMC Espa\u00f1a SAU&quot; iek\u0101rtu izv\u0113li.<\/strong>, kura uz\u0146\u0113mums koncentr\u0113jas uz produktu un procesu efektivit\u0101tes nep\u0101rtrauktu uzlabo\u0161anu, cen\u0161oties pied\u0101v\u0101t lab\u0101kos tehnolo\u0123iskos risin\u0101jumus tehniski zin\u0101tnisk\u0101s p\u0113tniec\u012bbas un simul\u0101cijas nozar\u0113m kopum\u0101.<\/p>","protected":false},"featured_media":16638,"template":"","meta":[],"product_cat":[494,79],"product_tag":[495,498,497,496,487],"class_list":{"0":"post-16635","1":"product","2":"type-product","3":"status-publish","4":"has-post-thumbnail","6":"product_brand-smc-espana-s-a-u","7":"product_cat-industrija-4-0","8":"product_cat-mokymo-priemones-ir-iranga","9":"product_tag-flexible-integrated-assembly-systems","10":"product_tag-industrija-4-0","11":"product_tag-industry-4-0","12":"product_tag-lankscios-integruotos-montavimo-sistemos","13":"product_tag-smc-espana-s-a-u","15":"first","16":"onbackorder","17":"shipping-taxable","18":"purchasable","19":"product-type-variable"},"_links":{"self":[{"href":"https:\/\/labostera.lt\/lv\/wp-json\/wp\/v2\/product\/16635","targetHints":{"allow":["GET"]}}],"collection":[{"href":"https:\/\/labostera.lt\/lv\/wp-json\/wp\/v2\/product"}],"about":[{"href":"https:\/\/labostera.lt\/lv\/wp-json\/wp\/v2\/types\/product"}],"wp:featuredmedia":[{"embeddable":true,"href":"https:\/\/labostera.lt\/lv\/wp-json\/wp\/v2\/media\/16638"}],"wp:attachment":[{"href":"https:\/\/labostera.lt\/lv\/wp-json\/wp\/v2\/media?parent=16635"}],"wp:term":[{"taxonomy":"product_cat","embeddable":true,"href":"https:\/\/labostera.lt\/lv\/wp-json\/wp\/v2\/product_cat?post=16635"},{"taxonomy":"product_tag","embeddable":true,"href":"https:\/\/labostera.lt\/lv\/wp-json\/wp\/v2\/product_tag?post=16635"}],"curies":[{"name":"wp","href":"https:\/\/api.w.org\/{rel}","templated":true}]}}