{"id":16630,"date":"2023-11-27T13:52:39","date_gmt":"2023-11-27T13:52:39","guid":{"rendered":"http:\/\/labostera.lt\/?post_type=product&#038;p=16630"},"modified":"2024-02-20T13:30:19","modified_gmt":"2024-02-20T11:30:19","slug":"automatizavimo-simuliatorius-smc-international-training-autosim-200-automation-simulator","status":"publish","type":"product","link":"https:\/\/labostera.lt\/lv\/priemones-ir-iranga\/mokymo-priemones-ir-iranga\/industrija-4-0\/automatizavimo-simuliatorius-smc-international-training-autosim-200-automation-simulator\/","title":{"rendered":"Automatiz\u0101cijas simulators SMC International Training autoSIM-200 automatiz\u0101cijas simulators"},"content":{"rendered":"<h2><strong>\u201eSMC Espa\u00f1a SAU autoSIM-200 automatiz\u0101cijas simulators<\/strong><\/h2>\n<ul>\n<li><strong>autoSIM-200 ir automatiz\u0101cijas tehnolo\u0123iju apm\u0101c\u012bbas programmat\u016bra,<\/strong> \u013caujot lietot\u0101jam p\u0101rbaud\u012bt savas programmas virtu\u0101l\u0101 sist\u0113m\u0101 pirms to izvieto\u0161anas fizisk\u0101 sist\u0113m\u0101. Tas ir ide\u0101ls papildin\u0101jums apm\u0101c\u012bbas apr\u012bkojumam, kas savuk\u0101rt \u013cauj efekt\u012bv\u0101k izmantot laboratoriju. To var izmantot ar\u012b neatkar\u012bgi no faktiskaj\u0101m apm\u0101c\u012bbas sist\u0113m\u0101m.<\/li>\n<li><strong>autoSIM-200 nodro\u0161ina dinamisku projekt\u0113\u0161anu un simul\u0101ciju, k\u0101 ar\u012b 2D un 3D virtu\u0101lo ma\u0161\u012bnu vad\u012bbu<\/strong> (lietot\u0101ja defin\u0113ts vai izveidots SMC International Training).<\/li>\n<li><strong>autoSIM-200 ietver virtu\u0101lu PLC, lai vad\u012btu sh\u0113mas\/mode\u013cus simul\u0101cij\u0101, un nodro\u0161ina sazi\u0146u ar m\u016bsu pla\u0161o apm\u0101c\u012bbu sist\u0113mu kl\u0101stu.<\/strong><\/li>\n<li><strong>Dizains un simul\u0101cija<\/strong>\n<ul>\n<li>Ar autoSIM-200 var veikt dinamiskas, daudzkr\u0101su simul\u0101cijas, izmantojot pneimatisk\u0101s, elektropneimatisk\u0101s, hidraulisk\u0101s, elektrohidraulisk\u0101s, elektrisk\u0101s un elektronisk\u0101s sh\u0113mas.<\/li>\n<li>Ir iesp\u0113jams ar\u012b veikt matem\u0101tiskos sist\u0113mu mode\u013cus un ieg\u016bt un apstr\u0101d\u0101t elektriskos sign\u0101lus (instrument\u0101cija).<\/li>\n<li>Bibliot\u0113kas komponentu kategorijas tiek par\u0101d\u012btas nolai\u017eamaj\u0101s izv\u0113ln\u0113s, kur\u0101s ir redzami atsevi\u0161\u0137i standartiz\u0113ti simboli. Taj\u0101 ir iek\u013cauti parastie un proporcion\u0101lie pneimatiskie un hidrauliskie v\u0101rsti.<\/li>\n<li>autoSIM-200 var savienot da\u017e\u0101dus blokus (virtu\u0101los PLC, 2D, 3D mode\u013cus utt.).<\/li>\n<\/ul>\n<\/li>\n<li><strong>Programm\u0113\u0161ana<\/strong>\n<ul>\n<li>Ar autoSIM-200 var izveidot Grafcet diagrammas, k\u0101pnes, logigrammas (lo\u0123iskos v\u0101rtus) un funkciju blokus ar struktur\u0113tu tekstu. Kad simul\u0101cija ir palaista, lietojumprogrammu var uzraudz\u012bt un vad\u012bt soli pa solim.<\/li>\n<li>Tas var ar\u012b \u0123ener\u0113t simbolu tabulas main\u012bgo adres\u0113\u0161anai un taimeru, skait\u012bt\u0101ju u.\u00a0c. izveidei.<\/li>\n<\/ul>\n<\/li>\n<li><strong>Uzraudz\u012bba un kontrole<\/strong>\n<ul>\n<li>Izmantojot autoSIM-200, var uzraudz\u012bt un kontrol\u0113t 3D procesus. Izmantojot datu ieguves karti (SAI2443), var uzraudz\u012bt un kontrol\u0113t fiziskos ievades un izvades punktus.<\/li>\n<li>\u0160\u012b programma var import\u0113t 3D mode\u013cus no 3D Studio un Solidworks. SMC International Training pied\u0101v\u0101 virkni produktu opciju, kas ir gatavas darbam ar sist\u0113mu (skatiet sada\u013cu 3D opcijas).<\/li>\n<li>Sazi\u0146a ar re\u0101lu, fizisku apr\u012bkojumu ir iesp\u0113jama, izmantojot OPC serveri un I\/O kartes.<\/li>\n<\/ul>\n<\/li>\n<\/ul>\n<h3>Automatiz\u0101cija \u2013 Automatiz\u0101cija \u2013 Simulatori \u2013 <a href=\"http:\/\/labostera.lt\/lv\/product-brand\/smc-espana-s-a-u\/\" target=\"_blank\" rel=\"noopener\">SMC<\/a><\/h3>\n<p>Vair\u0101k inform\u0101cijas: <a href=\"https:\/\/www.smctraining.com\/en\/webpage\/indexpage\/335\" target=\"_blank\" rel=\"noopener nofollow\">ra\u017eot\u0101ja t\u012bmek\u013ca vietn\u0113<\/a> vai nos\u016btiet mums piepras\u012bjumu!<\/p>","protected":false},"excerpt":{"rendered":"<p><strong>Pied\u0101v\u0101jam pla\u0161u Sp\u0101nijas ra\u017eot\u0101ja &quot;SMC Espa\u00f1a SAU&quot; iek\u0101rtu izv\u0113li.<\/strong>, kura uz\u0146\u0113mums koncentr\u0113jas uz produktu un procesu efektivit\u0101tes nep\u0101rtrauktu uzlabo\u0161anu, cen\u0161oties pied\u0101v\u0101t lab\u0101kos tehnolo\u0123iskos risin\u0101jumus tehniski zin\u0101tnisk\u0101s p\u0113tniec\u012bbas un simul\u0101cijas nozar\u0113m kopum\u0101.<\/p>","protected":false},"featured_media":16632,"template":"","meta":[],"product_cat":[494,79,74],"product_tag":[492,493,498,497,488,490,491,487,489],"class_list":{"0":"post-16630","1":"product","2":"type-product","3":"status-publish","4":"has-post-thumbnail","6":"product_brand-smc-espana-s-a-u","7":"product_cat-industrija-4-0","8":"product_cat-mokymo-priemones-ir-iranga","9":"product_cat-simuliatoriai","10":"product_tag-automation-simulators","11":"product_tag-automatizavimo-simuliatoriai","12":"product_tag-industrija-4-0","13":"product_tag-industry-4-0","14":"product_tag-programines-irangos","15":"product_tag-simulators","16":"product_tag-simuliatoriai","17":"product_tag-smc-espana-s-a-u","18":"product_tag-softwares","20":"first","21":"onbackorder","22":"shipping-taxable","23":"purchasable","24":"product-type-variable"},"_links":{"self":[{"href":"https:\/\/labostera.lt\/lv\/wp-json\/wp\/v2\/product\/16630","targetHints":{"allow":["GET"]}}],"collection":[{"href":"https:\/\/labostera.lt\/lv\/wp-json\/wp\/v2\/product"}],"about":[{"href":"https:\/\/labostera.lt\/lv\/wp-json\/wp\/v2\/types\/product"}],"wp:featuredmedia":[{"embeddable":true,"href":"https:\/\/labostera.lt\/lv\/wp-json\/wp\/v2\/media\/16632"}],"wp:attachment":[{"href":"https:\/\/labostera.lt\/lv\/wp-json\/wp\/v2\/media?parent=16630"}],"wp:term":[{"taxonomy":"product_cat","embeddable":true,"href":"https:\/\/labostera.lt\/lv\/wp-json\/wp\/v2\/product_cat?post=16630"},{"taxonomy":"product_tag","embeddable":true,"href":"https:\/\/labostera.lt\/lv\/wp-json\/wp\/v2\/product_tag?post=16630"}],"curies":[{"name":"wp","href":"https:\/\/api.w.org\/{rel}","templated":true}]}}