{"id":16577,"date":"2023-11-23T10:44:27","date_gmt":"2023-11-23T10:44:27","guid":{"rendered":"http:\/\/labostera.lt\/?post_type=product&#038;p=16577"},"modified":"2024-01-25T15:11:49","modified_gmt":"2024-01-25T13:11:49","slug":"centrifuga-ortoalresa-digtor-22-centrifuge","status":"publish","type":"product","link":"https:\/\/labostera.lt\/lv\/priemones-ir-iranga\/laboratorine-iranga\/bendra-laboratorine-iranga\/centrifugos\/centrifuga-ortoalresa-digtor-22-centrifuge\/","title":{"rendered":"Centrif\u016bga ORTHOALRESA Digtor 22 centrif\u016bga"},"content":{"rendered":"<h2><strong>&quot;ORTOALRESA Alvarez Redondo SA&quot; Digtor 22 centrif\u016bga<\/strong><\/h2>\n<ul>\n<li>\n        Centrif\u016bga, kas paredz\u0113ta lieto\u0161anai uz galda, ir apr\u012bkota ar lielu ietilp\u012bbu un augstu veiktsp\u0113ju. Tas ir apr\u012bkots ar pla\u0161u piederumu kl\u0101stu, kas \u013cauj apstr\u0101d\u0101t t\u016bbi\u0146as no 750 ml. l\u012bdz 0,2 ml. vair\u0101k nek\u0101 12 rotori, ieskaitot fiks\u0113ta le\u0146\u0137a un rot\u0113jo\u0161us variantus. Ar vair\u0101k nek\u0101 50 da\u017e\u0101diem adapteru komplektiem tas izce\u013cas ar daudzpus\u012bbu. \u0160\u012b ier\u012bce ir augstas veiktsp\u0113jas un \u0101trgaitas iek\u0101rtu apvienojuma rezult\u0101ts, radot ikdienas lieto\u0161anai paredz\u0113tu centrif\u016bgu ar augst\u0101k\u0101s klases mode\u013cu specifiskaj\u0101m \u012bpa\u0161\u012bb\u0101m. T\u0101 kr\u0101su TFT sk\u0101rienekr\u0101ns nodro\u0161ina uzlabotas funkcijas, kas \u013cauj ne tikai vad\u012bt iek\u0101rtu atbilsto\u0161i darb\u012bbas parametriem, bet ar\u012b eksport\u0113t datus anal\u012bzei un taimera programm\u0113\u0161anai. \u0160\u012bs ier\u012bces nodro\u0161in\u0101t\u0101 autonomija \u013cauj lietot\u0101jiem optimiz\u0113t darba laiku laboratorij\u0101, automatiz\u0113jot ciklus un darb\u012bbas re\u017e\u012bmus. \u0160\u012bs funkcijas nodro\u0161ina ar\u012b procesa uzraudz\u012bbu, nodro\u0161inot, ka neviens parametrs neiziet \u0101rpus kontroles.\n    <\/li>\n<li>\n        <strong>Funkcijas<\/strong><\/p>\n<ul>\n<li>\n                <strong>TFT kr\u0101su sk\u0101rienekr\u0101ns, redzams no vair\u0101k nek\u0101 3 m att\u0101luma. att\u0101lums:<\/strong><\/p>\n<ul>\n<li>R\u0101da apgriezienus min\u016bt\u0113. un RCF, laiks, pa\u0101trin\u0101juma\/pal\u0113nin\u0101juma v\u0113rt\u012bbas (PCBS) un neveiksm\u012bgas balans\u0113\u0161anas atra\u0161an\u0101s vietas noteik\u0161anas sist\u0113ma (ULS).<\/li>\n<li>Izstaro apgriezienus min\u016bt\u0113. ar 10 apgr.\/min soli.<\/li>\n<li>Faktisk\u0101s RCF v\u0113rt\u012bbas tiek par\u0101d\u012btas atbilsto\u0161i piederumu konfigur\u0101cijai.<\/li>\n<li>Skait\u012bt no \u201c0\u201d vai saska\u0146\u0101 ar \u201ciestat\u012bt\u0101 apgriezienu skaita RCF\u201d atk\u0101rtojamajiem testiem.<\/li>\n<li>Taimeris no 1 s. l\u012bdz 99 stund\u0101m, programm\u0113jams uz 1 sekundi. so\u013cos un laika saglab\u0101\u0161anas poz\u012bcij\u0101.<\/li>\n<li>PCBS: Progres\u012bvi kontrol\u0113ta pa\u0101trin\u0101juma un pal\u0113nin\u0101juma sist\u0113ma ar l\u012bdz pat 175 piel\u0101got\u0101m ramp\u0101m, kas nov\u0113r\u0161 parauga homogeniz\u0101ciju p\u0113c atdal\u012b\u0161anas.<\/li>\n<li>ULS: Nel\u012bdzsvarot\u0101s atra\u0161an\u0101s vietas sist\u0113ma par\u0101da kausu, kas izraisa nel\u012bdzsvarotu izsl\u0113g\u0161anu.<\/li>\n<li>Starta aizkaves funkcija: Programm\u0113jams laiks, kur\u0101 cikls s\u0101ksies.<\/li>\n<li>Saist\u012bt\u0101 lietotne: \u013cauj sasaist\u012bt l\u012bdz 8 sec\u012bg\u0101m lietotn\u0113m bez lietot\u0101ja iejauk\u0161an\u0101s.<\/li>\n<li>100 programm\u0113jamas atmi\u0146as vietas, aizsarg\u0101tas ar paroli.<\/li>\n<li>Vair\u0101ki ska\u0146as un vizu\u0101li zi\u0146ojumi, kas lietot\u0101jam nor\u0101da ier\u012bces statusu.<\/li>\n<\/ul>\n<\/li>\n<li>\n                <strong>Viegli lietojams<\/strong><\/p>\n<ul>\n<li>Mikroprocesora vad\u012bts. Savienojam\u012bba.<\/li>\n<li>Bezapkopes indukcijas motors (bezsuku).<\/li>\n<li>Atmi\u0146\u0101 eso\u0161o rotoru un adapteru saraksts.<\/li>\n<li>Trok\u0161\u0146a l\u012bmenis: zem 60 dB.<\/li>\n<li>S\u0101k\u0161anas, aptur\u0113\u0161anas, v\u0101ka atv\u0113r\u0161anas un \u012bs\u0101s grie\u0161an\u0101s pogas ar regul\u0113jama \u0101truma pog\u0101m.<\/li>\n<li>Cikla laik\u0101 \u0101trumu var blo\u0137\u0113t vai main\u012bt.<\/li>\n<li>Autom\u0101tiska v\u0101ka atv\u0113r\u0161ana, programm\u0113jama.<\/li>\n<li>P\u0113d\u0113j\u0101s v\u0113rt\u012bbas paliek atmi\u0146\u0101.<\/li>\n<li>Autom\u0101tiska rotora atpaz\u012b\u0161ana. Apg\u0101\u0161an\u0101s aizsardz\u012bba.<\/li>\n<\/ul>\n<\/li>\n<li>\n                <strong>Dro\u0161\u012bba<\/strong><\/p>\n<ul>\n<li>V\u0101ks ir apr\u012bkots ar dro\u0161\u012bbas sist\u0113m\u0101m:\n<ul>\n<li>Autom\u0101tiska v\u0101ka aizv\u0113r\u0161anas sist\u0113ma, motoriz\u0113ta ar dubultu sl\u0113dzeni.<\/li>\n<li>Av\u0101rijas v\u0101ka atv\u0113r\u0161ana.<\/li>\n<li>Blo\u0137\u0113\u0161ana un aizsardz\u012bba pret atv\u0113r\u0161anu vis\u0101 darb\u012bbas laik\u0101.<\/li>\n<li>V\u0101ka aizsardz\u012bba pret kritienu.<\/li>\n<li>V\u0101k\u0101 eso\u0161\u0101 ligzda kalibr\u0113\u0161anai un veiktsp\u0113jas p\u0101rbaudei.<\/li>\n<\/ul>\n<\/li>\n<li>Nesabalans\u0113ta noteik\u0161ana un izsl\u0113g\u0161ana.<\/li>\n<li>Aizsarggredzens starp centrifug\u0113\u0161anas kameru un korpusu.<\/li>\n<li>Centrif\u016bgas kamera izgatavota no ner\u016bs\u0113jo\u0161\u0101 t\u0113rauda (viegli t\u012br\u0101ma).<\/li>\n<li>Rotorus var iz\u0146emt, aizverot v\u0101ku. Herm\u0113lija cepures.<\/li>\n<li>Rotori un adapteri ir steriliz\u0113ti ar tvaiku, un lietot\u0101js tos var viegli uzst\u0101d\u012bt.<\/li>\n<li>Piespiedu ventil\u0101cija, lai samazin\u0101tu temperat\u016bras paaugstin\u0101\u0161anos.<\/li>\n<li>Autom\u0101tiska izsl\u0113g\u0161an\u0101s, lai taup\u012btu ener\u0123iju l\u012bdz pat 8 stund\u0101m, ar iesp\u0113ju to izsl\u0113gt.<\/li>\n<\/ul>\n<\/li>\n<li>\n                <strong>ES direkt\u012bvas:<\/strong> 2011\/65\/ES, 2012\/19\/ES, 2014\/30\/ES, 2014\/35\/ES, 98\/79\/EK\n            <\/li>\n<li>\n                <strong>Standarti:<\/strong> EN 61010-1, EN 61010-2-101, EN 61010-2-020, EN 61326-2-6, EN 61326-1\n            <\/li>\n<\/ul>\n<\/li>\n<\/ul>\n<h3>Centrif\u016bgas \u2013 Rotors \u2013 <a href=\"http:\/\/labostera.lt\/lv\/product-brand\/ortoalresa-alvarez-redondo-s-a\/\" target=\"_blank\" rel=\"noopener\">ORTHOALRESA<\/a><\/h3>\n<p>Vair\u0101k inform\u0101cijas: <a href=\"https:\/\/ortoalresa.com\/en\/centrifugas\/digtor-22\/\" target=\"_blank\" rel=\"noopener nofollow\">ra\u017eot\u0101ja t\u012bmek\u013ca vietn\u0113<\/a> vai nos\u016btiet mums piepras\u012bjumu!<\/p>","protected":false},"excerpt":{"rendered":"<p><strong>Pied\u0101v\u0101jam pla\u0161u ier\u012b\u010du izv\u0113li no Sp\u0101nijas ra\u017eot\u0101ja &quot;ORTOALRESA Alvarez Redondo SA&quot;<\/strong>, kura uz\u0146\u0113mums koncentr\u0113jas uz produktu un procesu efektivit\u0101tes nep\u0101rtrauktu uzlabo\u0161anu, cen\u0161oties pied\u0101v\u0101t lab\u0101kos tehnolo\u0123iskos risin\u0101jumus medic\u012bnas, tehniski zin\u0101tnisk\u0101s p\u0113tniec\u012bbas un r\u016bpniec\u012bbas nozar\u0113m kopum\u0101.<\/p>","protected":false},"featured_media":16578,"template":"","meta":[],"product_cat":[84,113,76],"product_tag":[483,482,481],"class_list":{"0":"post-16577","1":"product","2":"type-product","3":"status-publish","4":"has-post-thumbnail","6":"product_brand-ortoalresa-alvarez-redondo-s-a","7":"product_cat-bendra-laboratorine-iranga","8":"product_cat-centrifugos","9":"product_cat-laboratorine-iranga","10":"product_tag-centrifuges","11":"product_tag-centrifugos","12":"product_tag-ortoalresa-alvarez-redondo-s-a","14":"first","15":"onbackorder","16":"shipping-taxable","17":"purchasable","18":"product-type-simple"},"_links":{"self":[{"href":"https:\/\/labostera.lt\/lv\/wp-json\/wp\/v2\/product\/16577","targetHints":{"allow":["GET"]}}],"collection":[{"href":"https:\/\/labostera.lt\/lv\/wp-json\/wp\/v2\/product"}],"about":[{"href":"https:\/\/labostera.lt\/lv\/wp-json\/wp\/v2\/types\/product"}],"wp:featuredmedia":[{"embeddable":true,"href":"https:\/\/labostera.lt\/lv\/wp-json\/wp\/v2\/media\/16578"}],"wp:attachment":[{"href":"https:\/\/labostera.lt\/lv\/wp-json\/wp\/v2\/media?parent=16577"}],"wp:term":[{"taxonomy":"product_cat","embeddable":true,"href":"https:\/\/labostera.lt\/lv\/wp-json\/wp\/v2\/product_cat?post=16577"},{"taxonomy":"product_tag","embeddable":true,"href":"https:\/\/labostera.lt\/lv\/wp-json\/wp\/v2\/product_tag?post=16577"}],"curies":[{"name":"wp","href":"https:\/\/api.w.org\/{rel}","templated":true}]}}