{"id":16573,"date":"2023-11-23T08:52:07","date_gmt":"2023-11-23T08:52:07","guid":{"rendered":"http:\/\/labostera.lt\/?post_type=product&#038;p=16573"},"modified":"2024-01-25T15:11:27","modified_gmt":"2024-01-25T13:11:27","slug":"centrifuga-ortoalresa-consul-22-centrifuge","status":"publish","type":"product","link":"https:\/\/labostera.lt\/lv\/priemones-ir-iranga\/laboratorine-iranga\/bendra-laboratorine-iranga\/centrifugos\/centrifuga-ortoalresa-consul-22-centrifuge\/","title":{"rendered":"Centrif\u016bga ORTHOALRESA Consul 22 centrif\u016bga"},"content":{"rendered":"<h2><strong>\u201e&quot;ORTOALRESA Alvarez Redondo SA&quot; Consul 22 centrif\u016bga<\/strong><\/h2>\n<ul>\n<li>\n        Lieliska centrif\u016bga, kompakta, ar lielu jaudu un augst\u0101ka segmenta iek\u0101rtu priek\u0161roc\u012bb\u0101m. Vad\u012bbas veids, kas tiek nodro\u0161in\u0101ts, izmantojot TFT kr\u0101su sk\u0101rienekr\u0101nu, nodro\u0161ina lietot\u0101jam funkcijas, kas papildus iek\u0101rtas vad\u012bbai atbilsto\u0161i darb\u012bbas parametriem \u013cauj eksport\u0113t datus turpm\u0101kai anal\u012bzei un darb\u012bbu programm\u0113\u0161anai. \u0160\u012bs ier\u012bces nodro\u0161in\u0101t\u0101 autonomija \u013cauj lietot\u0101jam optimiz\u0113t darba laiku laboratorij\u0101, automatiz\u0113jot ciklus un darb\u012bbas re\u017e\u012bmus. \u0160\u012bs funkcijas nodro\u0161ina ar\u012b procesa izsekojam\u012bbu un to, ka neviens parametrs nepaliek nekontrol\u0113ts. T\u0101pat k\u0101 citas Ortoalresa centrif\u016bgas, t\u0101 ir izstr\u0101d\u0101ta t\u0101, lai b\u016btu daudzpus\u012bga, t\u0101p\u0113c tai ir rot\u0113jo\u0161i rotori ar 400 ml tilpumu katram spainim, mikroplati rotori ar 80 mm augstumu, fiks\u0113ta le\u0146\u0137a rotori \u0101trgaitas un mikrom\u0113\u0123en\u0113m, k\u0101 ar\u012b pla\u0161s adapteru kl\u0101sts visiem \u0161iem rotoriem.<\/p>\n<ul>\n<li>\n                <strong>Funkcijas<\/strong><\/p>\n<ul>\n<li>TFT kr\u0101su sk\u0101rienekr\u0101ns, redzams no vair\u0101k nek\u0101 3 m att\u0101luma. att\u0101lums:\n<ul>\n<li>R\u0101da apgriezienus min\u016bt\u0113 un relat\u012bvo centrb\u0113dzes sp\u0113ku (RPM\/RCF), laiku, pa\u0101trin\u0101jumu\/pal\u0113nin\u0101jumu (PCBS) un nel\u012bdzsvarot\u012bbas noteik\u0161anas sist\u0113mu (ULS).<\/li>\n<li>\u0100truma programm\u0113\u0161ana ar 10 apgr.\/min.\/10 x g soli.<\/li>\n<li>Faktisk\u0101s RCF v\u0113rt\u012bbas displej\u0101 atkar\u012bb\u0101 no piederumu konfigur\u0101cijas.<\/li>\n<li>Skait\u012b\u0161ana uz aug\u0161u\/uz leju no \u201c0\u201d vai \u201ciestat\u012bts RPM\/RCF\u201d atk\u0101rtojamiem testiem.<\/li>\n<li>Taimeris no 1 sekundes. l\u012bdz 99 stund\u0101m, programm\u0113jams ar 1 sekundes soli un fiks\u0113t\u0101 poz\u012bcij\u0101.<\/li>\n<li>PCBS: Progres\u012bvi kontrol\u0113ta pa\u0101trin\u0101juma un bremz\u0113\u0161anas rampas sist\u0113ma l\u012bdz 175, kas nov\u0113r\u0161 paraugu homogeniz\u0101ciju p\u0113c atdal\u012b\u0161anas.<\/li>\n<li>ULS: Atsaist\u012bt\u0101s atra\u0161an\u0101s vietas sist\u0113ma par\u0101da kausa numuru, kas izraisa atsaist\u012bt\u0101s darb\u012bbas p\u0101rtrauk\u0161anu.<\/li>\n<li>S\u0101kuma aizkave: \u013cauj iestat\u012bt cikla s\u0101kuma laiku.<\/li>\n<li>Saist\u012bt\u0101 programma: \u013cauj savienot l\u012bdz 8 sec\u012bg\u0101m programm\u0101m bez lietot\u0101ja iejauk\u0161an\u0101s.<\/li>\n<li>100 programm\u0113jamas atmi\u0146as, aizsarg\u0101tas ar paroli.<\/li>\n<li>Vair\u0101ki akustiski un vizu\u0101li zi\u0146ojumi lietot\u0101jam nor\u0101da ier\u012bces statusu.<\/li>\n<\/ul>\n<\/li>\n<li>Viegli lietojams:\n<ul>\n<li>Mikroprocesora vad\u012bts. Savienojums.<\/li>\n<li>Bezkontaktu, bezapkopes indukcijas motors.<\/li>\n<li>Atmi\u0146\u0101 eso\u0161o rotoru un adapteru saraksts.<\/li>\n<li>Trok\u0161\u0146a l\u012bmenis: zem 60 dB.<\/li>\n<li>Iesl\u0113g\u0161ana, aptur\u0113\u0161ana, v\u0101ka atv\u0113r\u0161ana un \u012bss grie\u0161an\u0101s laiks ar regul\u0113jama \u0101truma pog\u0101m.<\/li>\n<li>Cikla laik\u0101 \u0101trumu var blo\u0137\u0113t vai main\u012bt.<\/li>\n<li>Autom\u0101tiska v\u0101ka atv\u0113r\u0161ana, programm\u0113jama.<\/li>\n<li>P\u0113d\u0113j\u0101s v\u0113rt\u012bbas paliek atmi\u0146\u0101.<\/li>\n<li>Autom\u0101tiska rotora atpaz\u012b\u0161ana. Aizsardz\u012bba pret augstiem apgriezieniem.<\/li>\n<\/ul>\n<\/li>\n<li>Dro\u0161\u012bba:\n<ul>\n<li>P\u0101rkl\u0101jums ar dro\u0161\u012bbas sist\u0113m\u0101m:\n<ul>\n<li>Autom\u0101tiska v\u0101ka aizv\u0113r\u0161anas sist\u0113ma, motoriz\u0113ta ar dubultu sl\u0113dzeni.<\/li>\n<li>Av\u0101rijas v\u0101ka atv\u0113r\u0161anas sist\u0113ma.<\/li>\n<li>Blo\u0137\u0113\u0161ana un aizsardz\u012bba pret atv\u0113r\u0161anu visa darba laik\u0101.<\/li>\n<li>V\u0101ka aizsardz\u012bba pret kritienu.<\/li>\n<li>V\u0101k\u0101 eso\u0161\u0101 ligzda kalibr\u0113\u0161anai un darb\u012bbas p\u0101rbaudei.<\/li>\n<\/ul>\n<\/li>\n<li>Atvieno\u0161anas noteik\u0161ana un izsl\u0113g\u0161ana.<\/li>\n<li>Aizsarggredzens starp centrifug\u0113\u0161anas kameru un korpusu.<\/li>\n<li>Centrif\u016bgas kamera izgatavota no ner\u016bs\u0113jo\u0161\u0101 t\u0113rauda (viegli t\u012br\u0101ma).<\/li>\n<li>Rotorus var iz\u0146emt, aizverot v\u0101ku. Herm\u0113lija cepures.<\/li>\n<li>Rotori un adapteri ir autokl\u0101v\u0113jami, un lietot\u0101js tos var viegli uzst\u0101d\u012bt.<\/li>\n<li>Piespiedu ventil\u0101cija, lai samazin\u0101tu temperat\u016bras paaugstin\u0101\u0161anos.<\/li>\n<li>Autom\u0101tiska ener\u0123ijas taup\u012b\u0161anas izsl\u0113g\u0161an\u0101s l\u012bdz pat 8 stund\u0101m ar deaktiviz\u0101cijas iesp\u0113ju.<\/li>\n<\/ul>\n<\/li>\n<li>ES direkt\u012bvas: 2011\/65\/ES, 2012\/19\/ES, 2014\/30\/ES, 2014\/35\/ES, 98\/79\/EK.<\/li>\n<li>Standarti: EN 61010-1, EN 61010-2-101, EN 61010-2-020, EN 61326-2-6, EN 61326-1.<\/li>\n<\/ul>\n<\/li>\n<\/ul>\n<\/li>\n<\/ul>\n<h3>Centrif\u016bgas \u2013 Rotors \u2013 <a href=\"http:\/\/labostera.lt\/lv\/product-brand\/ortoalresa-alvarez-redondo-s-a\/\" target=\"_blank\" rel=\"noopener\">ORTHOALRESA<\/a><\/h3>\n<p>Vair\u0101k inform\u0101cijas: <a href=\"https:\/\/ortoalresa.com\/en\/centrifugas\/consul-22\/\" target=\"_blank\" rel=\"noopener nofollow\">ra\u017eot\u0101ja t\u012bmek\u013ca vietn\u0113<\/a> vai nos\u016btiet mums piepras\u012bjumu!<\/p>","protected":false},"excerpt":{"rendered":"<p><strong>Pied\u0101v\u0101jam pla\u0161u ier\u012b\u010du izv\u0113li no Sp\u0101nijas ra\u017eot\u0101ja &quot;ORTOALRESA Alvarez Redondo SA&quot;<\/strong>, kura uz\u0146\u0113mums koncentr\u0113jas uz produktu un procesu efektivit\u0101tes nep\u0101rtrauktu uzlabo\u0161anu, cen\u0161oties pied\u0101v\u0101t lab\u0101kos tehnolo\u0123iskos risin\u0101jumus medic\u012bnas, tehniski zin\u0101tnisk\u0101s p\u0113tniec\u012bbas un r\u016bpniec\u012bbas nozar\u0113m kopum\u0101.<\/p>","protected":false},"featured_media":16574,"template":"","meta":[],"product_cat":[84,113,76],"product_tag":[483,482,481],"class_list":{"0":"post-16573","1":"product","2":"type-product","3":"status-publish","4":"has-post-thumbnail","6":"product_brand-ortoalresa-alvarez-redondo-s-a","7":"product_cat-bendra-laboratorine-iranga","8":"product_cat-centrifugos","9":"product_cat-laboratorine-iranga","10":"product_tag-centrifuges","11":"product_tag-centrifugos","12":"product_tag-ortoalresa-alvarez-redondo-s-a","14":"first","15":"onbackorder","16":"shipping-taxable","17":"purchasable","18":"product-type-simple"},"_links":{"self":[{"href":"https:\/\/labostera.lt\/lv\/wp-json\/wp\/v2\/product\/16573","targetHints":{"allow":["GET"]}}],"collection":[{"href":"https:\/\/labostera.lt\/lv\/wp-json\/wp\/v2\/product"}],"about":[{"href":"https:\/\/labostera.lt\/lv\/wp-json\/wp\/v2\/types\/product"}],"wp:featuredmedia":[{"embeddable":true,"href":"https:\/\/labostera.lt\/lv\/wp-json\/wp\/v2\/media\/16574"}],"wp:attachment":[{"href":"https:\/\/labostera.lt\/lv\/wp-json\/wp\/v2\/media?parent=16573"}],"wp:term":[{"taxonomy":"product_cat","embeddable":true,"href":"https:\/\/labostera.lt\/lv\/wp-json\/wp\/v2\/product_cat?post=16573"},{"taxonomy":"product_tag","embeddable":true,"href":"https:\/\/labostera.lt\/lv\/wp-json\/wp\/v2\/product_tag?post=16573"}],"curies":[{"name":"wp","href":"https:\/\/api.w.org\/{rel}","templated":true}]}}