{"id":16569,"date":"2023-11-23T07:40:28","date_gmt":"2023-11-23T07:40:28","guid":{"rendered":"http:\/\/labostera.lt\/?post_type=product&#038;p=16569"},"modified":"2024-01-25T15:11:04","modified_gmt":"2024-01-25T13:11:04","slug":"saldoma-centrifuga-ortoalresa-digicen-22-r-refrigerated-centrifuge","status":"publish","type":"product","link":"https:\/\/labostera.lt\/lv\/priemones-ir-iranga\/laboratorine-iranga\/bendra-laboratorine-iranga\/centrifugos\/saldoma-centrifuga-ortoalresa-digicen-22-r-refrigerated-centrifuge\/","title":{"rendered":"Atdzes\u0113\u0161anas centrif\u016bga ORTOALRESA Digicen 22 R atdzes\u0113ta centrif\u016bga"},"content":{"rendered":"<h2><strong>&quot;ORTOALRESA Alvarez Redondo SA&quot; Digicen 22 R atdzes\u0113ta centrif\u016bga<\/strong><\/h2>\n<ul>\n<li>\n        <strong>Centrif\u016bga Digicen 22 R<\/strong> daudzpus\u012bba, kas saist\u012bta ar efektivit\u0101ti. Digicen 22 R centrif\u016bgai ir pla\u0161s fiks\u0113ta le\u0146\u0137a rotoru kl\u0101sts gan zemam \u0101trumam, gan ar ietilp\u012bbu l\u012bdz 32 flakoniem pa 15 ml\/15 ml. konisks, gan mikrom\u0113\u0123en\u0113m, gan kriom\u0113\u0123en\u0113m, gan \u0101trdarb\u012bg\u0101m stikla traukiem. Rot\u0101cijas versiju gad\u012bjum\u0101 tam ir rotori ar 4 burk\u0101m pa 100 ml katr\u0101. un l\u012bdz 28 poz\u012bcij\u0101m ar 15 ml. stikla burk\u0101s. Visi t\u0101 rotori ir apr\u012bkoti ar REI sist\u0113mu (Rotor Easy to Install), kas \u013cauj tos dro\u0161i uzst\u0101d\u012bt rotor\u0101 bez instrumentiem un atblo\u0137\u0113t, vienk\u0101r\u0161i iz\u0146emot no to poz\u012bcijas. T\u0101 jaud\u012bg\u0101 sald\u0113\u0161anas sist\u0113ma \u013cauj uztur\u0113t minim\u0101lo kameras temperat\u016bru zem 4 \u00b0C neatkar\u012bgi no rotora veida un izv\u0113l\u0113t\u0101 \u0101truma. Lai uzlabotu izsekojam\u012bbu, tai ir sakaru sist\u0113ma, kas \u013cauj lietot\u0101jam skat\u012bt, programm\u0113t un vad\u012bt centrif\u016bgu no izv\u0113l\u0113t\u0101s ier\u012bces; dator\u0101, plan\u0161etdator\u0101 un mobilaj\u0101 t\u0101lrun\u012b, pateicoties bezmaksas Ortoalresa SmartConnect lietotnei. Vienk\u0101r\u0161i pievienojiet to savas laboratorijas bezvadu t\u012bklam, un j\u016bs ieg\u016bsiet piln\u012bgu kontroli p\u0101r savu apr\u012bkojumu, izmantojot m\u016bsu lietotni. (+ inform\u0101cija visp\u0101r\u0113j\u0101 kataloga 58. lappus\u0113).<\/p>\n<ul>\n<li>\n                <strong>Funkcijas<\/strong><\/p>\n<ul>\n<li>TFT kr\u0101su sk\u0101rienekr\u0101ns:\n<ul>\n<li>R\u0101da apgriezienus min\u016bt\u0113 un relat\u012bvo centrb\u0113dzes sp\u0113ku (RPM\/RCF), laiku, temperat\u016bru un pa\u0101trin\u0101jumu\/pal\u0113nin\u0101jumu (PCBS).<\/li>\n<li>\u0100truma programm\u0113\u0161ana ar 10 apgr.\/min.\/10 x g soli.<\/li>\n<li>Faktisk\u0101s RCF v\u0113rt\u012bbas displej\u0101 atkar\u012bb\u0101 no piederumu konfigur\u0101cijas.<\/li>\n<li>Skait\u012b\u0161ana uz aug\u0161u\/uz leju no \u201c0\u201d vai \u201ciestat\u012bts RPM\/RCF\u201d atk\u0101rtojamiem testiem.<\/li>\n<li>Taimeris no 1 sekundes. l\u012bdz 99 stund\u0101m, programm\u0113jams ar 1 sekundes soli un fiks\u0113t\u0101 poz\u012bcij\u0101.<\/li>\n<li>PCBS: Progres\u012bvi kontrol\u0113ta pa\u0101trin\u0101juma un bremz\u0113\u0161anas rampas sist\u0113ma l\u012bdz 175, kas nov\u0113r\u0161 paraugu homogeniz\u0101ciju p\u0113c atdal\u012b\u0161anas.<\/li>\n<li>S\u0101kuma aizkave: \u013cauj iestat\u012bt cikla s\u0101kuma laiku.<\/li>\n<li>Saist\u012bt\u0101 programma: \u013cauj savienot l\u012bdz 8 sec\u012bg\u0101m programm\u0101m bez lietot\u0101ja iejauk\u0161an\u0101s.<\/li>\n<li>100 programm\u0113jamas atmi\u0146as, aizsarg\u0101tas ar paroli.<\/li>\n<li>Vair\u0101ki akustiski un vizu\u0101li zi\u0146ojumi lietot\u0101jam nor\u0101da ier\u012bces statusu.<\/li>\n<\/ul>\n<\/li>\n<li>Viegli lietojams:\n<ul>\n<li>Mikroprocesora vad\u012bts. Savienojums.<\/li>\n<li>Bezkontaktu, bezapkopes indukcijas motors.<\/li>\n<li>Atmi\u0146\u0101 eso\u0161o rotoru un adapteru saraksts.<\/li>\n<li>Trok\u0161\u0146a l\u012bmenis: zem 60 dB.<\/li>\n<li>S\u0101kt, aptur\u0113t, atv\u0113rt v\u0101ku un \u012bsu grie\u0161anos ar regul\u0113jama \u0101truma pog\u0101m.<\/li>\n<li>Sp\u0113ja blo\u0137\u0113t vai main\u012bt \u0101trumu cikla laik\u0101.<\/li>\n<li>Autom\u0101tiska v\u0101ka atv\u0113r\u0161ana, programm\u0113jama.<\/li>\n<li>P\u0113d\u0113j\u0101s v\u0113rt\u012bbas paliek atmi\u0146\u0101.<\/li>\n<li>Autom\u0101tiska rotora atpaz\u012b\u0161ana. Aizsardz\u012bba pret augstiem apgriezieniem.<\/li>\n<\/ul>\n<\/li>\n<li>Dro\u0161\u012bba:\n<ul>\n<li>P\u0101rkl\u0101jums ar dro\u0161\u012bbas sist\u0113m\u0101m:\n<ul>\n<li>Autom\u0101tiska v\u0101ka aizv\u0113r\u0161anas sist\u0113ma, motoriz\u0113ta ar dubultu sl\u0113dzeni.<\/li>\n<li>Av\u0101rijas v\u0101ka atv\u0113r\u0161anas meh\u0101nisms.<\/li>\n<li>Sl\u0113gts un aizsarg\u0101ts pret atv\u0113r\u0161anu vis\u0101 skr\u0113jiena garum\u0101.<\/li>\n<li>V\u0101ka aizsardz\u012bba pret kritienu.<\/li>\n<li>V\u0101k\u0101 eso\u0161\u0101 atvere kalibr\u0113\u0161anai un darb\u012bbas p\u0101rbaudei.<\/li>\n<\/ul>\n<\/li>\n<li>Nel\u012bdzsvarot\u012bbas noteik\u0161ana un izsl\u0113g\u0161ana.<\/li>\n<li>Aizsarggredzens starp centrifug\u0113\u0161anas kameru un korpusu.<\/li>\n<li>Centrif\u016bgas kameras, kas izgatavotas no ner\u016bs\u0113jo\u0161\u0101 t\u0113rauda (viegli t\u012br\u0101mas).<\/li>\n<li>Javas var iz\u0146emt, aizverot v\u0101ku. Herm\u0113lija v\u0101ki.<\/li>\n<li>Rotori un adapteri ir autokl\u0101v\u0113jami un viegli uzst\u0101d\u0101mi bez instrumentiem (REI sist\u0113ma).<\/li>\n<li>Piespiedu ventil\u0101cija, lai samazin\u0101tu temperat\u016bras paaugstin\u0101\u0161anos.<\/li>\n<li>Autom\u0101tiska ener\u0123ijas taup\u012b\u0161anas izsl\u0113g\u0161an\u0101s l\u012bdz pat 8 stund\u0101m, ar iesp\u0113ju to izsl\u0113gt.<\/li>\n<\/ul>\n<\/li>\n<li>Sald\u0113\u0161ana:\n<ul>\n<li>P\u0113c centrifug\u0113\u0161anas procesa saglab\u0101 dzes\u0113\u0161anu.<\/li>\n<li>Dzes\u0113\u0161anas programma ar rot\u0113jo\u0161u rotoru un izv\u0113l\u0113jamu temperat\u016bru.<\/li>\n<li>Garant\u0113 4 \u00b0C pie maksim\u0101l\u0101 \u0101truma.<\/li>\n<li>Temperat\u016bras diapazons no -20 \u00b0C (-4 \u00b0F) l\u012bdz 40 \u00b0C (104 \u00b0F) ar 1 \u00b0C soli.<\/li>\n<li>Temperat\u016bras sensors kamer\u0101.<\/li>\n<li>G\u0101ze R 449A HFO (bez CFC).<\/li>\n<\/ul>\n<\/li>\n<li>\n                        <strong>ES direkt\u012bvas:<\/strong> 2011\/65\/ES, 2012\/19\/ES, 2014\/30\/ES, 2014\/35\/ES, 98\/79\/EK.\n                    <\/li>\n<li>\n                        <strong>Noteikumu nr.:<\/strong> (EK) 1005\/2009, (ES) 517\/2014.\n                    <\/li>\n<li>\n                        <strong>Standarti:<\/strong> EN 61010-1, EN 61010-2-101, EN 61010-2-020, EN 61326-2-6, EN 61326-1.\n                    <\/li>\n<\/ul>\n<\/li>\n<\/ul>\n<\/li>\n<\/ul>\n<h3>Centrif\u016bgas \u2013 Rotors \u2013 <a href=\"http:\/\/labostera.lt\/lv\/product-brand\/ortoalresa-alvarez-redondo-s-a\/\" target=\"_blank\" rel=\"noopener\">ORTHOALRESA<\/a><\/h3>\n<p>Vair\u0101k inform\u0101cijas: <a href=\"https:\/\/ortoalresa.com\/en\/centrifugas\/digicen-22-r\/\" target=\"_blank\" rel=\"noopener nofollow\">ra\u017eot\u0101ja t\u012bmek\u013ca vietn\u0113<\/a> vai nos\u016btiet mums piepras\u012bjumu!<\/p>","protected":false},"excerpt":{"rendered":"<p><strong>Pied\u0101v\u0101jam pla\u0161u ier\u012b\u010du izv\u0113li no Sp\u0101nijas ra\u017eot\u0101ja &quot;ORTOALRESA Alvarez Redondo SA&quot;<\/strong>, kura uz\u0146\u0113mums koncentr\u0113jas uz produktu un procesu efektivit\u0101tes nep\u0101rtrauktu uzlabo\u0161anu, cen\u0161oties pied\u0101v\u0101t lab\u0101kos tehnolo\u0123iskos risin\u0101jumus medic\u012bnas, tehniski zin\u0101tnisk\u0101s p\u0113tniec\u012bbas un r\u016bpniec\u012bbas nozar\u0113m kopum\u0101.<\/p>","protected":false},"featured_media":16570,"template":"","meta":[],"product_cat":[84,113,76],"product_tag":[483,482,481,485,484],"class_list":{"0":"post-16569","1":"product","2":"type-product","3":"status-publish","4":"has-post-thumbnail","6":"product_brand-ortoalresa-alvarez-redondo-s-a","7":"product_cat-bendra-laboratorine-iranga","8":"product_cat-centrifugos","9":"product_cat-laboratorine-iranga","10":"product_tag-centrifuges","11":"product_tag-centrifugos","12":"product_tag-ortoalresa-alvarez-redondo-s-a","13":"product_tag-refrigerated-centrifuges","14":"product_tag-saldomos-centrifugos","16":"first","17":"onbackorder","18":"shipping-taxable","19":"purchasable","20":"product-type-simple"},"_links":{"self":[{"href":"https:\/\/labostera.lt\/lv\/wp-json\/wp\/v2\/product\/16569","targetHints":{"allow":["GET"]}}],"collection":[{"href":"https:\/\/labostera.lt\/lv\/wp-json\/wp\/v2\/product"}],"about":[{"href":"https:\/\/labostera.lt\/lv\/wp-json\/wp\/v2\/types\/product"}],"wp:featuredmedia":[{"embeddable":true,"href":"https:\/\/labostera.lt\/lv\/wp-json\/wp\/v2\/media\/16570"}],"wp:attachment":[{"href":"https:\/\/labostera.lt\/lv\/wp-json\/wp\/v2\/media?parent=16569"}],"wp:term":[{"taxonomy":"product_cat","embeddable":true,"href":"https:\/\/labostera.lt\/lv\/wp-json\/wp\/v2\/product_cat?post=16569"},{"taxonomy":"product_tag","embeddable":true,"href":"https:\/\/labostera.lt\/lv\/wp-json\/wp\/v2\/product_tag?post=16569"}],"curies":[{"name":"wp","href":"https:\/\/api.w.org\/{rel}","templated":true}]}}