{"id":16562,"date":"2023-11-22T12:43:34","date_gmt":"2023-11-22T12:43:34","guid":{"rendered":"http:\/\/labostera.lt\/?post_type=product&#038;p=16562"},"modified":"2024-01-25T15:10:29","modified_gmt":"2024-01-25T13:10:29","slug":"saldoma-centrifuga-ortoalresa-bioprocen-22-r-refrigerated-centrifuge","status":"publish","type":"product","link":"https:\/\/labostera.lt\/lv\/priemones-ir-iranga\/laboratorine-iranga\/bendra-laboratorine-iranga\/centrifugos\/saldoma-centrifuga-ortoalresa-bioprocen-22-r-refrigerated-centrifuge\/","title":{"rendered":"Atdzes\u0113\u0161anas centrif\u016bga ORTOALRESA Bioprocen 22 R atdzes\u0113ta centrif\u016bga"},"content":{"rendered":"<h2><strong>\u201e&quot;ORTOALRESA Alvarez Redondo SA&quot; Bioprocen 22 R atdzes\u0113ta centrif\u016bga<\/strong><\/h2>\n<ul>\n<li>\n        <strong>Bioprocen 22 R centrif\u016bga<\/strong> Bioprocesiem ir nepiecie\u0161ama daudzpus\u012bga centrif\u016bga, kas var piel\u0101goties da\u017e\u0101d\u0101m anal\u012bz\u0113m un l\u012bdz ar to da\u017e\u0101d\u0101m konfigur\u0101cij\u0101m vien\u0101 centrif\u016bg\u0101. Bioprocen 22 R centrif\u016bgai ir \u0101trgaitas rotori mikrom\u0113\u0123en\u0113m no 1,5 l\u012bdz 5 ml, k\u0101 ar\u012b 50 ml konisk\u0101m m\u0113\u0123en\u0113m. T\u0101 piederumi mikropla\u0161u apstr\u0101dei \u013cauj izmantot rot\u0113jo\u0161us rotorus. Sald\u0113\u0161anas sist\u0113ma ir paredz\u0113ta temperat\u016bras stabilit\u0101tei, \u013caujot to uztur\u0113t pat liel\u0101 \u0101trum\u0101 un visu laiku. Da\u017e\u0101das opcijas, kas piel\u0101gojamas, izmantojot programmat\u016bru, padara \u0161o centrif\u016bgu par pareizo instrumentu j\u016bsu laboratorijai. Palieliniet savas laboratorijas veiktsp\u0113ju ar jauno Bioprocen 22 R.<\/p>\n<ul>\n<li>\n                <strong>Funkcijas:<\/strong><\/p>\n<ul>\n<li>Ekr\u0101ns:\n<ul>\n<li>R\u0101da apgriezienus min\u016bt\u0113 un relat\u012bvo centrb\u0113dzes sp\u0113ku (RPM\/RCF), laiku, temperat\u016bru un pa\u0101trin\u0101juma\/pal\u0113nin\u0101juma (PCBS) re\u017e\u012bmu.<\/li>\n<li>\u0100truma programm\u0113\u0161ana ar 10 apgr.\/min.\/10 x g soli.<\/li>\n<li>Skait\u012b\u0161ana uz aug\u0161u\/uz leju no \u201e0\u201d vai \u201eiestat\u012bts RPM\/RCF\u201d atk\u0101rtojamiem testiem.<\/li>\n<li>Taimeris no 5 s l\u012bdz 99 min., programm\u0113jams ar 5 s soli un fiks\u0113ta poz\u012bcija.<\/li>\n<li>PCBS: Progres\u012bvi kontrol\u0113ta bremz\u0113\u0161anas sist\u0113ma ar l\u012bdz pat 175 atlas\u0101miem so\u013ciem, kas nov\u0113r\u0161 parauga homogeniz\u0101ciju p\u0113c atdal\u012b\u0161anas.<\/li>\n<li>16 programm\u0113jamas atmi\u0146as vietas.<\/li>\n<li>Vair\u0101ki akustiski un vizu\u0101li zi\u0146ojumi ekr\u0101n\u0101 nor\u0101da lietot\u0101jam ier\u012bces statusu.<\/li>\n<\/ul>\n<\/li>\n<li>Viegli lietojams:\n<ul>\n<li>Mikroprocesora vad\u012bts.<\/li>\n<li>Bezkontaktu, bezapkopes indukcijas motors.<\/li>\n<li>Rotora saraksts atmi\u0146\u0101.<\/li>\n<li>Trok\u0161\u0146a l\u012bmenis: maz\u0101ks par 60 dB.<\/li>\n<li>S\u0101k\u0161anas, aptur\u0113\u0161anas, v\u0101ka atv\u0113r\u0161anas un \u012bs\u0101s grie\u0161an\u0101s pogas ar regul\u0113jamu \u0101trumu.<\/li>\n<li>Sp\u0113ja fiks\u0113t vai main\u012bt \u0101trumu cikla laik\u0101.<\/li>\n<li>Zems augstums \u0113rtai piek\u013cuvei.<\/li>\n<li>P\u0113d\u0113j\u0101s v\u0113rt\u012bbas paliek atmi\u0146\u0101.<\/li>\n<li>Autom\u0101tiska rotora atpaz\u012b\u0161ana. Aizsardz\u012bba pret p\u0101rslodzi.<\/li>\n<\/ul>\n<\/li>\n<li>Dro\u0161\u012bba:\n<ul>\n<li>P\u0101rkl\u0101jums ar dro\u0161\u012bbas sist\u0113m\u0101m:\n<ul>\n<li>Autom\u0101tiska v\u0101ka aizv\u0113r\u0161anas sist\u0113ma, motoriz\u0113ta, ar dubultu sl\u0113dzeni.<\/li>\n<li>Av\u0101rijas v\u0101ka atv\u0113r\u0161ana.<\/li>\n<li>Blo\u0137\u0113\u0161ana un aizsardz\u012bba pret atv\u0113r\u0161anu vis\u0101 palai\u0161anas laik\u0101.<\/li>\n<li>V\u0101ka aizsardz\u012bba pret kritienu.<\/li>\n<li>V\u0101ks ir elast\u012bgs kalibr\u0113\u0161anai un darb\u012bbas p\u0101rbaudei.<\/li>\n<\/ul>\n<\/li>\n<li>Ergonomisks dizains, kas \u013cauj viegli aizv\u0113rt v\u0101ku.<\/li>\n<li>Nel\u012bdzsvarot\u012bbas noteik\u0161ana un izsl\u0113g\u0161ana.<\/li>\n<li>Dro\u0161\u012bbas gredzens starp centrif\u016bgas kameru un korpusu.<\/li>\n<li>Centrif\u016bgas kameras, kas izgatavotas no ner\u016bs\u0113jo\u0161\u0101 t\u0113rauda (viegli t\u012br\u0101mas).<\/li>\n<li>Rotorus var iz\u0146emt, aizverot v\u0101ku. Erm\u012bna v\u0101ki.<\/li>\n<li>Rotori un adapteri ir autokl\u0101v\u0113jami un lietot\u0101jam tos ir viegli uzst\u0101d\u012bt.<\/li>\n<li>Autom\u0101tiska izsl\u0113g\u0161an\u0101s, lai taup\u012btu ener\u0123iju l\u012bdz pat 8 stund\u0101m. ar iesp\u0113ju to izsl\u0113gt.<\/li>\n<\/ul>\n<\/li>\n<li>Sald\u0113\u0161ana:\n<ul>\n<li>P\u0113c centrifug\u0113\u0161anas procesa saglab\u0101 dzes\u0113\u0161anu.<\/li>\n<li>Dzes\u0113\u0161anas programma ar rot\u0113jo\u0161u rotoru un izv\u0113l\u0113jamu temperat\u016bru.<\/li>\n<li>Garant\u0113 4 \u00b0C maksim\u0101lo rot\u0101cijas \u0101trumu.<\/li>\n<li>Temperat\u016bras diapazons no -20 \u00b0C (-4 \u00b0F) l\u012bdz 40 \u00b0C (104 \u00b0F) ar 1 \u00b0C soli.<\/li>\n<li>Temperat\u016bras sensors kamer\u0101.<\/li>\n<li>G\u0101ze R 449A HFO (bez CFC).<\/li>\n<\/ul>\n<\/li>\n<\/ul>\n<\/li>\n<li>\n                <strong>ES direkt\u012bvas:<\/strong> 2011\/65\/ES, 2012\/19\/ES, 2014\/30\/ES, 2014\/35\/ES, 98\/79\/EK.\n            <\/li>\n<li>\n                <strong>Noteikumu Nr.:<\/strong> (EK) 1005\/2009, (ES) 517\/2014.\n            <\/li>\n<li>\n                <strong>Standarti:<\/strong> EN 61010-1, EN 61010-2-101, EN 61010-2-020, EN 61326-2-6, EN 61326-1.\n            <\/li>\n<\/ul>\n<\/li>\n<\/ul>\n<h3>Centrif\u016bgas \u2013 Rotors \u2013 <a href=\"http:\/\/labostera.lt\/lv\/product-brand\/ortoalresa-alvarez-redondo-s-a\/\" target=\"_blank\" rel=\"noopener\">ORTHOALRESA<\/a><\/h3>\n<p>Vair\u0101k inform\u0101cijas: <a href=\"https:\/\/ortoalresa.com\/en\/centrifugas\/bioprocen-22-r\/\" target=\"_blank\" rel=\"noopener nofollow\">ra\u017eot\u0101ja t\u012bmek\u013ca vietn\u0113<\/a> vai nos\u016btiet mums piepras\u012bjumu!<\/p>","protected":false},"excerpt":{"rendered":"<p><strong>Pied\u0101v\u0101jam pla\u0161u ier\u012b\u010du izv\u0113li no Sp\u0101nijas ra\u017eot\u0101ja &quot;ORTOALRESA Alvarez Redondo SA&quot;<\/strong>, kura uz\u0146\u0113mums koncentr\u0113jas uz produktu un procesu efektivit\u0101tes nep\u0101rtrauktu uzlabo\u0161anu, cen\u0161oties pied\u0101v\u0101t lab\u0101kos tehnolo\u0123iskos risin\u0101jumus medic\u012bnas, tehniski zin\u0101tnisk\u0101s p\u0113tniec\u012bbas un r\u016bpniec\u012bbas nozar\u0113m kopum\u0101.<\/p>","protected":false},"featured_media":16563,"template":"","meta":[],"product_cat":[84,113,76],"product_tag":[483,482,481,485,484],"class_list":{"0":"post-16562","1":"product","2":"type-product","3":"status-publish","4":"has-post-thumbnail","6":"product_brand-ortoalresa-alvarez-redondo-s-a","7":"product_cat-bendra-laboratorine-iranga","8":"product_cat-centrifugos","9":"product_cat-laboratorine-iranga","10":"product_tag-centrifuges","11":"product_tag-centrifugos","12":"product_tag-ortoalresa-alvarez-redondo-s-a","13":"product_tag-refrigerated-centrifuges","14":"product_tag-saldomos-centrifugos","16":"first","17":"onbackorder","18":"shipping-taxable","19":"purchasable","20":"product-type-simple"},"_links":{"self":[{"href":"https:\/\/labostera.lt\/lv\/wp-json\/wp\/v2\/product\/16562","targetHints":{"allow":["GET"]}}],"collection":[{"href":"https:\/\/labostera.lt\/lv\/wp-json\/wp\/v2\/product"}],"about":[{"href":"https:\/\/labostera.lt\/lv\/wp-json\/wp\/v2\/types\/product"}],"wp:featuredmedia":[{"embeddable":true,"href":"https:\/\/labostera.lt\/lv\/wp-json\/wp\/v2\/media\/16563"}],"wp:attachment":[{"href":"https:\/\/labostera.lt\/lv\/wp-json\/wp\/v2\/media?parent=16562"}],"wp:term":[{"taxonomy":"product_cat","embeddable":true,"href":"https:\/\/labostera.lt\/lv\/wp-json\/wp\/v2\/product_cat?post=16562"},{"taxonomy":"product_tag","embeddable":true,"href":"https:\/\/labostera.lt\/lv\/wp-json\/wp\/v2\/product_tag?post=16562"}],"curies":[{"name":"wp","href":"https:\/\/api.w.org\/{rel}","templated":true}]}}