{"id":16560,"date":"2023-11-22T09:29:52","date_gmt":"2023-11-22T09:29:52","guid":{"rendered":"http:\/\/labostera.lt\/?post_type=product&#038;p=16560"},"modified":"2024-01-25T15:10:19","modified_gmt":"2024-01-25T13:10:19","slug":"centrifuga-ortoalresa-biocen-22-centrifuge","status":"publish","type":"product","link":"https:\/\/labostera.lt\/lv\/priemones-ir-iranga\/laboratorine-iranga\/bendra-laboratorine-iranga\/centrifugos\/centrifuga-ortoalresa-biocen-22-centrifuge\/","title":{"rendered":"Centrif\u016bga ORTOALRESA Biocen 22 centrif\u016bga"},"content":{"rendered":"<h2><strong>\u201e&quot;ORTOALRESA Alvarez Redondo SA&quot; Biocen 22 centrif\u016bga<\/strong><\/h2>\n<ul>\n<li>\n        <strong>Biocen 22 centrif\u016bga<\/strong><\/p>\n<p>Biocen 22 ir m\u016bsu pied\u0101v\u0101jums lietot\u0101jiem, kuri mekl\u0113 mikrocentrif\u016bgu ar potenci\u0101lu pielietojumu mikrohematokr\u012bta un mikrom\u0113\u0123enu noteik\u0161anai. T\u0101s mazais izm\u0113rs, lab\u0101 veiktsp\u0113ja un augst\u0101 daudzpus\u012bba padara to par neaizst\u0101jamu instrumentu. T\u0101 nodro\u0161ina lietot\u0101jam piln\u012bgu kontroli jau no procesa s\u0101kuma, un daudzas v\u0113rt\u012bbas var piel\u0101got procesiem. T\u0101 ir izstr\u0101d\u0101ta, lai nodro\u0161in\u0101tu minim\u0101lu temperat\u016bras paaugstin\u0101\u0161anos kamer\u0101, pateicoties \u0101trgaitas procesam.<\/p>\n<ul>\n<li>\n                <strong>Funkcijas:<\/strong><\/p>\n<ul>\n<li>Ekr\u0101ns:\n<ul>\n<li>R\u0101da apgriezienus min\u016bt\u0113 un relat\u012bvo centrb\u0113dzes sp\u0113ku (RPM\/RCF), laiku.<\/li>\n<li>\u0100truma programm\u0113\u0161ana ar 50 apgr.\/min.\/10 xg soli.<\/li>\n<li>Skait\u012b\u0161ana uz aug\u0161u\/uz leju no \u201c0\u201d vai \u201ciestat\u012bts RPM\/RCF\u201d atk\u0101rtojamiem testiem.<\/li>\n<li>Taimeris no 1 l\u012bdz 99 min\u016bt\u0113m, programm\u0113jams ar 1 min\u016btes soli. pak\u0101pienos un fiks\u0113t\u0101 poz\u012bcij\u0101.<\/li>\n<li>Pal\u0113nin\u0101juma kontrole 3 l\u012bme\u0146os: \u0101trs, maigs un br\u012bvs.<\/li>\n<li>Akustiskie un vizu\u0101lie zi\u0146ojumi ekr\u0101n\u0101 nor\u0101da lietot\u0101jam ier\u012bces statusu.<\/li>\n<\/ul>\n<\/li>\n<li>Viegli lietojams:\n<ul>\n<li>Mikroprocesora vad\u012bts.<\/li>\n<li>Bezkontaktu, bezapkopes indukcijas motors.<\/li>\n<li>Rotora saraksts atmi\u0146\u0101.<\/li>\n<li>Trok\u0161\u0146a l\u012bmenis: maz\u0101ks par 60 dB.<\/li>\n<li>S\u0101k\u0161anas, aptur\u0113\u0161anas, v\u0101ka atv\u0113r\u0161anas un \u012bs\u0101s grie\u0161an\u0101s pogas ar regul\u0113jamu \u0101trumu.<\/li>\n<li>Sp\u0113ja fiks\u0113t vai main\u012bt \u0101trumu cikla laik\u0101.<\/li>\n<li>Autom\u0101tiska v\u0101ka atv\u0113r\u0161ana, programm\u0113jama.<\/li>\n<li>Zems augstums \u0113rtai piek\u013cuvei.<\/li>\n<li>P\u0113d\u0113j\u0101s v\u0113rt\u012bbas paliek atmi\u0146\u0101.<\/li>\n<li>Aizsardz\u012bba pret p\u0101rslodzi.<\/li>\n<\/ul>\n<\/li>\n<li>Dro\u0161\u012bba:\n<ul>\n<li>P\u0101rkl\u0101jums ar dro\u0161\u012bbas sist\u0113m\u0101m:\n<ul>\n<li>Autom\u0101tiska v\u0101ka aizv\u0113r\u0161anas sist\u0113ma, motoriz\u0113ta.<\/li>\n<li>Av\u0101rijas v\u0101ka atv\u0113r\u0161ana.<\/li>\n<li>Blo\u0137\u0113\u0161ana un aizsardz\u012bba pret atv\u0113r\u0161anu vis\u0101 palai\u0161anas laik\u0101.<\/li>\n<li>V\u0101ka aizsardz\u012bba pret kritienu.<\/li>\n<li>V\u0101ka e\u0146\u0123e kalibr\u0113\u0161anai un darb\u012bbas p\u0101rbaudei.<\/li>\n<\/ul>\n<\/li>\n<li>Noraid\u012b\u0161anas atkl\u0101\u0161ana un nov\u0113r\u0161ana.<\/li>\n<li>Aizsargdro\u0161\u012bbas sloksne starp centrifug\u0113\u0161anas kameru un korpusu.<\/li>\n<li>Centrif\u016bgas kamera izgatavota no ner\u016bs\u0113jo\u0161\u0101 t\u0113rauda (viegli t\u012br\u0101ma).<\/li>\n<li>Rotorus var iz\u0146emt, aizverot v\u0101ku. Herm\u0113lija cepures.<\/li>\n<li>Rotori un adapteri ir autokl\u0101v\u0113jami, un lietot\u0101js tos var viegli uzst\u0101d\u012bt.<\/li>\n<li>Piespiedu ventil\u0101cija, lai samazin\u0101tu temperat\u016bras paaugstin\u0101\u0161anos.<\/li>\n<li>Autom\u0101tiska ener\u0123ijas taup\u012b\u0161anas izsl\u0113g\u0161an\u0101s l\u012bdz pat 8 stund\u0101m, ar iesp\u0113ju to izsl\u0113gt.<\/li>\n<\/ul>\n<\/li>\n<\/ul>\n<\/li>\n<li><strong>ES direkt\u012bvas:<\/strong> 2011\/65\/ES, 2012\/19\/ES, 2014\/30\/ES, 2014\/35\/ES, 98\/79\/EK.<\/li>\n<li><strong>Standarti:<\/strong> EN 61010-1, EN 61010-2-101, EN 61010-2-020, EN 61326-2-6, EN 61326-1.<\/li>\n<\/ul>\n<\/li>\n<\/ul>\n<h3>Centrif\u016bgas \u2013 Rotors \u2013 <a href=\"http:\/\/labostera.lt\/lv\/product-brand\/ortoalresa-alvarez-redondo-s-a\/\" target=\"_blank\" rel=\"noopener\">ORTHOALRESA<\/a><\/h3>\n<p>Vair\u0101k inform\u0101cijas: <strong><a href=\"https:\/\/ortoalresa.com\/en\/centrifugas\/biocen-22\/\" target=\"_blank\" rel=\"noopener nofollow\">ra\u017eot\u0101ja t\u012bmek\u013ca vietn\u0113<\/a><\/strong> vai nos\u016btiet mums piepras\u012bjumu!<\/p>","protected":false},"excerpt":{"rendered":"<p><strong>Pied\u0101v\u0101jam pla\u0161u ier\u012b\u010du izv\u0113li no Sp\u0101nijas ra\u017eot\u0101ja &quot;ORTOALRESA Alvarez Redondo SA&quot;<\/strong>, kura uz\u0146\u0113mums koncentr\u0113jas uz produktu un procesu efektivit\u0101tes nep\u0101rtrauktu uzlabo\u0161anu, cen\u0161oties pied\u0101v\u0101t lab\u0101kos tehnolo\u0123iskos risin\u0101jumus medic\u012bnas, tehniski zin\u0101tnisk\u0101s p\u0113tniec\u012bbas un r\u016bpniec\u012bbas nozar\u0113m kopum\u0101.<\/p>","protected":false},"featured_media":16561,"template":"","meta":[],"product_cat":[84,113,76],"product_tag":[483,482,481],"class_list":{"0":"post-16560","1":"product","2":"type-product","3":"status-publish","4":"has-post-thumbnail","6":"product_brand-ortoalresa-alvarez-redondo-s-a","7":"product_cat-bendra-laboratorine-iranga","8":"product_cat-centrifugos","9":"product_cat-laboratorine-iranga","10":"product_tag-centrifuges","11":"product_tag-centrifugos","12":"product_tag-ortoalresa-alvarez-redondo-s-a","14":"first","15":"onbackorder","16":"shipping-taxable","17":"purchasable","18":"product-type-simple"},"_links":{"self":[{"href":"https:\/\/labostera.lt\/lv\/wp-json\/wp\/v2\/product\/16560","targetHints":{"allow":["GET"]}}],"collection":[{"href":"https:\/\/labostera.lt\/lv\/wp-json\/wp\/v2\/product"}],"about":[{"href":"https:\/\/labostera.lt\/lv\/wp-json\/wp\/v2\/types\/product"}],"wp:featuredmedia":[{"embeddable":true,"href":"https:\/\/labostera.lt\/lv\/wp-json\/wp\/v2\/media\/16561"}],"wp:attachment":[{"href":"https:\/\/labostera.lt\/lv\/wp-json\/wp\/v2\/media?parent=16560"}],"wp:term":[{"taxonomy":"product_cat","embeddable":true,"href":"https:\/\/labostera.lt\/lv\/wp-json\/wp\/v2\/product_cat?post=16560"},{"taxonomy":"product_tag","embeddable":true,"href":"https:\/\/labostera.lt\/lv\/wp-json\/wp\/v2\/product_tag?post=16560"}],"curies":[{"name":"wp","href":"https:\/\/api.w.org\/{rel}","templated":true}]}}