{"id":16557,"date":"2023-11-22T08:57:19","date_gmt":"2023-11-22T08:57:19","guid":{"rendered":"http:\/\/labostera.lt\/?post_type=product&#038;p=16557"},"modified":"2024-01-25T15:10:08","modified_gmt":"2024-01-25T13:10:08","slug":"saldoma-centrifuga-ortoalresa-biocen-22-r-refrigerated-centrifuge","status":"publish","type":"product","link":"https:\/\/labostera.lt\/lv\/priemones-ir-iranga\/laboratorine-iranga\/bendra-laboratorine-iranga\/centrifugos\/saldoma-centrifuga-ortoalresa-biocen-22-r-refrigerated-centrifuge\/","title":{"rendered":"Atdzes\u0113\u0161anas centrif\u016bga ORTOALRESA Biocen 22 R Atdzes\u0113\u0161anas centrif\u016bga"},"content":{"rendered":"<h2><strong>&quot;ORTOALRESA Alvarez Redondo SA&quot; Biocen 22 R atdzes\u0113ta centrif\u016bga<\/strong>:<\/h2>\n<ul>\n<li><strong>Biocen 22 R atdzes\u0113ta mikrocentrif\u016bga<\/strong> viena no lab\u0101kaj\u0101m iesp\u0113j\u0101m, ja nepiecie\u0161ams liels \u0101trums un da\u017e\u0101di cauru\u013cu form\u0101ti. Atdzes\u0113\u0161anas mikrocentrif\u016bga, kas apr\u012bkota ar pla\u0161u atdzes\u0113tu centrif\u016bgas rotoru kl\u0101stu, var apstr\u0101d\u0101t koniska tipa m\u0113\u0123enes no 0,2 ml l\u012bdz 15 ml. Dinamisk\u0101s sald\u0113\u0161anas iek\u0101rtas uztur v\u0113lamo temperat\u016bru, sasniedzot to \u012bs\u0101 laik\u0101 un saglab\u0101jot stabilit\u0101ti vis\u0101 cikl\u0101 neatkar\u012bgi no darb\u012bbas \u0101truma. Piel\u0101gojot apr\u012bkojuma opcijas, izmantojot programmat\u016bru, varat piel\u0101got darba ciklus procesam un lietot\u0101ja v\u0113lm\u0113m, t\u0101d\u0113j\u0101di optimiz\u0113jot laboratorijas darb\u012bbu. Centrif\u016bga Biocen 22 R ir ORTOALRESA centrifug\u0113\u0161anas zin\u0101\u0161anu virsotne, kas lietot\u0101jam materializ\u0113jas k\u0101 iztur\u012bga, daudzpus\u012bga un efekt\u012bva iek\u0101rta, kas lieliski iederas jebkur\u0101 laboratorij\u0101, \u012bpa\u0161i zin\u0101tnisk\u0101s p\u0113tniec\u012bbas un biotehnolo\u0123ijas jom\u0101.\n<ul>\n<li><strong>Funkcijas:<\/strong>\n<ul>\n<li>Ekr\u0101ns:\n<ul>\n<li>R\u0101da apgriezienus min\u016bt\u0113 un relat\u012bvo centrb\u0113dzes sp\u0113ku (RPM\/RCF), laiku, temperat\u016bru un pa\u0101trin\u0101juma\/pal\u0113nin\u0101juma (PCBS) inform\u0101ciju.<\/li>\n<li>\u0100truma programm\u0113\u0161ana ar 10 apgr.\/min.\/10 x g soli.<\/li>\n<li>Skait\u012b\u0161ana uz aug\u0161u\/uz leju no \u201c0\u201d vai \u201ciestat\u012bts RPM\/RCF\u201d atk\u0101rtojamiem testiem.<\/li>\n<li>Taimeris no 5 s l\u012bdz 99 min., programm\u0113jams ar 5 s soli un fiks\u0113ta poz\u012bcija.<\/li>\n<li>PCBS: Progres\u012bva vad\u012bbas bremz\u0113\u0161anas sist\u0113ma ar l\u012bdz pat 175 piel\u0101got\u0101m rampas izv\u0113l\u0113m, kas nov\u0113r\u0161 paraugu homogeniz\u0101ciju p\u0113c atdal\u012b\u0161anas.<\/li>\n<li>16 programm\u0113jamas atmi\u0146as vietas.<\/li>\n<li>Vair\u0101ki akustiski un vizu\u0101li zi\u0146ojumi ekr\u0101n\u0101 nor\u0101da lietot\u0101jam ier\u012bces statusu.<\/li>\n<\/ul>\n<\/li>\n<li>Viegli lietojams:\n<ul>\n<li>Mikroprocesora vad\u012bts.<\/li>\n<li>Bezkontaktu, bezapkopes indukcijas motors.<\/li>\n<li>Rotora saraksts atmi\u0146\u0101.<\/li>\n<li>Trok\u0161\u0146a l\u012bmenis: maz\u0101ks par 65 dB.<\/li>\n<li>S\u0101k\u0161anas, aptur\u0113\u0161anas, v\u0101ka atv\u0113r\u0161anas un \u012bs\u0101s grie\u0161an\u0101s pogas ar regul\u0113jamu \u0101trumu.<\/li>\n<li>Sp\u0113ja fiks\u0113t vai main\u012bt \u0101trumu cikla laik\u0101.<\/li>\n<li>Zems augstums \u0113rtai piek\u013cuvei.<\/li>\n<li>P\u0113d\u0113j\u0101s v\u0113rt\u012bbas paliek atmi\u0146\u0101.<\/li>\n<li>Autom\u0101tiska rotora atpaz\u012b\u0161ana. Aizsardz\u012bba pret p\u0101rslodzi.<\/li>\n<\/ul>\n<\/li>\n<li>Dro\u0161\u012bba:\n<ul>\n<li>P\u0101rkl\u0101jums ar dro\u0161\u012bbas sist\u0113m\u0101m:\n<ul>\n<li>Autom\u0101tiska v\u0101ka aizv\u0113r\u0161anas sist\u0113ma, motoriz\u0113ta.<\/li>\n<li>Av\u0101rijas v\u0101ka atv\u0113r\u0161ana.<\/li>\n<li>Blo\u0137\u0113\u0161ana un aizsardz\u012bba pret atv\u0113r\u0161anu vis\u0101 palai\u0161anas laik\u0101.<\/li>\n<li>V\u0101ka aizsardz\u012bba pret kritienu.<\/li>\n<li>V\u0101ka e\u0146\u0123e kalibr\u0113\u0161anai un darb\u012bbas p\u0101rbaudei.<\/li>\n<\/ul>\n<\/li>\n<li>Noraid\u012b\u0161anas atkl\u0101\u0161ana un nov\u0113r\u0161ana.<\/li>\n<li>Aizsargdro\u0161\u012bbas sloksne starp centrifug\u0113\u0161anas kameru un korpusu.<\/li>\n<li>Centrif\u016bgas kamera izgatavota no ner\u016bs\u0113jo\u0161\u0101 t\u0113rauda (viegli t\u012br\u0101ma).<\/li>\n<li>Rotorus var iz\u0146emt, aizverot v\u0101ku. Herm\u0113lija cepures.<\/li>\n<li>Rotori un adapteri ir autokl\u0101v\u0113jami, un lietot\u0101js tos var viegli uzst\u0101d\u012bt.<\/li>\n<li>Ventil\u0101cijas sist\u0113ma, lai samazin\u0101tu temperat\u016bras paaugstin\u0101\u0161anos.<\/li>\n<li>Autom\u0101tiska ener\u0123ijas taup\u012b\u0161anas izsl\u0113g\u0161an\u0101s l\u012bdz pat 8 stund\u0101m, ar iesp\u0113ju to izsl\u0113gt.<\/li>\n<\/ul>\n<\/li>\n<li>Sald\u0113\u0161ana:\n<ul>\n<li>Nodro\u0161ina dzes\u0113\u0161anu p\u0113c centrifug\u0113\u0161anas procesa.<\/li>\n<li>Dzes\u0113\u0161anas programma ar rotora rot\u0101ciju un papildu temperat\u016bru.<\/li>\n<li>Garant\u0113 4 \u00b0C maksim\u0101lajam \u0101trumam.<\/li>\n<li>Temperat\u016bras diapazons no -20 \u00b0C (-4 \u00b0F) l\u012bdz 40 \u00b0C (104 \u00b0F) ar 1 \u00b0C soli.<\/li>\n<li>Temperat\u016bras sensors kamer\u0101.<\/li>\n<li>G\u0101ze R 449A HFO (bez CFC).<\/li>\n<\/ul>\n<\/li>\n<\/ul>\n<\/li>\n<li><strong>ES direkt\u012bvas:<\/strong> 2011\/65\/ES, 2012\/19\/ES, 2014\/30\/ES, 2014\/35\/ES, 98\/79\/EK.<\/li>\n<li><strong>Noteikumu nr.:<\/strong> (EK) 1005\/2009, (ES) 517\/2014.<\/li>\n<li><strong>Standarti:<\/strong> EN 61010-1, EN 61010-2-101, EN 61010-2-020, EN 61326-2-6, EN 61326-1.<\/li>\n<\/ul>\n<\/li>\n<\/ul>\n<h3>Centrif\u016bgas \u2013 Rotors \u2013 <a href=\"http:\/\/labostera.lt\/lv\/product-brand\/ortoalresa-alvarez-redondo-s-a\/\" target=\"_blank\" rel=\"noopener\">ORTHOALRESA<\/a><\/h3>\n<p>Vair\u0101k inform\u0101cijas: <a href=\"https:\/\/ortoalresa.com\/en\/centrifugas\/biocen-22-r\/\" target=\"_blank\" rel=\"noopener nofollow\">ra\u017eot\u0101ja t\u012bmek\u013ca vietn\u0113<\/a> vai nos\u016btiet mums piepras\u012bjumu!<\/p>","protected":false},"excerpt":{"rendered":"<p><strong>Pied\u0101v\u0101jam pla\u0161u ier\u012b\u010du izv\u0113li no Sp\u0101nijas ra\u017eot\u0101ja &quot;ORTOALRESA Alvarez Redondo SA&quot;<\/strong>, kura uz\u0146\u0113mums koncentr\u0113jas uz produktu un procesu efektivit\u0101tes nep\u0101rtrauktu uzlabo\u0161anu, cen\u0161oties pied\u0101v\u0101t lab\u0101kos tehnolo\u0123iskos risin\u0101jumus medic\u012bnas, tehniski zin\u0101tnisk\u0101s p\u0113tniec\u012bbas un r\u016bpniec\u012bbas nozar\u0113m kopum\u0101.<\/p>","protected":false},"featured_media":16558,"template":"","meta":[],"product_cat":[84,113,76],"product_tag":[483,482,481,485,484],"class_list":{"0":"post-16557","1":"product","2":"type-product","3":"status-publish","4":"has-post-thumbnail","6":"product_brand-ortoalresa-alvarez-redondo-s-a","7":"product_cat-bendra-laboratorine-iranga","8":"product_cat-centrifugos","9":"product_cat-laboratorine-iranga","10":"product_tag-centrifuges","11":"product_tag-centrifugos","12":"product_tag-ortoalresa-alvarez-redondo-s-a","13":"product_tag-refrigerated-centrifuges","14":"product_tag-saldomos-centrifugos","16":"first","17":"onbackorder","18":"shipping-taxable","19":"purchasable","20":"product-type-simple"},"_links":{"self":[{"href":"https:\/\/labostera.lt\/lv\/wp-json\/wp\/v2\/product\/16557","targetHints":{"allow":["GET"]}}],"collection":[{"href":"https:\/\/labostera.lt\/lv\/wp-json\/wp\/v2\/product"}],"about":[{"href":"https:\/\/labostera.lt\/lv\/wp-json\/wp\/v2\/types\/product"}],"wp:featuredmedia":[{"embeddable":true,"href":"https:\/\/labostera.lt\/lv\/wp-json\/wp\/v2\/media\/16558"}],"wp:attachment":[{"href":"https:\/\/labostera.lt\/lv\/wp-json\/wp\/v2\/media?parent=16557"}],"wp:term":[{"taxonomy":"product_cat","embeddable":true,"href":"https:\/\/labostera.lt\/lv\/wp-json\/wp\/v2\/product_cat?post=16557"},{"taxonomy":"product_tag","embeddable":true,"href":"https:\/\/labostera.lt\/lv\/wp-json\/wp\/v2\/product_tag?post=16557"}],"curies":[{"name":"wp","href":"https:\/\/api.w.org\/{rel}","templated":true}]}}