{"id":16553,"date":"2023-11-22T07:55:47","date_gmt":"2023-11-22T07:55:47","guid":{"rendered":"http:\/\/labostera.lt\/?post_type=product&#038;p=16553"},"modified":"2024-01-25T15:09:43","modified_gmt":"2024-01-25T13:09:43","slug":"centrifuga-ortoalresa-minicen-centrifuge","status":"publish","type":"product","link":"https:\/\/labostera.lt\/lv\/priemones-ir-iranga\/laboratorine-iranga\/bendra-laboratorine-iranga\/centrifugos\/centrifuga-ortoalresa-minicen-centrifuge\/","title":{"rendered":"Centrif\u016bga ORTHOALRESA Minicen centrif\u016bga"},"content":{"rendered":"<h2><strong>\u201e&quot;ORTOALRESA Alvarez Redondo SA&quot; Minicen centrif\u016bga<\/strong><\/h2>\n<p>\u201eORTOALRESA Alvarez Redondo SA Minicen centrif\u016bgai ir \u0161\u0101das funkcijas:<\/p>\n<ul>\n<li><strong>J\u016bsu person\u012bg\u0101 centrif\u016bga<\/strong> \u2013 kompakts, \u0101trs, uzticams un ar prec\u012bzu darb\u012bbas parametru kontroli. B\u016btiska mikrotilpumu atdal\u012b\u0161anas procesiem, kur nepiecie\u0161ams augsts relat\u012bvais centrb\u0113dzes sp\u0113ks. Minicen centrif\u016bgai ir rotors divpadsmit 1,5\u20132 ml m\u0113\u0123en\u0113m, kas sasniedz 15\u00a0000 apgr.\/min un l\u012bdz 15\u00a0596 x g. Pieejama ar\u012b ar redukcijas ier\u012bc\u0113m 0,5\u20130,6 ml un 0,2\u20130,4 ml m\u0113\u0123en\u0113m, t\u0101d\u0113j\u0101di apmierinot visu veidu mikrom\u0113\u0123enu iek\u0101rtu vajadz\u012bbas. Maz\u0101k\u0101 \u0161aj\u0101 saim\u0113, ko raksturo augst\u0101kie sasniegumi.\n<ul>\n<li><strong>Funkcijas:<\/strong>\n<ul>\n<li>Mazs platums: svars 5 kg.<\/li>\n<li>LCD displejs:\n<ul>\n<li>Par\u0101da apgriezienus min\u016bt\u0113\/relat\u012bvo centrb\u0113dzes sp\u0113ku (RPM\/RCF), laiku, rotora virpuli un v\u0101ka statusu.<\/li>\n<li>\u0100truma programm\u0113\u0161ana ar 100 apgr.\/min.\/100 x g soli.<\/li>\n<li>Taimeris no 30 s l\u012bdz 999 min, programm\u0113jams ar 1 s soli vai fiks\u0113t\u0101 poz\u012bcij\u0101.<\/li>\n<li>Taimeris ar atpaka\u013cskait\u012b\u0161anu noteikt\u0101 laik\u0101.<\/li>\n<li>Vair\u0101ki audio un vizu\u0101li zi\u0146ojumi, kas lietot\u0101jam nor\u0101da iek\u0101rtas statusu.<\/li>\n<\/ul>\n<\/li>\n<li>Viegli lietojams:\n<ul>\n<li>Mikroprocesora vad\u012bts.<\/li>\n<li>Piek\u013cuve datoram, izmantojot USB.<\/li>\n<li>Bezkontaktu, bezapkopes indukcijas motors.<\/li>\n<li>Trok\u0161\u0146a l\u012bmenis: maz\u0101ks par 60 dB.<\/li>\n<li>Pogas: starts, \u012bsa izgrie\u0161ana, aptur\u0113\u0161ana, v\u0101ka atv\u0113r\u0161ana, \u0101trums, laiks un apgriezieni min\u016bt\u0113\/apgriezienu skaits min\u016bt\u0113.<\/li>\n<li>Sp\u0113ja main\u012bt \u0101trumu cikla laik\u0101.<\/li>\n<li>Autom\u0101tiska v\u0101ka atv\u0113r\u0161ana.<\/li>\n<li>P\u0113d\u0113j\u0101s v\u0113rt\u012bbas paliek atmi\u0146\u0101.<\/li>\n<\/ul>\n<\/li>\n<li>Dro\u0161\u012bba:\n<ul>\n<li>P\u0101rkl\u0101jums ar dro\u0161\u012bbas sist\u0113m\u0101m:\n<ul>\n<li>Autom\u0101tiska v\u0101ka aizv\u0113r\u0161anas sist\u0113ma, elektromeh\u0101niska.<\/li>\n<li>Negaid\u012bta v\u0101ka atv\u0113r\u0161an\u0101s.<\/li>\n<li>Blo\u0137\u0113\u0161anas un pretatv\u0113r\u0161anas sist\u0113ma ilgu laiku.<\/li>\n<li>V\u0101ka aizsardz\u012bba pret kritienu.<\/li>\n<li>V\u0101ka regul\u0113\u0161ana kalibr\u0113\u0161anai un darba p\u0101rbaudei.<\/li>\n<\/ul>\n<\/li>\n<li>Net\u012brumu noteik\u0161ana un izsl\u0113g\u0161ana.<\/li>\n<li>Rotoru var no\u0146emt ar aizv\u0113rtu v\u0101ku. Herm\u0113tiski v\u0101ki.<\/li>\n<li>Rotori un adapteri ir autokl\u0101v\u0113jami un lietot\u0101jam tos ir viegli uzst\u0101d\u012bt.<\/li>\n<li>Ventil\u0101cijas sist\u0113ma, lai samazin\u0101tu temperat\u016bras paaugstin\u0101\u0161anos.<\/li>\n<\/ul>\n<\/li>\n<\/ul>\n<\/li>\n<li><strong>Dro\u0161\u012bbas instrukcijas:<\/strong> 2011\/65\/ES, 2012\/19\/ES, 2014\/30\/ES, 2014\/35\/ES, 98\/79\/EK.<\/li>\n<li><strong>Standarti:<\/strong> EN 61010-1, EN 61010-2-101, EN 61010-2-020, EN 61326-2-6, EN 61326-1.<\/li>\n<\/ul>\n<\/li>\n<\/ul>\n<h3>Centrif\u016bgas \u2013 Rotors \u2013 <a href=\"http:\/\/labostera.lt\/lv\/product-brand\/ortoalresa-alvarez-redondo-s-a\/\" target=\"_blank\" rel=\"noopener\">ORTHOALRESA<\/a><\/h3>\n<p>Vair\u0101k inform\u0101cijas: <strong><a href=\"https:\/\/ortoalresa.com\/en\/centrifugas\/minicen\/\" target=\"_blank\" rel=\"noopener nofollow\">ra\u017eot\u0101ja t\u012bmek\u013ca vietn\u0113<\/a><\/strong> vai nos\u016btiet mums piepras\u012bjumu!<\/p>","protected":false},"excerpt":{"rendered":"<p><strong>Pied\u0101v\u0101jam pla\u0161u ier\u012b\u010du izv\u0113li no Sp\u0101nijas ra\u017eot\u0101ja &quot;ORTOALRESA Alvarez Redondo SA&quot;<\/strong>, kura uz\u0146\u0113mums koncentr\u0113jas uz produktu un procesu efektivit\u0101tes nep\u0101rtrauktu uzlabo\u0161anu, cen\u0161oties pied\u0101v\u0101t lab\u0101kos tehnolo\u0123iskos risin\u0101jumus medic\u012bnas, tehniski zin\u0101tnisk\u0101s p\u0113tniec\u012bbas un r\u016bpniec\u012bbas nozar\u0113m kopum\u0101.<\/p>","protected":false},"featured_media":16554,"template":"","meta":[],"product_cat":[84,113,76],"product_tag":[483,482,481],"class_list":{"0":"post-16553","1":"product","2":"type-product","3":"status-publish","4":"has-post-thumbnail","6":"product_brand-ortoalresa-alvarez-redondo-s-a","7":"product_cat-bendra-laboratorine-iranga","8":"product_cat-centrifugos","9":"product_cat-laboratorine-iranga","10":"product_tag-centrifuges","11":"product_tag-centrifugos","12":"product_tag-ortoalresa-alvarez-redondo-s-a","14":"first","15":"onbackorder","16":"shipping-taxable","17":"purchasable","18":"product-type-simple"},"_links":{"self":[{"href":"https:\/\/labostera.lt\/lv\/wp-json\/wp\/v2\/product\/16553","targetHints":{"allow":["GET"]}}],"collection":[{"href":"https:\/\/labostera.lt\/lv\/wp-json\/wp\/v2\/product"}],"about":[{"href":"https:\/\/labostera.lt\/lv\/wp-json\/wp\/v2\/types\/product"}],"wp:featuredmedia":[{"embeddable":true,"href":"https:\/\/labostera.lt\/lv\/wp-json\/wp\/v2\/media\/16554"}],"wp:attachment":[{"href":"https:\/\/labostera.lt\/lv\/wp-json\/wp\/v2\/media?parent=16553"}],"wp:term":[{"taxonomy":"product_cat","embeddable":true,"href":"https:\/\/labostera.lt\/lv\/wp-json\/wp\/v2\/product_cat?post=16553"},{"taxonomy":"product_tag","embeddable":true,"href":"https:\/\/labostera.lt\/lv\/wp-json\/wp\/v2\/product_tag?post=16553"}],"curies":[{"name":"wp","href":"https:\/\/api.w.org\/{rel}","templated":true}]}}