{"id":16542,"date":"2023-11-17T12:19:20","date_gmt":"2023-11-17T12:19:20","guid":{"rendered":"http:\/\/labostera.lt\/?post_type=product&#038;p=16542"},"modified":"2024-01-22T11:42:51","modified_gmt":"2024-01-22T09:42:51","slug":"vandenilio-kanistras-heliocentris-mhs-series-metal-hydride-storage-canisters","status":"publish","type":"product","link":"https:\/\/labostera.lt\/lv\/priemones-ir-iranga\/laboratorine-iranga\/bendra-laboratorine-iranga\/duju-generatoriai\/vandenilio-kanistras-heliocentris-mhs-series-metal-hydride-storage-canisters\/","title":{"rendered":"\u016ade\u0146ra\u017ea tvertnes Heliocentris MHS s\u0113rijas met\u0101la hidr\u012bda uzglab\u0101\u0161anas tvertnes"},"content":{"rendered":"<h2><strong>Heliocentris Academia International GmbH MHS s\u0113rijas \u016bde\u0146ra\u017ea tvertne<\/strong><\/h2>\n<p>Heliocentris Academia International GmbH MHS s\u0113rijas \u016bde\u0146ra\u017ea tvertnes raksturojums:<\/p>\n<ul>\n<li>\n        <strong>Kompakta un dro\u0161a zemspiediena \u016bde\u0146ra\u017ea uzglab\u0101\u0161ana:<\/strong><\/p>\n<ul>\n<li>Heliocentris met\u0101la hidr\u012bda uzglab\u0101\u0161anas tvertnes (MHS) \u013cauj dro\u0161i un kompakti uzglab\u0101t lielu daudzumu \u016bde\u0146ra\u017ea zem\u0101 spiedien\u0101.<\/li>\n<li>Sal\u012bdzinot ar spiediena uzglab\u0101\u0161anu, Heliocentris met\u0101la hidr\u012bda uzglab\u0101\u0161anas tvertnes var uzglab\u0101t vair\u0101kas reizes vair\u0101k \u016bde\u0146ra\u017ea zem\u0101 spiedien\u0101.<\/li>\n<li>Met\u0101la hidr\u012bda uzglab\u0101\u0161anas kannas ir pieejamas tr\u012bs da\u017e\u0101dos ietilp\u012bbas izm\u0113ros no 200 litriem l\u012bdz 800 litriem ar uzpildes spiedienu 25 b\u0101ri.<\/li>\n<li>MHS 200 uzglab\u0101\u0161anas tvertnes atbilst Spiediena iek\u0101rtu direkt\u012bvas 4.3. panta pras\u012bb\u0101m, un MHS 800 atbilst 1. kategorijas pras\u012bb\u0101m, t\u0101d\u0113j\u0101di samazinot \u0161\u0137\u0113r\u0161\u013cus \u016bde\u0146ra\u017ea izmanto\u0161anai sal\u012bdzin\u0101jum\u0101 ar spiediena uzglab\u0101\u0161anas ier\u012bc\u0113m.<\/li>\n<\/ul>\n<\/li>\n<\/ul>\n<h3>Izgl\u012bt\u012bba\u00a0\u2014 STEM komplekti\/simulatori\u00a0\u2014 <a href=\"http:\/\/labostera.lt\/lv\/product-brand\/heliocentris-academia-international-gmbh\/\" target=\"_blank\" rel=\"noopener\">Heliocentrs<\/a><\/h3>\n<p>Vair\u0101k inform\u0101cijas: <strong><a href=\"https:\/\/www.heliocentrisacademia.com\/metal-hydride-storage-canisters\/p1522\" target=\"_blank\" rel=\"noopener nofollow\">ra\u017eot\u0101ja t\u012bmek\u013ca vietn\u0113<\/a><\/strong> vai nos\u016btiet mums piepras\u012bjumu!<\/p>","protected":false},"excerpt":{"rendered":"<p><strong>Pied\u0101v\u0101jam pla\u0161u ier\u012b\u010du izv\u0113li no v\u0101cu ra\u017eot\u0101ja Heliocentris Academia International GmbH<\/strong>, kura uz\u0146\u0113mums koncentr\u0113jas uz produktu un procesu efektivit\u0101tes nep\u0101rtrauktu uzlabo\u0161anu, cen\u0161oties pied\u0101v\u0101t lab\u0101kos tehnolo\u0123iskos risin\u0101jumus STEM tehniski zin\u0101tnisk\u0101s p\u0113tniec\u012bbas nozar\u0113m kopum\u0101.<\/p>","protected":false},"featured_media":16546,"template":"","meta":[],"product_cat":[84,114,76],"product_tag":[466,477,476],"class_list":{"0":"post-16542","1":"product","2":"type-product","3":"status-publish","4":"has-post-thumbnail","6":"product_brand-heliocentris-academia-international-gmbh","7":"product_cat-bendra-laboratorine-iranga","8":"product_cat-duju-generatoriai","9":"product_cat-laboratorine-iranga","10":"product_tag-heliocentris-academia-international-gmbh","11":"product_tag-hydrogen-canisters","12":"product_tag-vandenilio-kanistrai","14":"first","15":"onbackorder","16":"shipping-taxable","17":"purchasable","18":"product-type-variable"},"_links":{"self":[{"href":"https:\/\/labostera.lt\/lv\/wp-json\/wp\/v2\/product\/16542","targetHints":{"allow":["GET"]}}],"collection":[{"href":"https:\/\/labostera.lt\/lv\/wp-json\/wp\/v2\/product"}],"about":[{"href":"https:\/\/labostera.lt\/lv\/wp-json\/wp\/v2\/types\/product"}],"wp:featuredmedia":[{"embeddable":true,"href":"https:\/\/labostera.lt\/lv\/wp-json\/wp\/v2\/media\/16546"}],"wp:attachment":[{"href":"https:\/\/labostera.lt\/lv\/wp-json\/wp\/v2\/media?parent=16542"}],"wp:term":[{"taxonomy":"product_cat","embeddable":true,"href":"https:\/\/labostera.lt\/lv\/wp-json\/wp\/v2\/product_cat?post=16542"},{"taxonomy":"product_tag","embeddable":true,"href":"https:\/\/labostera.lt\/lv\/wp-json\/wp\/v2\/product_tag?post=16542"}],"curies":[{"name":"wp","href":"https:\/\/api.w.org\/{rel}","templated":true}]}}