{"id":16537,"date":"2023-11-17T11:41:36","date_gmt":"2023-11-17T11:41:36","guid":{"rendered":"http:\/\/labostera.lt\/?post_type=product&#038;p=16537"},"modified":"2024-02-20T13:29:32","modified_gmt":"2024-02-20T11:29:32","slug":"vandenilio-generatorius-heliocentris-hg-rack-series-hydrogen-generator","status":"publish","type":"product","link":"https:\/\/labostera.lt\/lv\/priemones-ir-iranga\/laboratorine-iranga\/bendra-laboratorine-iranga\/duju-generatoriai\/vandenilio-generatorius-heliocentris-hg-rack-series-hydrogen-generator\/","title":{"rendered":"\u016ade\u0146ra\u017ea \u0123enerators Heliocentris HG Rack s\u0113rijas \u016bde\u0146ra\u017ea \u0123enerators"},"content":{"rendered":"<h2><strong>Heliocentris Academia International GmbH HG Rack s\u0113rijas \u016bde\u0146ra\u017ea \u0123enerators<\/strong><\/h2>\n<p>Heliocentris Academia International GmbH HG Rack s\u0113rijas \u016bde\u0146ra\u017ea \u0123eneratori (HG 30 | 198) \u013cauj ra\u017eot augstas t\u012br\u012bbas pak\u0101pes \u016bde\u0146radi (99,9999 % tilp.) laboratorijas un p\u0113tniec\u012bbas vajadz\u012bb\u0101m. Ide\u0101li piem\u0113rots gan degvielas elementu sist\u0113mu tie\u0161ai darb\u012bbai, gan zemspiediena met\u0101la hidr\u012bda cilindru uzpild\u012b\u0161anai.<\/p>\n<ul>\n<li><strong>\u016ade\u0146ra\u017ea ra\u017eo\u0161ana:<\/strong> 30 | 198 sl\/h.<\/li>\n<li><strong>Elektroener\u0123ijas pat\u0113ri\u0146\u0161:<\/strong> 450 | 560 VA.<\/li>\n<li><strong>\u016ade\u0146ra\u017ea t\u012br\u012bba:<\/strong> 6,0 (99,9999 % tilp.).<\/li>\n<li><strong>\u016ade\u0146ra\u017ea spiediens:<\/strong> 0,1\u202616 b\u0101ri (1\u2026232 psi).<\/li>\n<li><strong>Izm\u0113rs:<\/strong> Standarta 19 collu plaukts 4U \u2013 dzi\u013cums 40 cm.<\/li>\n<li><strong>Svars (nepiepild\u012bts):<\/strong> 22 | 25 kg.<\/li>\n<li><strong>Klienta programmat\u016bra (p\u0113c izv\u0113les).<\/strong><\/li>\n<\/ul>\n<h3>Izgl\u012bt\u012bba\u00a0\u2014 STEM komplekti\/simulatori\u00a0\u2014 <a href=\"http:\/\/labostera.lt\/lv\/product-brand\/heliocentris-academia-international-gmbh\/\" target=\"_blank\" rel=\"noopener\">Heliocentrs<\/a><\/h3>\n<p>Vair\u0101k inform\u0101cijas: <strong><a href=\"https:\/\/www.heliocentrisacademia.com\/hydrogen-generator\/p1520\" target=\"_blank\" rel=\"noopener nofollow\">ra\u017eot\u0101ja t\u012bmek\u013ca vietn\u0113<\/a><\/strong> vai nos\u016btiet mums piepras\u012bjumu!<\/p>","protected":false},"excerpt":{"rendered":"<p><strong>Pied\u0101v\u0101jam pla\u0161u ier\u012b\u010du izv\u0113li no v\u0101cu ra\u017eot\u0101ja Heliocentris Academia International GmbH<\/strong>, kura uz\u0146\u0113mums koncentr\u0113jas uz produktu un procesu efektivit\u0101tes nep\u0101rtrauktu uzlabo\u0161anu, cen\u0161oties pied\u0101v\u0101t lab\u0101kos tehnolo\u0123iskos risin\u0101jumus STEM tehniski zin\u0101tnisk\u0101s p\u0113tniec\u012bbas nozar\u0113m kopum\u0101.<\/p>","protected":false},"featured_media":16538,"template":"","meta":[],"product_cat":[84,114,76],"product_tag":[466,475,474],"class_list":{"0":"post-16537","1":"product","2":"type-product","3":"status-publish","4":"has-post-thumbnail","6":"product_brand-heliocentris-academia-international-gmbh","7":"product_cat-bendra-laboratorine-iranga","8":"product_cat-duju-generatoriai","9":"product_cat-laboratorine-iranga","10":"product_tag-heliocentris-academia-international-gmbh","11":"product_tag-hydrogen-generators","12":"product_tag-vandenilio-generatoriai","14":"first","15":"onbackorder","16":"shipping-taxable","17":"purchasable","18":"product-type-variable"},"_links":{"self":[{"href":"https:\/\/labostera.lt\/lv\/wp-json\/wp\/v2\/product\/16537","targetHints":{"allow":["GET"]}}],"collection":[{"href":"https:\/\/labostera.lt\/lv\/wp-json\/wp\/v2\/product"}],"about":[{"href":"https:\/\/labostera.lt\/lv\/wp-json\/wp\/v2\/types\/product"}],"wp:featuredmedia":[{"embeddable":true,"href":"https:\/\/labostera.lt\/lv\/wp-json\/wp\/v2\/media\/16538"}],"wp:attachment":[{"href":"https:\/\/labostera.lt\/lv\/wp-json\/wp\/v2\/media?parent=16537"}],"wp:term":[{"taxonomy":"product_cat","embeddable":true,"href":"https:\/\/labostera.lt\/lv\/wp-json\/wp\/v2\/product_cat?post=16537"},{"taxonomy":"product_tag","embeddable":true,"href":"https:\/\/labostera.lt\/lv\/wp-json\/wp\/v2\/product_tag?post=16537"}],"curies":[{"name":"wp","href":"https:\/\/api.w.org\/{rel}","templated":true}]}}