{"id":16535,"date":"2023-11-16T14:58:57","date_gmt":"2023-11-16T14:58:57","guid":{"rendered":"http:\/\/labostera.lt\/?post_type=product&#038;p=16535"},"modified":"2024-01-22T11:29:03","modified_gmt":"2024-01-22T09:29:03","slug":"edukacinis-simuliatorius-heliocentris-new-energy-lab","status":"publish","type":"product","link":"https:\/\/labostera.lt\/lv\/priemones-ir-iranga\/mokymo-priemones-ir-iranga\/simuliatoriai\/edukacinis-simuliatorius-heliocentris-new-energy-lab\/","title":{"rendered":"Izgl\u012btojo\u0161s simulators Heliocentris Jaun\u0101s ener\u0123ijas laboratorija"},"content":{"rendered":"<h2><strong>Heliocentris Academia International GmbH jaun\u0101s ener\u0123ijas laboratorijas m\u0101c\u012bbu simulators<\/strong><\/h2>\n<p>Heliocentris Academia International GmbH Jaun\u0101 ener\u0123ijas laboratorija ir visaptvero\u0161a ener\u0123ijas sist\u0113ma, kas paredz\u0113ta praktisku zin\u0101\u0161anu nodo\u0161anai par ener\u0123ijas p\u0101rvald\u012bbu. Sist\u0113ma apvieno atjaunojam\u0101s ener\u0123ijas ra\u017eo\u0161anu no saules, v\u0113ja un degvielas elementiem ar modern\u0101m ener\u0123ijas uzkr\u0101\u0161anas tehnolo\u0123ij\u0101m.<\/p>\n<ul>\n<li>\n        <strong>Galven\u0101s iez\u012bmes:<\/strong><\/p>\n<ul>\n<li>Saules, v\u0113ja, \u016bde\u0146ra\u017ea un degvielas elementu tehnolo\u0123iju laboratorija.<\/li>\n<li>Hibr\u012bda sist\u0113mas izveide, izmantojot saules, v\u0113ja, \u016bde\u0146ra\u017ea un degvielas elementu tehnolo\u0123ijas, k\u0101 ar\u012b akumulatorus.<\/li>\n<li>Augsta uzticam\u012bba un dro\u0161\u012bba.<\/li>\n<li>Visaptvero\u0161a sist\u0113mas programmat\u016bra.<\/li>\n<\/ul>\n<\/li>\n<li>\n        <strong>Programmat\u016bra:<\/strong><\/p>\n<ul>\n<li>Sist\u0113mas p\u0101rskats, darb\u012bba un sast\u0101vda\u013cu skaidrojums.<\/li>\n<li>Visas sist\u0113mas un atsevi\u0161\u0137u komponentu efektivit\u0101tes anal\u012bze.<\/li>\n<li>Br\u012bvi konfigur\u0113jami m\u0113r\u012bjumi.<\/li>\n<li>Visas sist\u0113mas un atsevi\u0161\u0137u komponentu jaudas l\u012bdzsvaro\u0161ana.<\/li>\n<li>Sist\u0113mas efektivit\u0101tes sh\u0113ma un pl\u016bsmas diagramma.<\/li>\n<li>Katras komponentes sprieguma un str\u0101vas displejs.<\/li>\n<li>\u016ade\u0146ra\u017ea cikla monitorings.<\/li>\n<li>Slodzes profilu izveide un glab\u0101\u0161ana.<\/li>\n<\/ul>\n<\/li>\n<li>\n        <strong>Sist\u0113ma ietver:<\/strong><\/p>\n<ul>\n<li>Saules sist\u0113ma: 1500 W<sub>lpp.<\/sub><\/li>\n<li>Mazs v\u0113ja ener\u0123ijas modulis: 300 W<sub>lpp.<\/sub><\/li>\n<li>Degvielas elementu modulis: 1200\u00a0W<\/li>\n<li>Akumulatora ietilp\u012bba: 55Ah<\/li>\n<li>Elektrolizators: 72 Nl\/h (p\u0113c izv\u0113les 198 Nl\/h p\u0113c piepras\u012bjuma)<\/li>\n<li>Zemspiediena met\u0101la hidr\u012bda cilindri: aptuveni 750 Nl<\/li>\n<li>Elektronisk\u0101 slodze: 2400 W<\/li>\n<li>Centraliz\u0113ta ener\u0123ijas p\u0101rvald\u012bbas sist\u0113ma.<\/li>\n<li>Sist\u0113mas kontrolieris ar uzraudz\u012bbas un vad\u012bbas programmat\u016bru.<\/li>\n<li>M\u0113r\u012b\u0161anas iek\u0101rtas, piem\u0113ram, anemometrs, H<sub>2<\/sub> pl\u016bsmas m\u0113r\u012bt\u0101js.<\/li>\n<li>Piem\u0113rot\u012bbas invertors.<\/li>\n<\/ul>\n<\/li>\n<\/ul>\n<h3>Izgl\u012bt\u012bba\u00a0\u2014 STEM komplekti\/simulatori <a href=\"http:\/\/labostera.lt\/lv\/product-brand\/heliocentris-academia-international-gmbh\/\" target=\"_blank\" rel=\"noopener\">Heliocentrs<\/a><\/h3>\n<p>Vair\u0101k inform\u0101cijas: <strong><a href=\"https:\/\/www.heliocentrisacademia.com\/new-energy-lab\/p1526\" target=\"_blank\" rel=\"noopener nofollow\">ra\u017eot\u0101ja t\u012bmek\u013ca vietn\u0113<\/a><\/strong> vai nos\u016btiet mums piepras\u012bjumu!<\/p>","protected":false},"excerpt":{"rendered":"<p><strong>Pied\u0101v\u0101jam pla\u0161u ier\u012b\u010du izv\u0113li no v\u0101cu ra\u017eot\u0101ja Heliocentris Academia International GmbH<\/strong>, kura uz\u0146\u0113mums koncentr\u0113jas uz produktu un procesu efektivit\u0101tes nep\u0101rtrauktu uzlabo\u0161anu, cen\u0161oties pied\u0101v\u0101t lab\u0101kos tehnolo\u0123iskos risin\u0101jumus STEM tehniski zin\u0101tnisk\u0101s p\u0113tniec\u012bbas nozar\u0113m kopum\u0101.<\/p>","protected":false},"featured_media":16536,"template":"","meta":[],"product_cat":[79,74],"product_tag":[472,392,393,473,466],"class_list":{"0":"post-16535","1":"product","2":"type-product","3":"status-publish","4":"has-post-thumbnail","6":"product_brand-heliocentris-academia-international-gmbh","7":"product_cat-mokymo-priemones-ir-iranga","8":"product_cat-simuliatoriai","9":"product_tag-educational-simulators","10":"product_tag-educational-systems","11":"product_tag-edukacines-sistemos","12":"product_tag-edukaciniai-simuliatoriai","13":"product_tag-heliocentris-academia-international-gmbh","15":"first","16":"onbackorder","17":"shipping-taxable","18":"purchasable","19":"product-type-simple"},"_links":{"self":[{"href":"https:\/\/labostera.lt\/lv\/wp-json\/wp\/v2\/product\/16535","targetHints":{"allow":["GET"]}}],"collection":[{"href":"https:\/\/labostera.lt\/lv\/wp-json\/wp\/v2\/product"}],"about":[{"href":"https:\/\/labostera.lt\/lv\/wp-json\/wp\/v2\/types\/product"}],"wp:featuredmedia":[{"embeddable":true,"href":"https:\/\/labostera.lt\/lv\/wp-json\/wp\/v2\/media\/16536"}],"wp:attachment":[{"href":"https:\/\/labostera.lt\/lv\/wp-json\/wp\/v2\/media?parent=16535"}],"wp:term":[{"taxonomy":"product_cat","embeddable":true,"href":"https:\/\/labostera.lt\/lv\/wp-json\/wp\/v2\/product_cat?post=16535"},{"taxonomy":"product_tag","embeddable":true,"href":"https:\/\/labostera.lt\/lv\/wp-json\/wp\/v2\/product_tag?post=16535"}],"curies":[{"name":"wp","href":"https:\/\/api.w.org\/{rel}","templated":true}]}}