{"id":16533,"date":"2023-11-16T14:52:27","date_gmt":"2023-11-16T14:52:27","guid":{"rendered":"http:\/\/labostera.lt\/?post_type=product&#038;p=16533"},"modified":"2024-01-22T11:23:04","modified_gmt":"2024-01-22T09:23:04","slug":"edukacinis-simuliatorius-heliocentris-solar-hydrogen-trainer","status":"publish","type":"product","link":"https:\/\/labostera.lt\/lv\/priemones-ir-iranga\/mokymo-priemones-ir-iranga\/simuliatoriai\/edukacinis-simuliatorius-heliocentris-solar-hydrogen-trainer\/","title":{"rendered":"Izgl\u012btojo\u0161s simulators Heliocentris Saules \u016bde\u0146ra\u017ea treneris"},"content":{"rendered":"<h2><strong>Heliocentris Academia International GmbH Saules \u016bde\u0146ra\u017ea trena\u017eiera m\u0101c\u012bbu simulators<\/strong><\/h2>\n<p>Heliocentris Academia International GmbH saules ener\u0123ijas \u016bde\u0146ra\u017ea trena\u017eieris ir apm\u0101c\u012bbas sist\u0113ma \u016bde\u0146ra\u017ea ra\u017eo\u0161anai ar elektrol\u012bzes pal\u012bdz\u012bbu, ko darbina divi fotoelektriskie modu\u013ci. Fotoelektrisko modu\u013cu, elektroiek\u0101rtu, akumulatora un elektrol\u012bzera darb\u012bbas dati tiek ieg\u016bti un att\u0113loti pievienotaj\u0101 LabVIEW programmat\u016br\u0101.<\/p>\n<ul>\n<li>\n        <strong>Galven\u0101s iez\u012bmes:<\/strong><\/p>\n<ul>\n<li>Mobilais saules ener\u0123ijas \u016bde\u0146ra\u017ea ra\u017eo\u0161anas laboratorijas komplekts.<\/li>\n<li>Elektrolizatora un fotoelektrisk\u0101s sist\u0113mas modu\u013cus var izmantot atsevi\u0161\u0137i.<\/li>\n<li>LabVIEW balst\u012bta programmat\u016bra sist\u0113mas vad\u012bbai, uzraudz\u012bbai un datu ieg\u016b\u0161anai.<\/li>\n<li>Detaliz\u0113ti m\u0101c\u012bbu materi\u0101li un eksperimentu ce\u013cvedis.<\/li>\n<li>Viegli lietojams un lietot\u0101jam draudz\u012bgs interfeiss.<\/li>\n<li>Iesp\u0113jama att\u0101lin\u0101ta uzraudz\u012bba, izmantojot LAN t\u012bklu.<\/li>\n<li>Var savienot ar cit\u0101m sist\u0113m\u0101m, piem\u0113ram, degvielas elementu apm\u0101c\u012bbas sist\u0113mu vai hidroener\u0123ijas laboratorijas sist\u0113mu.<\/li>\n<\/ul>\n<\/li>\n<li>\n        <strong>Programmat\u016bra:<\/strong><\/p>\n<ul>\n<li>Sist\u0113mas p\u0101rskats un komponentu p\u0101rvald\u012bba.<\/li>\n<li>Kop\u0113j\u0101s sist\u0113mas efektivit\u0101tes anal\u012bze.<\/li>\n<li>Br\u012bvi konfigur\u0113jami m\u0113r\u012bjumi.<\/li>\n<li>Kop\u0113j\u0101s sist\u0113mas izejas balans\u0113\u0161ana.<\/li>\n<li>Sist\u0113mas efektivit\u0101tes \u0137\u0113de (Sankey diagramma) un pl\u016bsmas diagramma.<\/li>\n<li>Katras komponentes sprieguma un str\u0101vas displejs.<\/li>\n<\/ul>\n<\/li>\n<\/ul>\n<h3>Izgl\u012bt\u012bba\u00a0\u2014 STEM komplekti\/simulatori <a href=\"http:\/\/labostera.lt\/lv\/product-brand\/heliocentris-academia-international-gmbh\/\" target=\"_blank\" rel=\"noopener\">Heliocentrs<\/a><\/h3>\n<p>Vair\u0101k inform\u0101cijas: <strong><a href=\"https:\/\/www.heliocentrisacademia.com\/solar-hydrogen-trainer\/p1490\" target=\"_blank\" rel=\"noopener nofollow\">ra\u017eot\u0101ja t\u012bmek\u013ca vietn\u0113<\/a><\/strong> vai nos\u016btiet mums piepras\u012bjumu!<\/p>","protected":false},"excerpt":{"rendered":"<p><strong>Pied\u0101v\u0101jam pla\u0161u ier\u012b\u010du izv\u0113li no v\u0101cu ra\u017eot\u0101ja Heliocentris Academia International GmbH<\/strong>, kura uz\u0146\u0113mums koncentr\u0113jas uz produktu un procesu efektivit\u0101tes nep\u0101rtrauktu uzlabo\u0161anu, cen\u0161oties pied\u0101v\u0101t lab\u0101kos tehnolo\u0123iskos risin\u0101jumus STEM tehniski zin\u0101tnisk\u0101s p\u0113tniec\u012bbas nozar\u0113m kopum\u0101.<\/p>","protected":false},"featured_media":16534,"template":"","meta":[],"product_cat":[79,74],"product_tag":[472,392,393,473,466],"class_list":{"0":"post-16533","1":"product","2":"type-product","3":"status-publish","4":"has-post-thumbnail","6":"product_brand-heliocentris-academia-international-gmbh","7":"product_cat-mokymo-priemones-ir-iranga","8":"product_cat-simuliatoriai","9":"product_tag-educational-simulators","10":"product_tag-educational-systems","11":"product_tag-edukacines-sistemos","12":"product_tag-edukaciniai-simuliatoriai","13":"product_tag-heliocentris-academia-international-gmbh","15":"first","16":"onbackorder","17":"shipping-taxable","18":"purchasable","19":"product-type-simple"},"_links":{"self":[{"href":"https:\/\/labostera.lt\/lv\/wp-json\/wp\/v2\/product\/16533","targetHints":{"allow":["GET"]}}],"collection":[{"href":"https:\/\/labostera.lt\/lv\/wp-json\/wp\/v2\/product"}],"about":[{"href":"https:\/\/labostera.lt\/lv\/wp-json\/wp\/v2\/types\/product"}],"wp:featuredmedia":[{"embeddable":true,"href":"https:\/\/labostera.lt\/lv\/wp-json\/wp\/v2\/media\/16534"}],"wp:attachment":[{"href":"https:\/\/labostera.lt\/lv\/wp-json\/wp\/v2\/media?parent=16533"}],"wp:term":[{"taxonomy":"product_cat","embeddable":true,"href":"https:\/\/labostera.lt\/lv\/wp-json\/wp\/v2\/product_cat?post=16533"},{"taxonomy":"product_tag","embeddable":true,"href":"https:\/\/labostera.lt\/lv\/wp-json\/wp\/v2\/product_tag?post=16533"}],"curies":[{"name":"wp","href":"https:\/\/api.w.org\/{rel}","templated":true}]}}