{"id":16531,"date":"2023-11-16T14:48:03","date_gmt":"2023-11-16T14:48:03","guid":{"rendered":"http:\/\/labostera.lt\/?post_type=product&#038;p=16531"},"modified":"2024-01-22T09:26:55","modified_gmt":"2024-01-22T07:26:55","slug":"edukacinis-simuliatorius-heliocentris-hybrid-energy-lab-system","status":"publish","type":"product","link":"https:\/\/labostera.lt\/lv\/priemones-ir-iranga\/mokymo-priemones-ir-iranga\/simuliatoriai\/edukacinis-simuliatorius-heliocentris-hybrid-energy-lab-system\/","title":{"rendered":"Izgl\u012btojo\u0161ais simulators Heliocentris Hibr\u012bdener\u0123ijas laboratorijas sist\u0113ma"},"content":{"rendered":"<h2><strong>Heliocentris Academia International GmbH hibr\u012bdener\u0123ijas laboratorijas sist\u0113mas m\u0101c\u012bbu simulators<\/strong><\/h2>\n<p>Heliocentris Academia International GmbH hibr\u012bdener\u0123ijas laboratorijas sist\u0113ma ir degvielas elementu un akumulatoru hibr\u012bdsist\u0113ma, kas \u013cauj lietot\u0101jiem izprast un p\u0113t\u012bt atsevi\u0161\u0137as sast\u0101vda\u013cas un sist\u0113mas darb\u012bbu da\u017e\u0101dos hibr\u012bdos iestat\u012bjumos. T\u0101 ir veidota k\u0101 laboratorija, kas atbalsta in\u017eenierzin\u0101t\u0146u kursus degvielas elementu, akumulatoru tehnolo\u0123iju, hibr\u012bdsist\u0113mu, ener\u0123ijas p\u0101rvald\u012bbas un ener\u0123ijas uzkr\u0101\u0161anas pielieto\u0161an\u0101.<\/p>\n<ul>\n<li>\n        <strong>Ide\u0101li piem\u0113rots kursiem:<\/strong><\/p>\n<ul>\n<li>Akumulatora tehnolo\u0123ija (simul\u0101cija).<\/li>\n<li>Akumulatoru sist\u0113mas un to p\u0101rvald\u012bba.<\/li>\n<li>Tiek pielietota degvielas elementu tehnolo\u0123ija.<\/li>\n<li>Akumulatora un degvielas elementu hibr\u012bdi.<\/li>\n<li>Elektro\u0137\u012bmisk\u0101 ener\u0123ijas uzglab\u0101\u0161ana un p\u0101rveido\u0161ana.<\/li>\n<li>Atjaunojam\u0101s ener\u0123ijas uzglab\u0101\u0161ana.<\/li>\n<li>Elektriskie un hibr\u012bdautomobi\u013ci (HEV\/FCEV).<\/li>\n<li>Rezerves baro\u0161anas sist\u0113mas.<\/li>\n<\/ul>\n<\/li>\n<li>\n        Sist\u0113ma nodro\u0161ina eksperiment\u0101lu platformu, s\u0101kot no padzi\u013cin\u0101tas apm\u0101c\u012bbas l\u012bdz lieti\u0161\u0137ajiem p\u0113t\u012bjumiem:<\/p>\n<ul>\n<li>Degvielas elementu un akumulatoru hibr\u012bdi.<\/li>\n<li>Akumulatora uzl\u0101de\/izl\u0101de.<\/li>\n<li>Akumulatoru un degvielas elementu mode\u013cu anal\u012bze un sal\u012bdzin\u0101jums.<\/li>\n<li>Elektrisko raksturlielumu apr\u0113\u0137in\u0101\u0161ana un nov\u0113rt\u0113\u0161ana.<\/li>\n<li>Ener\u0123ijas p\u0101rvald\u012bba.<\/li>\n<li>Lietot\u0101ja izveidoti vad\u012bbas algoritmi.<\/li>\n<li>Mode\u013ca valid\u0101cija, kuras pamat\u0101 ir faktisk\u0101 sist\u0113mas veiktsp\u0113ja.<\/li>\n<li>Hibr\u012bda elektroener\u0123ijas sist\u0113mas: neatkar\u012bgs baro\u0161anas avots, rezerves baro\u0161anas sist\u0113ma, rezerves baro\u0161anas sist\u0113ma automobi\u013ciem (HEV\/FCEV).<\/li>\n<\/ul>\n<\/li>\n<li>\n        <strong>Programmat\u016bra:<\/strong><\/p>\n<ul>\n<li>Sist\u0113mas p\u0101rskats.<\/li>\n<li>Efektivit\u0101tes anal\u012bze.<\/li>\n<li>Laika l\u012bkne.<\/li>\n<li>Br\u012bvi konfigur\u0113jami m\u0113r\u012bjumi.<\/li>\n<li>Rakstur\u012bgo l\u012bk\u0146u vizualiz\u0101cija.<\/li>\n<\/ul>\n<\/li>\n<\/ul>\n<h3>Izgl\u012bt\u012bba\u00a0\u2014 STEM komplekti\/simulatori <a href=\"http:\/\/labostera.lt\/lv\/product-brand\/heliocentris-academia-international-gmbh\/\" target=\"_blank\" rel=\"noopener\">Heliocentrs<\/a><\/h3>\n<p>Vair\u0101k inform\u0101cijas: <strong><a href=\"https:\/\/www.heliocentrisacademia.com\/hybrid-energy-lab-system\/p1486\" target=\"_blank\" rel=\"noopener nofollow\">ra\u017eot\u0101ja t\u012bmek\u013ca vietn\u0113<\/a><\/strong> vai nos\u016btiet mums piepras\u012bjumu!<\/p>","protected":false},"excerpt":{"rendered":"<p><strong>Pied\u0101v\u0101jam pla\u0161u ier\u012b\u010du izv\u0113li no v\u0101cu ra\u017eot\u0101ja Heliocentris Academia International GmbH<\/strong>, kura uz\u0146\u0113mums koncentr\u0113jas uz produktu un procesu efektivit\u0101tes nep\u0101rtrauktu uzlabo\u0161anu, cen\u0161oties pied\u0101v\u0101t lab\u0101kos tehnolo\u0123iskos risin\u0101jumus STEM tehniski zin\u0101tnisk\u0101s p\u0113tniec\u012bbas nozar\u0113m kopum\u0101.<\/p>","protected":false},"featured_media":16532,"template":"","meta":[],"product_cat":[79,74],"product_tag":[472,392,393,473,466],"class_list":{"0":"post-16531","1":"product","2":"type-product","3":"status-publish","4":"has-post-thumbnail","6":"product_brand-heliocentris-academia-international-gmbh","7":"product_cat-mokymo-priemones-ir-iranga","8":"product_cat-simuliatoriai","9":"product_tag-educational-simulators","10":"product_tag-educational-systems","11":"product_tag-edukacines-sistemos","12":"product_tag-edukaciniai-simuliatoriai","13":"product_tag-heliocentris-academia-international-gmbh","15":"first","16":"onbackorder","17":"shipping-taxable","18":"purchasable","19":"product-type-simple"},"_links":{"self":[{"href":"https:\/\/labostera.lt\/lv\/wp-json\/wp\/v2\/product\/16531","targetHints":{"allow":["GET"]}}],"collection":[{"href":"https:\/\/labostera.lt\/lv\/wp-json\/wp\/v2\/product"}],"about":[{"href":"https:\/\/labostera.lt\/lv\/wp-json\/wp\/v2\/types\/product"}],"wp:featuredmedia":[{"embeddable":true,"href":"https:\/\/labostera.lt\/lv\/wp-json\/wp\/v2\/media\/16532"}],"wp:attachment":[{"href":"https:\/\/labostera.lt\/lv\/wp-json\/wp\/v2\/media?parent=16531"}],"wp:term":[{"taxonomy":"product_cat","embeddable":true,"href":"https:\/\/labostera.lt\/lv\/wp-json\/wp\/v2\/product_cat?post=16531"},{"taxonomy":"product_tag","embeddable":true,"href":"https:\/\/labostera.lt\/lv\/wp-json\/wp\/v2\/product_tag?post=16531"}],"curies":[{"name":"wp","href":"https:\/\/api.w.org\/{rel}","templated":true}]}}