{"id":16529,"date":"2023-11-16T14:43:35","date_gmt":"2023-11-16T14:43:35","guid":{"rendered":"http:\/\/labostera.lt\/?post_type=product&#038;p=16529"},"modified":"2024-01-22T09:24:25","modified_gmt":"2024-01-22T07:24:25","slug":"edukacinis-simuliatorius-heliocentris-nexa-integration-system","status":"publish","type":"product","link":"https:\/\/labostera.lt\/lv\/priemones-ir-iranga\/mokymo-priemones-ir-iranga\/simuliatoriai\/edukacinis-simuliatorius-heliocentris-nexa-integration-system\/","title":{"rendered":"Izgl\u012btojo\u0161\u0101 simulatora Heliocentris NEXA\u00ae integr\u0101cijas sist\u0113ma"},"content":{"rendered":"<h2><strong>\u201eHeliocentris Academia International GmbH NEXA\u00ae integr\u0101cijas sist\u0113mas m\u0101c\u012bbu simulators<\/strong><\/h2>\n<p>\u201eHeliocentris Academia International GmbH NEXA\u00ae integr\u0101cijas sist\u0113ma ir ide\u0101ls risin\u0101jums pras\u012bgiem lietojumprogrammu projektiem. Nexa\u00ae 1,2 kW degvielas elementu jaudas modulis ir izstr\u0101d\u0101ts k\u0101 iztur\u012bga un uzticama sist\u0113ma, kas nodro\u0161ina pan\u0101kumus m\u0101c\u012bbu un p\u0113tniec\u012bbas projektos. Sist\u0113ma izmanto modulim optimiz\u0113tu l\u012bdzstr\u0101vas\/l\u012bdzstr\u0101vas p\u0101rveidot\u0101ju un programmat\u016bru, kas nodro\u0161ina visu komponentu vienk\u0101r\u0161u vad\u012bbu.<\/p>\n<ul>\n<li>\n        <strong>Galven\u0101s iez\u012bmes:<\/strong><\/p>\n<ul>\n<li>Viegli integr\u0113t un p\u0101rvald\u012bt.<\/li>\n<li>Viegli hibridiz\u0113jams ar baterij\u0101m un citiem ener\u0123ijas avotiem.<\/li>\n<li>Augsta efektivit\u0101te un uzticam\u012bba, pateicoties sist\u0113mas dro\u0161ajai konfigur\u0101cijai.<\/li>\n<li>Viegli pieejamas lietot\u0101ja saskarnes padara sist\u0113mu \u0113rtu lieto\u0161anu.<\/li>\n<\/ul>\n<\/li>\n<li>\n        <strong>Programmat\u016bra:<\/strong><\/p>\n<ul>\n<li>Sist\u0113mas p\u0101rskats.<\/li>\n<li>Efektivit\u0101tes anal\u012bze.<\/li>\n<li>Laika l\u012bkne.<\/li>\n<li>Br\u012bvi konfigur\u0113jami m\u0113r\u012bjumi.<\/li>\n<li>Rakstur\u012bgo l\u012bk\u0146u vizualiz\u0101cija.<\/li>\n<\/ul>\n<\/li>\n<\/ul>\n<h3>Izgl\u012bt\u012bba\u00a0\u2014 STEM komplekti\/simulatori <a href=\"http:\/\/labostera.lt\/lv\/product-brand\/heliocentris-academia-international-gmbh\/\" target=\"_blank\" rel=\"noopener\">Heliocentrs<\/a><\/h3>\n<p>Vair\u0101k inform\u0101cijas: <strong><a href=\"https:\/\/www.heliocentrisacademia.com\/nexa-r-integration-system\/p1492\" target=\"_blank\" rel=\"noopener nofollow\">ra\u017eot\u0101ja t\u012bmek\u013ca vietn\u0113<\/a><\/strong> vai nos\u016btiet mums piepras\u012bjumu!<\/p>","protected":false},"excerpt":{"rendered":"<p><strong>Pied\u0101v\u0101jam pla\u0161u ier\u012b\u010du izv\u0113li no v\u0101cu ra\u017eot\u0101ja Heliocentris Academia International GmbH<\/strong>, kura uz\u0146\u0113mums koncentr\u0113jas uz produktu un procesu efektivit\u0101tes nep\u0101rtrauktu uzlabo\u0161anu, cen\u0161oties pied\u0101v\u0101t lab\u0101kos tehnolo\u0123iskos risin\u0101jumus STEM tehniski zin\u0101tnisk\u0101s p\u0113tniec\u012bbas nozar\u0113m kopum\u0101.<\/p>","protected":false},"featured_media":16530,"template":"","meta":[],"product_cat":[79,74],"product_tag":[472,392,393,473,466],"class_list":{"0":"post-16529","1":"product","2":"type-product","3":"status-publish","4":"has-post-thumbnail","6":"product_brand-heliocentris-academia-international-gmbh","7":"product_cat-mokymo-priemones-ir-iranga","8":"product_cat-simuliatoriai","9":"product_tag-educational-simulators","10":"product_tag-educational-systems","11":"product_tag-edukacines-sistemos","12":"product_tag-edukaciniai-simuliatoriai","13":"product_tag-heliocentris-academia-international-gmbh","15":"first","16":"onbackorder","17":"shipping-taxable","18":"purchasable","19":"product-type-simple"},"_links":{"self":[{"href":"https:\/\/labostera.lt\/lv\/wp-json\/wp\/v2\/product\/16529","targetHints":{"allow":["GET"]}}],"collection":[{"href":"https:\/\/labostera.lt\/lv\/wp-json\/wp\/v2\/product"}],"about":[{"href":"https:\/\/labostera.lt\/lv\/wp-json\/wp\/v2\/types\/product"}],"wp:featuredmedia":[{"embeddable":true,"href":"https:\/\/labostera.lt\/lv\/wp-json\/wp\/v2\/media\/16530"}],"wp:attachment":[{"href":"https:\/\/labostera.lt\/lv\/wp-json\/wp\/v2\/media?parent=16529"}],"wp:term":[{"taxonomy":"product_cat","embeddable":true,"href":"https:\/\/labostera.lt\/lv\/wp-json\/wp\/v2\/product_cat?post=16529"},{"taxonomy":"product_tag","embeddable":true,"href":"https:\/\/labostera.lt\/lv\/wp-json\/wp\/v2\/product_tag?post=16529"}],"curies":[{"name":"wp","href":"https:\/\/api.w.org\/{rel}","templated":true}]}}