{"id":16526,"date":"2023-11-16T14:35:28","date_gmt":"2023-11-16T14:35:28","guid":{"rendered":"http:\/\/labostera.lt\/?post_type=product&#038;p=16526"},"modified":"2024-02-20T13:30:31","modified_gmt":"2024-02-20T11:30:31","slug":"edukacinis-simuliatorius-heliocentris-fuel-cell-trainer","status":"publish","type":"product","link":"https:\/\/labostera.lt\/lv\/priemones-ir-iranga\/mokymo-priemones-ir-iranga\/simuliatoriai\/edukacinis-simuliatorius-heliocentris-fuel-cell-trainer\/","title":{"rendered":"Izgl\u012btojo\u0161s simulators Heliocentrisks degvielas \u0161\u016bnu trena\u017eieris"},"content":{"rendered":"<h2><strong>Heliocentris Academia International GmbH degvielas elementu trena\u017eiera m\u0101c\u012bbu simulators<\/strong><\/h2>\n<p>Heliocentris Academia International GmbH degvielas elementu trena\u017eieris ir degvielas elementu simulators ar \u0161\u0101d\u0101m funkcij\u0101m:<\/p>\n<ul>\n<li><strong>Degvielas elementu simulatora funkcijas:<\/strong>\n<ul>\n<li>Ide\u0101li piem\u0113rots PEM degvielas elementu sist\u0113mu in\u017eeniertehnisko pamatu apguvei.<\/li>\n<li>Pla\u0161s eksperimentu iesp\u0113ju kl\u0101sts un visaptvero\u0161i m\u0101c\u012bbu materi\u0101li ar iepriek\u0161 defin\u0113tiem eksperimentiem veido piln\u012bgu apm\u0101c\u012bbu paketi.<\/li>\n<li><strong>Galven\u0101s iez\u012bmes:<\/strong>\n<ul>\n<li>Optimiz\u0113ti m\u0101c\u012bbu materi\u0101li skolot\u0101jiem un skol\u0113niem.<\/li>\n<li>50 W PEM tipa degvielas elements ar modul\u0101ru sist\u0113mas strukt\u016bru un moderniz\u0101cijas iesp\u0113j\u0101m.<\/li>\n<li>Uzlabota m\u0113r\u012b\u0161anas tehnolo\u0123ija un datu v\u0101k\u0161ana, izmantojot datora saskarni.<\/li>\n<li>\u0112rta eksperiment\u0101la programmat\u016bra un m\u0113r\u012bjumu datu v\u0101k\u0161ana.<\/li>\n<li>Integr\u0113ta dro\u0161\u012bbas uzraudz\u012bba nepieredz\u0113ju\u0161iem lietot\u0101jiem.<\/li>\n<\/ul>\n<\/li>\n<li><strong>Programmat\u016bra:<\/strong>\n<ul>\n<li>Fizisk\u0101s sist\u0113mas vizualiz\u0101cija.<\/li>\n<li>Sist\u0113mas parametru uzraudz\u012bba un mar\u0137\u0113\u0161ana re\u0101llaik\u0101: piem. \u016bde\u0146ra\u017ea pl\u016bsma, degvielas elementu steka temperat\u016bra, str\u0101va un spriegums.<\/li>\n<li>Autom\u0101tisks eksperimentu re\u017e\u012bms \u0101trai grafiku atz\u012bm\u0113\u0161anai un nov\u0113rt\u0113\u0161anai.<\/li>\n<li>Manu\u0101la eksperimenta re\u017e\u012bms datu \u0123ener\u0113\u0161anai un ietekmes profilu un da\u017e\u0101du faktoru padzi\u013cin\u0101tai anal\u012bzei.<\/li>\n<\/ul>\n<\/li>\n<\/ul>\n<\/li>\n<\/ul>\n<h3>Izgl\u012bt\u012bba\u00a0\u2014 STEM komplekti\/simulatori <a href=\"http:\/\/labostera.lt\/lv\/product-brand\/heliocentris-academia-international-gmbh\/\" target=\"_blank\" rel=\"noopener\">Heliocentrs<\/a><\/h3>\n<p>Vair\u0101k inform\u0101cijas: <strong><a href=\"https:\/\/www.heliocentrisacademia.com\/fuel-cell-trainer\/p1482\" target=\"_blank\" rel=\"noopener nofollow\">ra\u017eot\u0101ja t\u012bmek\u013ca vietn\u0113<\/a><\/strong> vai nos\u016btiet mums piepras\u012bjumu!<\/p>","protected":false},"excerpt":{"rendered":"<p><strong>Pied\u0101v\u0101jam pla\u0161u ier\u012b\u010du izv\u0113li no v\u0101cu ra\u017eot\u0101ja Heliocentris Academia International GmbH<\/strong>, kura uz\u0146\u0113mums koncentr\u0113jas uz produktu un procesu efektivit\u0101tes nep\u0101rtrauktu uzlabo\u0161anu, cen\u0161oties pied\u0101v\u0101t lab\u0101kos tehnolo\u0123iskos risin\u0101jumus STEM tehniski zin\u0101tnisk\u0101s p\u0113tniec\u012bbas nozar\u0113m kopum\u0101.<\/p>","protected":false},"featured_media":16527,"template":"","meta":[],"product_cat":[79,74],"product_tag":[472,392,393,473,466],"class_list":{"0":"post-16526","1":"product","2":"type-product","3":"status-publish","4":"has-post-thumbnail","6":"product_brand-heliocentris-academia-international-gmbh","7":"product_cat-mokymo-priemones-ir-iranga","8":"product_cat-simuliatoriai","9":"product_tag-educational-simulators","10":"product_tag-educational-systems","11":"product_tag-edukacines-sistemos","12":"product_tag-edukaciniai-simuliatoriai","13":"product_tag-heliocentris-academia-international-gmbh","15":"first","16":"onbackorder","17":"shipping-taxable","18":"purchasable","19":"product-type-simple"},"_links":{"self":[{"href":"https:\/\/labostera.lt\/lv\/wp-json\/wp\/v2\/product\/16526","targetHints":{"allow":["GET"]}}],"collection":[{"href":"https:\/\/labostera.lt\/lv\/wp-json\/wp\/v2\/product"}],"about":[{"href":"https:\/\/labostera.lt\/lv\/wp-json\/wp\/v2\/types\/product"}],"wp:featuredmedia":[{"embeddable":true,"href":"https:\/\/labostera.lt\/lv\/wp-json\/wp\/v2\/media\/16527"}],"wp:attachment":[{"href":"https:\/\/labostera.lt\/lv\/wp-json\/wp\/v2\/media?parent=16526"}],"wp:term":[{"taxonomy":"product_cat","embeddable":true,"href":"https:\/\/labostera.lt\/lv\/wp-json\/wp\/v2\/product_cat?post=16526"},{"taxonomy":"product_tag","embeddable":true,"href":"https:\/\/labostera.lt\/lv\/wp-json\/wp\/v2\/product_tag?post=16526"}],"curies":[{"name":"wp","href":"https:\/\/api.w.org\/{rel}","templated":true}]}}