{"id":16524,"date":"2023-11-16T14:24:36","date_gmt":"2023-11-16T14:24:36","guid":{"rendered":"http:\/\/labostera.lt\/?post_type=product&#038;p=16524"},"modified":"2024-01-22T09:18:14","modified_gmt":"2024-01-22T07:18:14","slug":"edukacinis-simuliatorius-heliocentris-hybrid-renewable-energy-trainer","status":"publish","type":"product","link":"https:\/\/labostera.lt\/lv\/priemones-ir-iranga\/mokymo-priemones-ir-iranga\/simuliatoriai\/edukacinis-simuliatorius-heliocentris-hybrid-renewable-energy-trainer\/","title":{"rendered":"Izgl\u012btojo\u0161s simulators Heliocentris Hibr\u012bda atjaunojam\u0101s ener\u0123ijas treneris"},"content":{"rendered":"<h2><strong>Heliocentris Academia International GmbH hibr\u012bd\u0101s atjaunojam\u0101s ener\u0123ijas trenera m\u0101c\u012bbu simulators<\/strong><\/h2>\n<p>Heliocentris Academia International GmbH hibr\u012bd\u0101s atjaunojam\u0101s ener\u0123ijas trena\u017eieris ir modul\u0101rs hibr\u012bd\u0101s atjaunojam\u0101s ener\u0123ijas simulators ar \u0161\u0101d\u0101m funkcij\u0101m:<\/p>\n<ul>\n<li>\n        <strong>Modul\u0101ra hibr\u012bda atjaunojam\u0101s ener\u0123ijas simulatora funkcijas:<\/strong><\/p>\n<ul>\n<li>Ac\u012bmredzot, t\u0101 m\u0101ca studentiem visu atjaunojam\u0101s ener\u0123ijas ra\u017eo\u0161anas \u0137\u0113di (no v\u0113ja un saules ener\u0123ijas) un \u016bde\u0146ra\u017ea ener\u0123ijas uzkr\u0101\u0161anu.<\/li>\n<li>Apm\u0101c\u012bbas un eksperimentu programmat\u016br\u0101 var izv\u0113l\u0113ties da\u017e\u0101dus klimata un pat\u0113ri\u0146a profilus, kas atbilst izmantotaj\u0101m komponent\u0113m.<\/li>\n<li>Apm\u0101c\u012bbu komplekta saturs ir piem\u0113rots padzi\u013cin\u0101tai tehniskajai apm\u0101c\u012bbai, tostarp pamatapm\u0101c\u012bbai.<\/li>\n<li>Elektroener\u0123ijas ra\u017eo\u0161ana un kontrole, k\u0101 ar\u012b \u0161o procesu p\u0101rvald\u012bba.<\/li>\n<li>Visaptvero\u0161a dokument\u0101cija un eksperimenti \u0137\u012bmij\u0101, fizik\u0101 un elektrotehnik\u0101 ar eksperimentiem un to skaidrojumiem, k\u0101 ar\u012b instruktora risin\u0101jumu komplektu.<\/li>\n<\/ul>\n<\/li>\n<\/ul>\n<h3>Izgl\u012bt\u012bba\u00a0\u2014 STEM komplekti\/simulatori <a href=\"http:\/\/labostera.lt\/lv\/product-brand\/heliocentris-academia-international-gmbh\/\" target=\"_blank\" rel=\"noopener\">Heliocentrs<\/a><\/h3>\n<p>Vair\u0101k inform\u0101cijas: <strong><a href=\"https:\/\/www.heliocentrisacademia.com\/renewable-energy-trainer\/p1484\" target=\"_blank\" rel=\"noopener nofollow\">ra\u017eot\u0101ja t\u012bmek\u013ca vietn\u0113<\/a><\/strong> vai nos\u016btiet mums piepras\u012bjumu!<\/p>","protected":false},"excerpt":{"rendered":"<p><strong>Pied\u0101v\u0101jam pla\u0161u ier\u012b\u010du izv\u0113li no v\u0101cu ra\u017eot\u0101ja Heliocentris Academia International GmbH<\/strong>, kura uz\u0146\u0113mums koncentr\u0113jas uz produktu un procesu efektivit\u0101tes nep\u0101rtrauktu uzlabo\u0161anu, cen\u0161oties pied\u0101v\u0101t lab\u0101kos tehnolo\u0123iskos risin\u0101jumus STEM tehniski zin\u0101tnisk\u0101s p\u0113tniec\u012bbas nozar\u0113m kopum\u0101.<\/p>","protected":false},"featured_media":16525,"template":"","meta":[],"product_cat":[79,74],"product_tag":[472,392,393,473,466],"class_list":{"0":"post-16524","1":"product","2":"type-product","3":"status-publish","4":"has-post-thumbnail","6":"product_brand-heliocentris-academia-international-gmbh","7":"product_cat-mokymo-priemones-ir-iranga","8":"product_cat-simuliatoriai","9":"product_tag-educational-simulators","10":"product_tag-educational-systems","11":"product_tag-edukacines-sistemos","12":"product_tag-edukaciniai-simuliatoriai","13":"product_tag-heliocentris-academia-international-gmbh","15":"first","16":"onbackorder","17":"shipping-taxable","18":"purchasable","19":"product-type-simple"},"_links":{"self":[{"href":"https:\/\/labostera.lt\/lv\/wp-json\/wp\/v2\/product\/16524","targetHints":{"allow":["GET"]}}],"collection":[{"href":"https:\/\/labostera.lt\/lv\/wp-json\/wp\/v2\/product"}],"about":[{"href":"https:\/\/labostera.lt\/lv\/wp-json\/wp\/v2\/types\/product"}],"wp:featuredmedia":[{"embeddable":true,"href":"https:\/\/labostera.lt\/lv\/wp-json\/wp\/v2\/media\/16525"}],"wp:attachment":[{"href":"https:\/\/labostera.lt\/lv\/wp-json\/wp\/v2\/media?parent=16524"}],"wp:term":[{"taxonomy":"product_cat","embeddable":true,"href":"https:\/\/labostera.lt\/lv\/wp-json\/wp\/v2\/product_cat?post=16524"},{"taxonomy":"product_tag","embeddable":true,"href":"https:\/\/labostera.lt\/lv\/wp-json\/wp\/v2\/product_tag?post=16524"}],"curies":[{"name":"wp","href":"https:\/\/api.w.org\/{rel}","templated":true}]}}