{"id":16520,"date":"2023-11-16T13:58:54","date_gmt":"2023-11-16T13:58:54","guid":{"rendered":"http:\/\/labostera.lt\/?post_type=product&#038;p=16520"},"modified":"2024-01-22T09:08:12","modified_gmt":"2024-01-22T07:08:12","slug":"edukacinis-stem-rinkinys-heliocentris-dr-fuelcell-science-kit","status":"publish","type":"product","link":"https:\/\/labostera.lt\/lv\/priemones-ir-iranga\/mokymo-priemones-ir-iranga\/edukaciniai-stem-rinkiniai\/edukacinis-stem-rinkinys-heliocentris-dr-fuelcell-science-kit\/","title":{"rendered":"Izgl\u012btojo\u0161s STEM komplekts Heliocentris Dr FuelCell\u00ae zin\u0101tnes komplekts"},"content":{"rendered":"<h2><strong>\u201eHeliocentris Academia International GmbH Dr FuelCell\u00ae zin\u0101tnes komplekts izgl\u012btojo\u0161am STEM komplektam<\/strong><\/h2>\n<p>\u201eHeliocentris Academia International GmbH Dr. FuelCell\u00ae zin\u0101tnes komplekts ir visaptvero\u0161s eksperimentu kopums, kas paredz\u0113ts, lai izprastu atjaunojamo ener\u0123ijas avotu principus. \u0160aj\u0101 komplekt\u0101 ietilpst:<\/p>\n<ul>\n<li>\n        <strong>Zin\u0101tniskais komplekts ir visaptvero\u0161s eksperimentu kopums:<\/strong><\/p>\n<ul>\n<li>20 iepriek\u0161 konfigur\u0113ti eksperimenti un pievienotais papildmateri\u0101ls padara to par visaptvero\u0161u risin\u0101jumu fizikas un \u0137\u012bmijas stund\u0101m.<\/li>\n<li>Komponenti veido piln\u012bgu saules-\u016bde\u0146ra\u017ea ener\u0123ijas p\u0101rveido\u0161anas \u0137\u0113di un tos var elast\u012bgi savienot viens ar otru. Atjaunojamo ener\u0123ijas avotu t\u0113mu var p\u0113t\u012bt visas p\u0101rveido\u0161anas \u0137\u0113des ietvaros vai atsevi\u0161\u0137u tehnolo\u0123iju, piem\u0113ram, fotoelektrisko elementu vai degvielas elementu, l\u012bmen\u012b. Visus komponentus var izmantot un p\u0113t\u012bt atsevi\u0161\u0137i.<\/li>\n<\/ul>\n<\/li>\n<li>\n        <strong>Galven\u0101s iez\u012bmes:<\/strong><\/p>\n<ul>\n<li>Degvielas elementa un saules baterijas pamatkonstrukcija.<\/li>\n<li>Vienlaikus pie dabaszin\u012bbu komplekta var str\u0101d\u0101t l\u012bdz 5 skol\u0113niem.<\/li>\n<li>Piem\u0113rots fizikas, \u0137\u012bmijas un tehnolo\u0123iju priek\u0161metu satura nodo\u0161anai.<\/li>\n<li>Ener\u0123ijas uzglab\u0101\u0161ana un atjaunojamo energoresursu izmanto\u0161ana.<\/li>\n<li>Visas \u0137\u012bmisk\u0101s reakcijas ener\u0123ijas p\u0101rveido\u0161anas \u0137\u0113d\u0113, piem\u0113ram, \u016bdens p\u0101rv\u0113r\u0161ana \u016bde\u0146rad\u012b un sk\u0101bekl\u012b vai metanola p\u0101rv\u0113r\u0161ana oglek\u013ca dioks\u012bd\u0101 un elektr\u012bb\u0101.<\/li>\n<li>\u016ade\u0146ra\u017ea ra\u017eo\u0161ana ar elektrol\u012bzi, izmantojot saules moduli vai rokas \u0123eneratoru.<\/li>\n<li>Saules ener\u0123ijas p\u0101rveido\u0161ana elektronener\u0123ij\u0101 un \u016bde\u0146rad\u012b.<\/li>\n<li>Degvielas elementu efektivit\u0101tes palielin\u0101\u0161ana.<\/li>\n<li>Uzglab\u0101t\u0101s ener\u0123ijas izmanto\u0161ana.<\/li>\n<li>\u016adens sadal\u012b\u0161an\u0101s \u016bde\u0146rad\u012b un sk\u0101bekl\u012b.<\/li>\n<\/ul>\n<\/li>\n<\/ul>\n<h3>Izgl\u012bt\u012bba\u00a0\u2014 STEM komplekti\u00a0\u2014 <a href=\"http:\/\/labostera.lt\/lv\/product-brand\/heliocentris-academia-international-gmbh\/\" target=\"_blank\" rel=\"noopener\">Heliocentrs<\/a><\/h3>\n<p>Vair\u0101k inform\u0101cijas: <strong><a href=\"https:\/\/www.heliocentrisacademia.com\/dr-fuelcell-r-science-kit\/p1480\" target=\"_blank\" rel=\"noopener nofollow\">ra\u017eot\u0101ja t\u012bmek\u013ca vietn\u0113<\/a><\/strong> vai nos\u016btiet mums piepras\u012bjumu!<\/p>","protected":false},"excerpt":{"rendered":"<p><strong>Pied\u0101v\u0101jam pla\u0161u ier\u012b\u010du izv\u0113li no v\u0101cu ra\u017eot\u0101ja Heliocentris Academia International GmbH<\/strong>, kura uz\u0146\u0113mums koncentr\u0113jas uz produktu un procesu efektivit\u0101tes nep\u0101rtrauktu uzlabo\u0161anu, cen\u0161oties pied\u0101v\u0101t lab\u0101kos tehnolo\u0123iskos risin\u0101jumus STEM tehniski zin\u0101tnisk\u0101s p\u0113tniec\u012bbas nozar\u0113m kopum\u0101.<\/p>","protected":false},"featured_media":16521,"template":"","meta":[],"product_cat":[467,79],"product_tag":[468,392,393,469,466,470,471],"class_list":{"0":"post-16520","1":"product","2":"type-product","3":"status-publish","4":"has-post-thumbnail","6":"product_brand-heliocentris-academia-international-gmbh","7":"product_cat-edukaciniai-stem-rinkiniai","8":"product_cat-mokymo-priemones-ir-iranga","9":"product_tag-educational-stem-kits","10":"product_tag-educational-systems","11":"product_tag-edukacines-sistemos","12":"product_tag-edukaciniai-stem-rinkiniai","13":"product_tag-heliocentris-academia-international-gmbh","14":"product_tag-mokomieji-stem-rinkiniai","15":"product_tag-mokomosios-stem-sistemos","17":"first","18":"onbackorder","19":"shipping-taxable","20":"purchasable","21":"product-type-simple"},"_links":{"self":[{"href":"https:\/\/labostera.lt\/lv\/wp-json\/wp\/v2\/product\/16520","targetHints":{"allow":["GET"]}}],"collection":[{"href":"https:\/\/labostera.lt\/lv\/wp-json\/wp\/v2\/product"}],"about":[{"href":"https:\/\/labostera.lt\/lv\/wp-json\/wp\/v2\/types\/product"}],"wp:featuredmedia":[{"embeddable":true,"href":"https:\/\/labostera.lt\/lv\/wp-json\/wp\/v2\/media\/16521"}],"wp:attachment":[{"href":"https:\/\/labostera.lt\/lv\/wp-json\/wp\/v2\/media?parent=16520"}],"wp:term":[{"taxonomy":"product_cat","embeddable":true,"href":"https:\/\/labostera.lt\/lv\/wp-json\/wp\/v2\/product_cat?post=16520"},{"taxonomy":"product_tag","embeddable":true,"href":"https:\/\/labostera.lt\/lv\/wp-json\/wp\/v2\/product_tag?post=16520"}],"curies":[{"name":"wp","href":"https:\/\/api.w.org\/{rel}","templated":true}]}}