{"id":16514,"date":"2023-11-16T13:11:59","date_gmt":"2023-11-16T13:11:59","guid":{"rendered":"http:\/\/labostera.lt\/?post_type=product&#038;p=16514"},"modified":"2024-01-22T09:03:17","modified_gmt":"2024-01-22T07:03:17","slug":"edukacinis-stem-rinkinys-heliocentris-dr-fuelcell-model-car","status":"publish","type":"product","link":"https:\/\/labostera.lt\/lv\/priemones-ir-iranga\/mokymo-priemones-ir-iranga\/edukaciniai-stem-rinkiniai\/edukacinis-stem-rinkinys-heliocentris-dr-fuelcell-model-car\/","title":{"rendered":"Izgl\u012btojo\u0161s STEM komplekts Heliocentris Dr FuelCell\u00ae mode\u013ca automa\u0161\u012bna"},"content":{"rendered":"<h2><strong>Heliocentris Academia International GmbH Dr FuelCell\u00ae mode\u013cu automa\u0161\u012bnu izgl\u012btojo\u0161ais STEM komplekts<\/strong><\/h2>\n<p>Heliocentris Academia International GmbH Dr FuelCell\u00ae Model Car m\u0101c\u012bbu komplekts pied\u0101v\u0101 interesantus un izgl\u012btojo\u0161us veidus, k\u0101 izprast atjaunojamo ener\u0123ijas avotu principus. \u0160\u012b komplekta funkcijas:<\/p>\n<ul>\n<li><strong>Pak\u013cauts \u016bdenim un saulei:<\/strong>\n<ul>\n<li>Ar iepriek\u0161 konfigur\u0113tiem eksperimentiem un apm\u0101c\u012bbas rokasgr\u0101matu saules, \u016bde\u0146ra\u017ea un degvielas elementu tehnolo\u0123iju saturu var viegli p\u0101rnest.<\/li>\n<li>Model Car izce\u013cas ar savu elast\u012bgo un iztur\u012bgo dizainu, un to var izmantot gan individu\u0101lam, gan grupu darbam. Daudz eksperimentu var praktiski \u012bstenot t\u0101d\u0101s eso\u0161aj\u0101s t\u0113m\u0101s k\u0101 ener\u0123ijas uzkr\u0101\u0161ana un alternat\u012bvie dzin\u0113ji.<\/li>\n<\/ul>\n<\/li>\n<li><strong>Galven\u0101s iez\u012bmes:<\/strong>\n<ul>\n<li>Degvielas elementu un saules bateriju dizains.<\/li>\n<li>K\u0101 izm\u0113r\u012bt degvielas elementa str\u0101vu un spriegumu.<\/li>\n<li>Vienlaikus pie automode\u013ca var str\u0101d\u0101t l\u012bdz 5 skol\u0113niem.<\/li>\n<li>Piem\u0113rots fizikas, \u0137\u012bmijas un tehnolo\u0123iju priek\u0161metu satura nodo\u0161anai.<\/li>\n<li>Nulle CO2<sub>2<\/sub> emisija.<\/li>\n<li>Ener\u0123ijas uzglab\u0101\u0161ana un atjaunojamo energoresursu izmanto\u0161ana.<\/li>\n<li>Visas \u0137\u012bmisk\u0101s reakcijas ener\u0123ijas p\u0101rveido\u0161anas \u0137\u0113d\u0113 (piem\u0113ram, \u016bdens p\u0101rv\u0113r\u0161ana \u016bde\u0146rad\u012b un sk\u0101bekl\u012b).<\/li>\n<li>\u016ade\u0146ra\u017ea ra\u017eo\u0161ana ar elektrol\u012bzi, izmantojot saules moduli vai rokas \u0123eneratoru.<\/li>\n<\/ul>\n<\/li>\n<\/ul>\n<h3>Izgl\u012bt\u012bba\u00a0\u2014 STEM komplekti\u00a0\u2014 <a href=\"http:\/\/labostera.lt\/lv\/product-brand\/heliocentris-academia-international-gmbh\/\" target=\"_blank\" rel=\"noopener\">Heliocentrs<\/a><\/h3>\n<p>Vair\u0101k inform\u0101cijas: <strong><a href=\"https:\/\/www.heliocentrisacademia.com\/dr-fuelcell-r-model-car\/p1166\" target=\"_blank\" rel=\"noopener nofollow\">ra\u017eot\u0101ja t\u012bmek\u013ca vietn\u0113<\/a><\/strong> vai nos\u016btiet mums piepras\u012bjumu!<\/p>","protected":false},"excerpt":{"rendered":"<p><strong>Pied\u0101v\u0101jam pla\u0161u ier\u012b\u010du izv\u0113li no v\u0101cu ra\u017eot\u0101ja Heliocentris Academia International GmbH<\/strong>, kura uz\u0146\u0113mums koncentr\u0113jas uz produktu un procesu efektivit\u0101tes nep\u0101rtrauktu uzlabo\u0161anu, cen\u0161oties pied\u0101v\u0101t lab\u0101kos tehnolo\u0123iskos risin\u0101jumus STEM tehniski zin\u0101tnisk\u0101s p\u0113tniec\u012bbas nozar\u0113m kopum\u0101.<\/p>","protected":false},"featured_media":16519,"template":"","meta":[],"product_cat":[467,79],"product_tag":[468,392,393,469,466,470,471],"class_list":{"0":"post-16514","1":"product","2":"type-product","3":"status-publish","4":"has-post-thumbnail","6":"product_brand-heliocentris-academia-international-gmbh","7":"product_cat-edukaciniai-stem-rinkiniai","8":"product_cat-mokymo-priemones-ir-iranga","9":"product_tag-educational-stem-kits","10":"product_tag-educational-systems","11":"product_tag-edukacines-sistemos","12":"product_tag-edukaciniai-stem-rinkiniai","13":"product_tag-heliocentris-academia-international-gmbh","14":"product_tag-mokomieji-stem-rinkiniai","15":"product_tag-mokomosios-stem-sistemos","17":"first","18":"onbackorder","19":"shipping-taxable","20":"purchasable","21":"product-type-simple"},"_links":{"self":[{"href":"https:\/\/labostera.lt\/lv\/wp-json\/wp\/v2\/product\/16514","targetHints":{"allow":["GET"]}}],"collection":[{"href":"https:\/\/labostera.lt\/lv\/wp-json\/wp\/v2\/product"}],"about":[{"href":"https:\/\/labostera.lt\/lv\/wp-json\/wp\/v2\/types\/product"}],"wp:featuredmedia":[{"embeddable":true,"href":"https:\/\/labostera.lt\/lv\/wp-json\/wp\/v2\/media\/16519"}],"wp:attachment":[{"href":"https:\/\/labostera.lt\/lv\/wp-json\/wp\/v2\/media?parent=16514"}],"wp:term":[{"taxonomy":"product_cat","embeddable":true,"href":"https:\/\/labostera.lt\/lv\/wp-json\/wp\/v2\/product_cat?post=16514"},{"taxonomy":"product_tag","embeddable":true,"href":"https:\/\/labostera.lt\/lv\/wp-json\/wp\/v2\/product_tag?post=16514"}],"curies":[{"name":"wp","href":"https:\/\/api.w.org\/{rel}","templated":true}]}}