{"id":16507,"date":"2023-11-16T11:43:14","date_gmt":"2023-11-16T11:43:14","guid":{"rendered":"http:\/\/labostera.lt\/?post_type=product&#038;p=16507"},"modified":"2024-01-19T16:35:04","modified_gmt":"2024-01-19T14:35:04","slug":"pluviometras-seba-hydrometrie-trw-pluviometer","status":"publish","type":"product","link":"https:\/\/labostera.lt\/lv\/priemones-ir-iranga\/laboratorine-iranga\/aplinkotyra\/hidrologine-meteorologine-iranga\/pluviometras-seba-hydrometrie-trw-pluviometer\/","title":{"rendered":"Pluviometrs SEBA Hidrometrija TRW Pluviometrs"},"content":{"rendered":"<h2><strong>&quot;SEBA Hydrometrie GmbH &amp; Co. KG&quot; TRW pluviometrs<\/strong><\/h2>\n<p>Lai atbilstu augstiem kvalit\u0101tes un uzticam\u012bbas standartiem, m\u0113s pied\u0101v\u0101jam SEBA Hydrometrie GmbH &amp; Co. KG TRW lietusm\u0113ru \u2014 lielisku ier\u012bci prec\u012bzai nokri\u0161\u0146u m\u0113r\u012b\u0161anai. \u0160is iztur\u012bgais sensors darbojas p\u0113c sv\u0113r\u0161anas principa, nodro\u0161inot augstu m\u0113r\u012bjumu precizit\u0101ti visu veidu nokri\u0161\u0146os.<\/p>\n<ul>\n<li><strong>Prec\u012bzijas m\u0113r\u012bjums:<\/strong> TRW ier\u012bce nodro\u0161ina augstas klases precizit\u0101ti visu veidu nokri\u0161\u0146iem, s\u0101kot no neliela lietus l\u012bdz sp\u0113c\u012bg\u0101m lietusg\u0101z\u0113m.<\/li>\n<li><strong>Iztur\u012bba:<\/strong> \u0160ai iek\u0101rtai ir uzst\u0101d\u012bts sild\u012b\u0161anas gredzens, lai nodro\u0161in\u0101tu dro\u0161u darb\u012bbu un nov\u0113rstu sasal\u0161anu un sniega segas veido\u0161anos.<\/li>\n<li><strong>Atbilst\u012bba Pasaules Meteorolo\u0123iskajam instit\u016btam (PMO):<\/strong> TRW ier\u012bce atbilst Pasaules Meteorolo\u0123ijas organiz\u0101cijas (WMO) noteiktajiem standartiem, nodro\u0161inot uzticamus un starptautiski atz\u012btus m\u0113r\u012bjumus.<\/li>\n<li><strong>Papildu opcijas:<\/strong> Iesp\u0113ja pievienot v\u0113ja aizsargu atkl\u0101t\u0101s viet\u0101s, kas ir \u013coti svar\u012bgi, lai nodro\u0161in\u0101tu prec\u012bzus m\u0113r\u012bjumus ekstrem\u0101los laika apst\u0101k\u013cos.<\/li>\n<\/ul>\n<h3>Lietus m\u0113r\u012bt\u0101js \/ Nokri\u0161\u0146u m\u0113r\u012bt\u0101js \/ Nokri\u0161\u0146u sensors \u2013 <a href=\"http:\/\/labostera.lt\/lv\/product-brand\/seba-hydrometrie-gmbh-and-co-kg\/\" target=\"_blank\" rel=\"noopener\">SEBA Hydrometrie TRW pluviometrs<\/a>.<\/h3>\n<p>Vair\u0101k inform\u0101cijas: <strong><a href=\"https:\/\/www.seba-hydrometrie.com\/en\/products?tx_sebaproducts_sebaproducts%5Baction%5D=show&amp;tx_sebaproducts_sebaproducts%5Bcontroller%5D=Product&amp;tx_sebaproducts_sebaproducts%5Bprimarycategory%5D=5&amp;tx_sebaproducts_sebaproducts%5Bproduct%5D=70&amp;cHash=7d8239331219ad754c4eea25fb951bfe\" target=\"_blank\" rel=\"noopener nofollow\">ra\u017eot\u0101ja t\u012bmek\u013ca vietn\u0113<\/a><\/strong> vai nos\u016btiet mums piepras\u012bjumu!<\/p>","protected":false},"excerpt":{"rendered":"<p><strong>Pied\u0101v\u0101jam pla\u0161u v\u0101cu ra\u017eot\u0101ja SEBA Hydrometrie GmbH &amp; Co. KG iek\u0101rtu kl\u0101stu.<\/strong>, kura uz\u0146\u0113mums koncentr\u0113jas uz produktu un procesu efektivit\u0101tes nep\u0101rtrauktu uzlabo\u0161anu, cen\u0161oties pied\u0101v\u0101t lab\u0101kos tehnolo\u0123iskos risin\u0101jumus medic\u012bnas, tehniski zin\u0101tnisk\u0101s p\u0113tniec\u012bbas un r\u016bpniec\u012bbas nozar\u0113m kopum\u0101.<\/p>","protected":false},"featured_media":16510,"template":"","meta":[],"product_cat":[83,108,76],"product_tag":[463,462,461,464,395],"class_list":{"0":"post-16507","1":"product","2":"type-product","3":"status-publish","4":"has-post-thumbnail","6":"product_brand-seba-hydrometrie-gmbh-and-co-kg","7":"product_cat-aplinkotyra","8":"product_cat-hidrologine-meteorologine-iranga","9":"product_cat-laboratorine-iranga","10":"product_tag-krituliu-kiekio-davikliai","11":"product_tag-pluviometers","12":"product_tag-pluviometrai","13":"product_tag-precipitation-sensors","14":"product_tag-seba-hydrometrie-gmbh-co-kg","16":"first","17":"onbackorder","18":"shipping-taxable","19":"purchasable","20":"product-type-variable"},"_links":{"self":[{"href":"https:\/\/labostera.lt\/lv\/wp-json\/wp\/v2\/product\/16507","targetHints":{"allow":["GET"]}}],"collection":[{"href":"https:\/\/labostera.lt\/lv\/wp-json\/wp\/v2\/product"}],"about":[{"href":"https:\/\/labostera.lt\/lv\/wp-json\/wp\/v2\/types\/product"}],"wp:featuredmedia":[{"embeddable":true,"href":"https:\/\/labostera.lt\/lv\/wp-json\/wp\/v2\/media\/16510"}],"wp:attachment":[{"href":"https:\/\/labostera.lt\/lv\/wp-json\/wp\/v2\/media?parent=16507"}],"wp:term":[{"taxonomy":"product_cat","embeddable":true,"href":"https:\/\/labostera.lt\/lv\/wp-json\/wp\/v2\/product_cat?post=16507"},{"taxonomy":"product_tag","embeddable":true,"href":"https:\/\/labostera.lt\/lv\/wp-json\/wp\/v2\/product_tag?post=16507"}],"curies":[{"name":"wp","href":"https:\/\/api.w.org\/{rel}","templated":true}]}}