{"id":16502,"date":"2023-11-16T11:01:21","date_gmt":"2023-11-16T11:01:21","guid":{"rendered":"http:\/\/labostera.lt\/?post_type=product&#038;p=16502"},"modified":"2024-01-19T16:28:19","modified_gmt":"2024-01-19T14:28:19","slug":"pluviometras-seba-hydrometrie-rg-series-pluviometer","status":"publish","type":"product","link":"https:\/\/labostera.lt\/lv\/priemones-ir-iranga\/laboratorine-iranga\/aplinkotyra\/hidrologine-meteorologine-iranga\/pluviometras-seba-hydrometrie-rg-series-pluviometer\/","title":{"rendered":"Pluviometrs SEBA Hydometrie RG s\u0113rijas pluviometrs"},"content":{"rendered":"<h2><strong>\u201eSEBA Hydrometrie GmbH &amp; Co. KG RG s\u0113rijas lietus m\u0113r\u012bt\u0101js<\/strong><\/h2>\n<p>\u201eSEBA Hydrometrie GmbH &amp; Co. KG RG s\u0113rijas lietus m\u0113r\u012bt\u0101jiem ir \u0161\u0101das funkcijas:<\/p>\n<h3>RG50:<\/h3>\n<ul>\n<li>Kompakts un uzticams sensors, kas integr\u0113ts sist\u0113m\u0101 ar kalibr\u0113\u0161anas skal\u0101m un impulsu izeju, nodro\u0161inot precizit\u0101ti l\u012bdz 0,1 l\/m\u00b2 (p\u0113c izv\u0113les: 0,2 l\/m\u00b2).<\/li>\n<li>Integr\u0113ta 15 W lietus notekas sist\u0113ma, kas \u013cauj efekt\u012bvi att\u012br\u012bt sensoru no cietiem nogulsn\u0113m (p\u0113c izv\u0113les).<\/li>\n<li>Vienk\u0101r\u0161a uzst\u0101d\u012b\u0161ana uz 2 collu mont\u0101\u017eas stie\u0146a vai izliektas rokas.<\/li>\n<li>Iztur\u012bgs dizains ilgam kalpo\u0161anas laikam un uzticamai darb\u012bbai jebkuros laika apst\u0101k\u013cos.<\/li>\n<\/ul>\n<h3>RG100:<\/h3>\n<ul>\n<li>Inovat\u012bvs sensors, kas darbojas p\u0113c lieces dzirksteles principa, ar impulsa izeju un precizit\u0101ti 0,1 l\/m\u00b2.<\/li>\n<li>Iztur\u012bgs, nosl\u0113dzams, lieta alum\u012bnija korpuss, kas aizsarg\u0101ts pret nesankcion\u0113tu piek\u013cuvi un triecieniem.<\/li>\n<li>Integr\u0113ta 15 W dzirkste\u013cu sild\u012b\u0161anas sist\u0113ma, kas \u013cauj efekt\u012bvi uzsild\u012bt sensoru un iz\u0161\u0137\u012bdin\u0101t cietos nogulsnes (p\u0113c izv\u0113les).<\/li>\n<li>Papildu iek\u0161\u0113j\u0101 apkures sist\u0113ma ziemai, kas nodro\u0161ina perfektu darb\u012bbu aukst\u0101 laik\u0101 (p\u0113c izv\u0113les).<\/li>\n<li>Uzticama darb\u012bba neatkar\u012bgi no laika apst\u0101k\u013ciem, garant\u0113jot ilgsto\u0161u lieto\u0161anu.<\/li>\n<\/ul>\n<h3>Lietus m\u0113r\u012bt\u0101js \/ Nokri\u0161\u0146u m\u0113r\u012bt\u0101js \/ Nokri\u0161\u0146u sensors \u2013 <a href=\"http:\/\/labostera.lt\/lv\/product-brand\/seba-hydrometrie-gmbh-and-co-kg\/\" target=\"_blank\" rel=\"noopener\">SEBA Hydrometrie RG s\u0113rijas pluviometrs<\/a>.<\/h3>\n<p>Vair\u0101k inform\u0101cijas: <strong><a href=\"https:\/\/www.seba-hydrometrie.com\/en\/products?tx_sebaproducts_sebaproducts%5Baction%5D=show&#038;tx_sebaproducts_sebaproducts%5Bcontroller%5D=Product&#038;tx_sebaproducts_sebaproducts%5Bprimarycategory%5D=5&#038;tx_sebaproducts_sebaproducts%5Bproduct%5D=68&#038;cHash=80fa683d8c91232cf71f8927c4e2f771\" target=\"_blank\" rel=\"noopener nofollow\">ra\u017eot\u0101ja t\u012bmek\u013ca vietn\u0113<\/a><\/strong> vai nos\u016btiet mums piepras\u012bjumu!<\/p>","protected":false},"excerpt":{"rendered":"<p><strong>Pied\u0101v\u0101jam pla\u0161u v\u0101cu ra\u017eot\u0101ja SEBA Hydrometrie GmbH &amp; Co. KG iek\u0101rtu kl\u0101stu.<\/strong>, kura uz\u0146\u0113mums koncentr\u0113jas uz produktu un procesu efektivit\u0101tes nep\u0101rtrauktu uzlabo\u0161anu, cen\u0161oties pied\u0101v\u0101t lab\u0101kos tehnolo\u0123iskos risin\u0101jumus medic\u012bnas, tehniski zin\u0101tnisk\u0101s p\u0113tniec\u012bbas un r\u016bpniec\u012bbas nozar\u0113m kopum\u0101.<\/p>","protected":false},"featured_media":16504,"template":"","meta":[],"product_cat":[83,108,76],"product_tag":[463,462,461,464,395],"class_list":{"0":"post-16502","1":"product","2":"type-product","3":"status-publish","4":"has-post-thumbnail","6":"product_brand-seba-hydrometrie-gmbh-and-co-kg","7":"product_cat-aplinkotyra","8":"product_cat-hidrologine-meteorologine-iranga","9":"product_cat-laboratorine-iranga","10":"product_tag-krituliu-kiekio-davikliai","11":"product_tag-pluviometers","12":"product_tag-pluviometrai","13":"product_tag-precipitation-sensors","14":"product_tag-seba-hydrometrie-gmbh-co-kg","16":"first","17":"onbackorder","18":"shipping-taxable","19":"purchasable","20":"product-type-variable"},"_links":{"self":[{"href":"https:\/\/labostera.lt\/lv\/wp-json\/wp\/v2\/product\/16502","targetHints":{"allow":["GET"]}}],"collection":[{"href":"https:\/\/labostera.lt\/lv\/wp-json\/wp\/v2\/product"}],"about":[{"href":"https:\/\/labostera.lt\/lv\/wp-json\/wp\/v2\/types\/product"}],"wp:featuredmedia":[{"embeddable":true,"href":"https:\/\/labostera.lt\/lv\/wp-json\/wp\/v2\/media\/16504"}],"wp:attachment":[{"href":"https:\/\/labostera.lt\/lv\/wp-json\/wp\/v2\/media?parent=16502"}],"wp:term":[{"taxonomy":"product_cat","embeddable":true,"href":"https:\/\/labostera.lt\/lv\/wp-json\/wp\/v2\/product_cat?post=16502"},{"taxonomy":"product_tag","embeddable":true,"href":"https:\/\/labostera.lt\/lv\/wp-json\/wp\/v2\/product_tag?post=16502"}],"curies":[{"name":"wp","href":"https:\/\/api.w.org\/{rel}","templated":true}]}}