{"id":16499,"date":"2023-11-16T08:50:52","date_gmt":"2023-11-16T08:50:52","guid":{"rendered":"http:\/\/labostera.lt\/?post_type=product&#038;p=16499"},"modified":"2024-01-30T14:07:23","modified_gmt":"2024-01-30T12:07:23","slug":"meteorologine-stotele-seba-hydrometrie-multimet-meteorological-station","status":"publish","type":"product","link":"https:\/\/labostera.lt\/lv\/priemones-ir-iranga\/laboratorine-iranga\/aplinkotyra\/dirvozemio-tyrimo-iranga\/meteorologine-stotele-seba-hydrometrie-multimet-meteorological-station\/","title":{"rendered":"Meteorolo\u0123isk\u0101 stacija SEBA Hydrometrie MultiMET meteorolo\u0123isk\u0101 stacija"},"content":{"rendered":"<h2><strong>SEBA Hydrometrie GmbH &amp; Co. KG MultiMET meteorolo\u0123isk\u0101 stacija<\/strong><\/h2>\n<p>SEBA Hydrometrie GmbH &amp; Co. KG MultiMET meteorolo\u0123isk\u0101 stacija ir kompakta un iztur\u012bga, ar \u0161\u0101d\u0101m \u012bpa\u0161\u012bb\u0101m:<\/p>\n<ul>\n<li>Kompakts, iztur\u012bgs v\u0113ja sensors ar maksim\u0101lo m\u0113r\u012b\u0161anas diapazonu 60 m\/s.<\/li>\n<li>Analog\u0101 un digit\u0101l\u0101 izeja v\u0113ja \u0101trumam un virzienam.<\/li>\n<li>Papildu m\u0113r\u012bjumi: relat\u012bvais mitrums, temperat\u016bra, spiediens, saules gaisma.<\/li>\n<li>V\u0113ja br\u0101zmu m\u0113r\u012b\u0161ana (SDI12 un Modbus).<\/li>\n<li>SDI12\/RS422\/RS485\/Modbus izeja visiem parametriem (nor\u0101diet pas\u016btot).<\/li>\n<li>To var pas\u016bt\u012bt ar da\u017e\u0101d\u0101m izej\u0101m: 2 analog\u0101s izejas (v\u0113ja \u0101trumam un virzienam k\u0101 4\u201320 mA vai 0\u20131 V) un izv\u0113le starp SDI12\/RS485\/RS422\/Modbus-RTU izeju visiem parametriem (ieskaitot v\u0113ja \u0101trumu un virzienu).<\/li>\n<li>Standarta apr\u012bkojum\u0101 MultiMet ir SDI12 komunik\u0101cija (visiem parametriem, ieskaitot v\u0113ja \u0101trumu un virzienu) un 2 analog\u0101s 0-1 V izejas (v\u0113ja \u0101trumam un virzienam). Citus parametrus var nor\u0101d\u012bt, veicot pas\u016bt\u012bjumu.<\/li>\n<\/ul>\n<h3>Meteorolo\u0123isk\u0101 stacija \u2013 <a href=\"http:\/\/labostera.lt\/lv\/product-brand\/seba-hydrometrie-gmbh-and-co-kg\/\" target=\"_blank\" rel=\"noopener\">SEBA Hydrometrie MultiMET meteorolo\u0123isk\u0101 stacija<\/a>.<\/h3>\n<p>Vair\u0101k inform\u0101cijas: <strong><a href=\"https:\/\/www.seba-hydrometrie.com\/en\/products?tx_sebaproducts_sebaproducts%5Baction%5D=show&#038;tx_sebaproducts_sebaproducts%5Bcontroller%5D=Product&#038;tx_sebaproducts_sebaproducts%5Bprimarycategory%5D=5&#038;tx_sebaproducts_sebaproducts%5Bproduct%5D=456&#038;cHash=b174413da97a329cbbd9eb2ddf875acb\" target=\"_blank\" rel=\"noopener nofollow\">ra\u017eot\u0101ja t\u012bmek\u013ca vietn\u0113<\/a><\/strong> vai nos\u016btiet mums piepras\u012bjumu!<\/p>","protected":false},"excerpt":{"rendered":"<p><strong>Pied\u0101v\u0101jam pla\u0161u v\u0101cu ra\u017eot\u0101ja SEBA Hydrometrie GmbH &amp; Co. KG iek\u0101rtu kl\u0101stu.<\/strong>, kura uz\u0146\u0113mums koncentr\u0113jas uz produktu un procesu efektivit\u0101tes nep\u0101rtrauktu uzlabo\u0161anu, cen\u0161oties pied\u0101v\u0101t lab\u0101kos tehnolo\u0123iskos risin\u0101jumus medic\u012bnas, tehniski zin\u0101tnisk\u0101s p\u0113tniec\u012bbas un r\u016bpniec\u012bbas nozar\u0113m kopum\u0101.<\/p>","protected":false},"featured_media":16500,"template":"","meta":[],"product_cat":[83,107,76],"product_tag":[460,458,459,457,395],"class_list":{"0":"post-16499","1":"product","2":"type-product","3":"status-publish","4":"has-post-thumbnail","6":"product_brand-seba-hydrometrie-gmbh-and-co-kg","7":"product_cat-aplinkotyra","8":"product_cat-dirvozemio-tyrimo-iranga","9":"product_cat-laboratorine-iranga","10":"product_tag-meteologines-stotys","11":"product_tag-meteorological-sensors","12":"product_tag-meteorological-stations","13":"product_tag-meteorologiniai-davikliai","14":"product_tag-seba-hydrometrie-gmbh-co-kg","16":"first","17":"onbackorder","18":"shipping-taxable","19":"purchasable","20":"product-type-simple"},"_links":{"self":[{"href":"https:\/\/labostera.lt\/lv\/wp-json\/wp\/v2\/product\/16499","targetHints":{"allow":["GET"]}}],"collection":[{"href":"https:\/\/labostera.lt\/lv\/wp-json\/wp\/v2\/product"}],"about":[{"href":"https:\/\/labostera.lt\/lv\/wp-json\/wp\/v2\/types\/product"}],"wp:featuredmedia":[{"embeddable":true,"href":"https:\/\/labostera.lt\/lv\/wp-json\/wp\/v2\/media\/16500"}],"wp:attachment":[{"href":"https:\/\/labostera.lt\/lv\/wp-json\/wp\/v2\/media?parent=16499"}],"wp:term":[{"taxonomy":"product_cat","embeddable":true,"href":"https:\/\/labostera.lt\/lv\/wp-json\/wp\/v2\/product_cat?post=16499"},{"taxonomy":"product_tag","embeddable":true,"href":"https:\/\/labostera.lt\/lv\/wp-json\/wp\/v2\/product_tag?post=16499"}],"curies":[{"name":"wp","href":"https:\/\/api.w.org\/{rel}","templated":true}]}}