{"id":16496,"date":"2023-11-15T14:49:18","date_gmt":"2023-11-15T14:49:18","guid":{"rendered":"http:\/\/labostera.lt\/?post_type=product&#038;p=16496"},"modified":"2024-01-30T14:15:27","modified_gmt":"2024-01-30T12:15:27","slug":"meginio-emimo-zondo-lizdas-seba-hydrometrie-kll-s-sampler-probe-jack","status":"publish","type":"product","link":"https:\/\/labostera.lt\/lv\/priemones-ir-iranga\/laboratorine-iranga\/aplinkotyra\/hidrologine-meteorologine-iranga\/meginio-emimo-zondo-lizdas-seba-hydrometrie-kll-s-sampler-probe-jack\/","title":{"rendered":"SEBA Hydrometrie KLL-S paraugu \u0146em\u0161anas zondes ligzda"},"content":{"rendered":"<h2><strong>\u201eSEBA Hydrometrie GmbH &amp; Co. KG KLL-S paraugu \u0146em\u0161anas zondes ligzda<\/strong><\/h2>\n<ul>\n<li>Meh\u0101niski nosl\u0113dzama ligzda ar 0,5 vai 1 litra tilpumu lieto\u0161anai ar 2 collu vai 4 collu grunts\u016bde\u0146u monitoringa punktiem.<\/li>\n<li>Piesl\u0113dzams SEBA elektriskajiem kontaktskait\u012bt\u0101jiem KLL tipa (elektriskais \u016bdens l\u012bme\u0146a m\u0113r\u012bt\u0101js).<\/li>\n<li>Viegli izjaucams un t\u012br\u0101ms.<\/li>\n<\/ul>\n<h3>Sensora ligzda \u2013 <a href=\"http:\/\/labostera.lt\/lv\/product-brand\/seba-hydrometrie-gmbh-and-co-kg\/\" target=\"_blank\" rel=\"noopener\">SEBA Hydrometrie KLL-S paraugu \u0146em\u0161anas zondes ligzda<\/a>.<\/h3>\n<p>Vair\u0101k inform\u0101cijas: <strong><a href=\"https:\/\/www.seba-hydrometrie.com\/en\/products?tx_sebaproducts_sebaproducts%5Baction%5D=show&#038;tx_sebaproducts_sebaproducts%5Bcontroller%5D=Product&#038;tx_sebaproducts_sebaproducts%5Bprimarycategory%5D=4&#038;tx_sebaproducts_sebaproducts%5Bproduct%5D=22&#038;tx_sebaproducts_sebaproducts%5Bsecondarycategory%5D=5&#038;cHash=0575c547f0082a4c839a145c24ee6014\" target=\"_blank\" rel=\"noopener nofollow\">ra\u017eot\u0101ja t\u012bmek\u013ca vietn\u0113<\/a><\/strong> vai nos\u016btiet mums piepras\u012bjumu!<\/p>","protected":false},"excerpt":{"rendered":"<p><strong>Pied\u0101v\u0101jam pla\u0161u v\u0101cu ra\u017eot\u0101ja SEBA Hydrometrie GmbH &amp; Co. KG iek\u0101rtu kl\u0101stu.<\/strong>, kura uz\u0146\u0113mums koncentr\u0113jas uz produktu un procesu efektivit\u0101tes nep\u0101rtrauktu uzlabo\u0161anu, cen\u0161oties pied\u0101v\u0101t lab\u0101kos tehnolo\u0123iskos risin\u0101jumus medic\u012bnas, tehniski zin\u0101tnisk\u0101s p\u0113tniec\u012bbas un r\u016bpniec\u012bbas nozar\u0113m kopum\u0101.<\/p>","protected":false},"featured_media":16497,"template":"","meta":[],"product_cat":[83,108,76,400],"product_tag":[455,456,395],"class_list":{"0":"post-16496","1":"product","2":"type-product","3":"status-publish","4":"has-post-thumbnail","6":"product_brand-seba-hydrometrie-gmbh-and-co-kg","7":"product_cat-aplinkotyra","8":"product_cat-hidrologine-meteorologine-iranga","9":"product_cat-laboratorine-iranga","10":"product_cat-registratoriai-duomenu-kaupikliai","11":"product_tag-meginio-emimo-zondo-lizdai","12":"product_tag-sampler-probe-jacks","13":"product_tag-seba-hydrometrie-gmbh-co-kg","15":"first","16":"onbackorder","17":"shipping-taxable","18":"product-type-simple"},"_links":{"self":[{"href":"https:\/\/labostera.lt\/lv\/wp-json\/wp\/v2\/product\/16496","targetHints":{"allow":["GET"]}}],"collection":[{"href":"https:\/\/labostera.lt\/lv\/wp-json\/wp\/v2\/product"}],"about":[{"href":"https:\/\/labostera.lt\/lv\/wp-json\/wp\/v2\/types\/product"}],"wp:featuredmedia":[{"embeddable":true,"href":"https:\/\/labostera.lt\/lv\/wp-json\/wp\/v2\/media\/16497"}],"wp:attachment":[{"href":"https:\/\/labostera.lt\/lv\/wp-json\/wp\/v2\/media?parent=16496"}],"wp:term":[{"taxonomy":"product_cat","embeddable":true,"href":"https:\/\/labostera.lt\/lv\/wp-json\/wp\/v2\/product_cat?post=16496"},{"taxonomy":"product_tag","embeddable":true,"href":"https:\/\/labostera.lt\/lv\/wp-json\/wp\/v2\/product_tag?post=16496"}],"curies":[{"name":"wp","href":"https:\/\/api.w.org\/{rel}","templated":true}]}}