{"id":16492,"date":"2023-11-15T14:14:45","date_gmt":"2023-11-15T14:14:45","guid":{"rendered":"http:\/\/labostera.lt\/?post_type=product&#038;p=16492"},"modified":"2024-01-19T16:02:58","modified_gmt":"2024-01-19T14:02:58","slug":"duomenu-registratorius-seba-hydrometrie-checker-2-data-logger","status":"publish","type":"product","link":"https:\/\/labostera.lt\/lv\/priemones-ir-iranga\/laboratorine-iranga\/aplinkotyra\/hidrologine-meteorologine-iranga\/duomenu-registratorius-seba-hydrometrie-checker-2-data-logger\/","title":{"rendered":"Datu re\u0123istr\u0113t\u0101js SEBA Hydometrie Checker-2 datu re\u0123istr\u0113t\u0101js"},"content":{"rendered":"<h2><strong>SEBA Hydrometrie GmbH &amp; Co. KG Checker-2 datu re\u0123istr\u0113t\u0101js \u2013 p\u0101rn\u0113s\u0101jama laboratorija<\/strong><\/h2>\n<p>SEBA Hydrometrie GmbH &amp; Co. KG Checker-2 ir p\u0101rn\u0113s\u0101jama, kompakta lauka laboratorija, kas paredz\u0113ta \u016bdens kvalit\u0101tes parametru m\u0113r\u012b\u0161anai virszemes \u016bde\u0146os. \u0160\u012bs p\u0101rn\u0113s\u0101jam\u0101s laboratorijas raksturlielumi ietver:<\/p>\n<ul>\n<li>P\u0101rn\u0113s\u0101jama kompakta lauka laboratorija \u016bdens kvalit\u0101tes parametru (piem\u0113ram, sk\u0101bek\u013ca, pH, vad\u012btsp\u0113jas, redokspotenci\u0101la, du\u013c\u0137ain\u012bbas) m\u0113r\u012b\u0161anai virszemes \u016bde\u0146os.<\/li>\n<li>K\u0101p\u0161anas kabelis ar ner\u016bs\u0113jo\u0161\u0101 t\u0113rauda savienot\u0101ju SEBA daudzparametru zond\u0113m <a href=\"http:\/\/labostera.lt\/lv\/produktas\/daugiaparametrinis-vandens-lygio-zondas-seba-hydrometrie-mps-d8-multiparameter-water-level-probe\/\" target=\"_blank\" rel=\"noopener\">MPS-D8<\/a>\/<a href=\"http:\/\/labostera.lt\/lv\/produktas\/daugiaparametrinis-vandens-lygio-zondas-seba-hydrometrie-mps-k16-multiparameter-water-level-probe\/\" target=\"_blank\" rel=\"noopener\">K16<\/a>.<\/li>\n<li>3 rindu LCD displejs ar fona apgaismojumu.<\/li>\n<li>Integr\u0113ts datu re\u0123istr\u0113t\u0101js m\u0113r\u012bjumu rezult\u0101tu manu\u0101lai un\/vai autom\u0101tiskai glab\u0101\u0161anai (p\u0113c izv\u0113les).<\/li>\n<\/ul>\n<h3>Datu apkopot\u0101js \u2013 <a href=\"http:\/\/labostera.lt\/lv\/product-brand\/seba-hydrometrie-gmbh-and-co-kg\/\" target=\"_blank\" rel=\"noopener\">SEBA hidrometrija p\u0101rbaud\u012bt\u0101js-2 datu re\u0123istr\u0113t\u0101js<\/a>.<\/h3>\n<p>Vair\u0101k inform\u0101cijas: <strong><a href=\"https:\/\/www.seba-hydrometrie.com\/en\/products?tx_sebaproducts_sebaproducts%5Baction%5D=show&#038;tx_sebaproducts_sebaproducts%5Bcontroller%5D=Product&#038;tx_sebaproducts_sebaproducts%5Bprimarycategory%5D=4&#038;tx_sebaproducts_sebaproducts%5Bproduct%5D=20&#038;tx_sebaproducts_sebaproducts%5Bsecondarycategory%5D=6&#038;cHash=ac81f0b9cb51fbdf61e20b1ed356db87\" target=\"_blank\" rel=\"noopener nofollow\">ra\u017eot\u0101ja t\u012bmek\u013ca vietn\u0113<\/a><\/strong> vai nos\u016btiet mums piepras\u012bjumu!<\/p>","protected":false},"excerpt":{"rendered":"<p><strong>Pied\u0101v\u0101jam pla\u0161u v\u0101cu ra\u017eot\u0101ja SEBA Hydrometrie GmbH &amp; Co. KG iek\u0101rtu kl\u0101stu.<\/strong>, kura uz\u0146\u0113mums koncentr\u0113jas uz produktu un procesu efektivit\u0101tes nep\u0101rtrauktu uzlabo\u0161anu, cen\u0161oties pied\u0101v\u0101t lab\u0101kos tehnolo\u0123iskos risin\u0101jumus medic\u012bnas, tehniski zin\u0101tnisk\u0101s p\u0113tniec\u012bbas un r\u016bpniec\u012bbas nozar\u0113m kopum\u0101.<\/p>","protected":false},"featured_media":16493,"template":"","meta":[],"product_cat":[83,108,76,400,110],"product_tag":[397,396,453,454,395],"class_list":{"0":"post-16492","1":"product","2":"type-product","3":"status-publish","4":"has-post-thumbnail","6":"product_brand-seba-hydrometrie-gmbh-and-co-kg","7":"product_cat-aplinkotyra","8":"product_cat-hidrologine-meteorologine-iranga","9":"product_cat-laboratorine-iranga","10":"product_cat-registratoriai-duomenu-kaupikliai","11":"product_cat-vandens-kokybes-tyrimo-iranga","12":"product_tag-data-loggers","13":"product_tag-duomenu-registratoriai","14":"product_tag-nesiojamos-laboratorijos","15":"product_tag-portable-laboratories","16":"product_tag-seba-hydrometrie-gmbh-co-kg","18":"first","19":"onbackorder","20":"shipping-taxable","21":"product-type-simple"},"_links":{"self":[{"href":"https:\/\/labostera.lt\/lv\/wp-json\/wp\/v2\/product\/16492","targetHints":{"allow":["GET"]}}],"collection":[{"href":"https:\/\/labostera.lt\/lv\/wp-json\/wp\/v2\/product"}],"about":[{"href":"https:\/\/labostera.lt\/lv\/wp-json\/wp\/v2\/types\/product"}],"wp:featuredmedia":[{"embeddable":true,"href":"https:\/\/labostera.lt\/lv\/wp-json\/wp\/v2\/media\/16493"}],"wp:attachment":[{"href":"https:\/\/labostera.lt\/lv\/wp-json\/wp\/v2\/media?parent=16492"}],"wp:term":[{"taxonomy":"product_cat","embeddable":true,"href":"https:\/\/labostera.lt\/lv\/wp-json\/wp\/v2\/product_cat?post=16492"},{"taxonomy":"product_tag","embeddable":true,"href":"https:\/\/labostera.lt\/lv\/wp-json\/wp\/v2\/product_tag?post=16492"}],"curies":[{"name":"wp","href":"https:\/\/api.w.org\/{rel}","templated":true}]}}