{"id":16490,"date":"2023-11-15T13:26:49","date_gmt":"2023-11-15T13:26:49","guid":{"rendered":"http:\/\/labostera.lt\/?post_type=product&#038;p=16490"},"modified":"2024-01-19T15:56:55","modified_gmt":"2024-01-19T13:56:55","slug":"daugiaparametrinis-vandens-lygio-zondas-seba-hydrometrie-mps-k16-multiparameter-water-level-probe","status":"publish","type":"product","link":"https:\/\/labostera.lt\/lv\/priemones-ir-iranga\/laboratorine-iranga\/aplinkotyra\/hidrologine-meteorologine-iranga\/daugiaparametrinis-vandens-lygio-zondas-seba-hydrometrie-mps-k16-multiparameter-water-level-probe\/","title":{"rendered":"Daudzparametru \u016bdens l\u012bme\u0146a zonde SEBA Hydrometrie MPS-K16 Daudzparametru \u016bdens l\u012bme\u0146a zonde"},"content":{"rendered":"<h2><strong>SEBA Hydrometrie GmbH &amp; Co. KG MPS-K16 daudzparametru \u016bdens l\u012bme\u0146a zonde<\/strong><\/h2>\n<p>SEBA Hydrometrie GmbH &amp; Co. KG MPS-K16 ir daudzparametru \u016bdens l\u012bme\u0146a zonde, kas paredz\u0113ta izmanto\u0161anai da\u017e\u0101dos m\u0113r\u012bjumos. \u0160\u012bs zondes raksturlielumi ietver:<\/p>\n<ul>\n<li>Iztur\u012bgs, iesprau\u017eams daudzparametru sensors, kas izgatavots no plastmasas (PVC-U) un paredz\u0113ts l\u012bdz divpadsmit sensoru pievieno\u0161anai (\u016bdens l\u012bmenis, temperat\u016bra, vad\u012btsp\u0113ja, pH, redokspotenci\u0101ls, sk\u0101bek\u013ca saturs, du\u013c\u0137ain\u012bba, amonjaks, nitr\u0101ti, hlor\u012bds, amonijs, n\u0101trijs, kalcijs, fluor\u012bds, k\u0101lijs, hlorofils A, zila\u013c\u0123es vai rodam\u012bna WT).<\/li>\n<li>Papildu elektrisk\u0101 kontakta m\u0113r\u012b\u0161anas funkcija apvienojum\u0101 ar <a href=\"http:\/\/labostera.lt\/lv\/produktas\/duomenu-registratorius-seba-hydrometrie-kll-q-2-data-logger\/\" target=\"_blank\" rel=\"noopener\">KLL-Q-2<\/a> mobil\u0101 lauka laboratorija.<\/li>\n<li>Optimiz\u0113ta konstrukcija (\u00d889 mm, 572 mm gara), tiek izmantota no 4 collu diametra caurules.<\/li>\n<li>Izeja: RS485 (SHWP), p\u0113c izv\u0113les: MODBUS, SDI-12, 0\/4\u201320 mA.<\/li>\n<li>P\u0113c izv\u0113les: integr\u0113ts, augstas veiktsp\u0113jas SEBA datu re\u0123istr\u0113t\u0101js Qualilog16 (stacion\u0101rai lieto\u0161anai).<\/li>\n<\/ul>\n<h3>\u016adens l\u012bme\u0146a sensors \u2013 <a href=\"http:\/\/labostera.lt\/lv\/product-brand\/seba-hydrometrie-gmbh-and-co-kg\/\" target=\"_blank\" rel=\"noopener\">SEBA Hydrometrie MPS-K16 daudzparametru \u016bdens l\u012bme\u0146a zonde<\/a>.<\/h3>\n<p>Vair\u0101k inform\u0101cijas: <strong><a href=\"https:\/\/www.seba-hydrometrie.com\/en\/products?tx_sebaproducts_sebaproducts%5Baction%5D=show&#038;tx_sebaproducts_sebaproducts%5Bcontroller%5D=Product&#038;tx_sebaproducts_sebaproducts%5Bprimarycategory%5D=4&#038;tx_sebaproducts_sebaproducts%5Bproduct%5D=35&#038;tx_sebaproducts_sebaproducts%5Bsecondarycategory%5D=2&#038;cHash=285ab857b00cb66dcc1f9e3aac0b4ef7\" target=\"_blank\" rel=\"noopener nofollow\">ra\u017eot\u0101ja t\u012bmek\u013ca vietn\u0113<\/a><\/strong> vai nos\u016btiet mums piepras\u012bjumu!<\/p>","protected":false},"excerpt":{"rendered":"<p><strong>Pied\u0101v\u0101jam pla\u0161u v\u0101cu ra\u017eot\u0101ja SEBA Hydrometrie GmbH &amp; Co. KG iek\u0101rtu kl\u0101stu.<\/strong>, kura uz\u0146\u0113mums koncentr\u0113jas uz produktu un procesu efektivit\u0101tes nep\u0101rtrauktu uzlabo\u0161anu, cen\u0161oties pied\u0101v\u0101t lab\u0101kos tehnolo\u0123iskos risin\u0101jumus medic\u012bnas, tehniski zin\u0101tnisk\u0101s p\u0113tniec\u012bbas un r\u016bpniec\u012bbas nozar\u0113m kopum\u0101.<\/p>","protected":false},"featured_media":16491,"template":"","meta":[],"product_cat":[83,108,76,110],"product_tag":[432,438,431,437,441,436,435,451,447,450,297,448,445,309,310,314,315,308,295,442,444,292,440,434,433,304,291,299,443,303,418,449,452,419,395,439,446,298,302,296,313],"class_list":{"0":"post-16490","1":"product","2":"type-product","3":"status-publish","4":"has-post-thumbnail","6":"product_brand-seba-hydrometrie-gmbh-and-co-kg","7":"product_cat-aplinkotyra","8":"product_cat-hidrologine-meteorologine-iranga","9":"product_cat-laboratorine-iranga","10":"product_cat-vandens-kokybes-tyrimo-iranga","11":"product_tag-ammonia-meters","12":"product_tag-ammonium-meters","13":"product_tag-amoniako-matuokliai","14":"product_tag-amonio-matuokliai","15":"product_tag-calcium-meters","16":"product_tag-chloride-meters","17":"product_tag-chloridu-matuokliai","18":"product_tag-chlorophilo-a-matuokliai","19":"product_tag-chlorophyll-a-meters","20":"product_tag-ciano-bakteriju-matuokliai","21":"product_tag-conductuvity-meters","22":"product_tag-cyano-bacteria-meters","23":"product_tag-density-meters","24":"product_tag-dissolved-oxygen-meters","25":"product_tag-drumstumo-matuokliai","26":"product_tag-fluoride-meters","27":"product_tag-fluorido-matuokliai","28":"product_tag-istirpinto-deguonies-matuokliai","29":"product_tag-istirpintuju-kietuju-medziagu-koncentracijos-matuokliai","30":"product_tag-kalcio-matuokliai","31":"product_tag-kalio-matuokliai","32":"product_tag-laidumo-matuokliai","33":"product_tag-natrio-matuokliai","34":"product_tag-nitrate-meters","35":"product_tag-nitratu-matuokliai","36":"product_tag-oksidacijos-redukcijos-potencialo-orp-matuokliai","37":"product_tag-ph-matuokliai","38":"product_tag-ph-meters","39":"product_tag-potassium-meters","40":"product_tag-redox-potential-orp-meters","41":"product_tag-relative-pressure-probes","42":"product_tag-rhodamine-wt-meters","43":"product_tag-rodaminas-wt-matuokliai","44":"product_tag-santykinio-slegio-zondai","45":"product_tag-seba-hydrometrie-gmbh-co-kg","46":"product_tag-sodium-meters","47":"product_tag-tankio-metrai","48":"product_tag-tds-meters","49":"product_tag-temperature-meters","50":"product_tag-temperaturos-matuokliai","51":"product_tag-turbidity-meters","53":"first","54":"onbackorder","55":"shipping-taxable","56":"product-type-simple"},"_links":{"self":[{"href":"https:\/\/labostera.lt\/lv\/wp-json\/wp\/v2\/product\/16490","targetHints":{"allow":["GET"]}}],"collection":[{"href":"https:\/\/labostera.lt\/lv\/wp-json\/wp\/v2\/product"}],"about":[{"href":"https:\/\/labostera.lt\/lv\/wp-json\/wp\/v2\/types\/product"}],"wp:featuredmedia":[{"embeddable":true,"href":"https:\/\/labostera.lt\/lv\/wp-json\/wp\/v2\/media\/16491"}],"wp:attachment":[{"href":"https:\/\/labostera.lt\/lv\/wp-json\/wp\/v2\/media?parent=16490"}],"wp:term":[{"taxonomy":"product_cat","embeddable":true,"href":"https:\/\/labostera.lt\/lv\/wp-json\/wp\/v2\/product_cat?post=16490"},{"taxonomy":"product_tag","embeddable":true,"href":"https:\/\/labostera.lt\/lv\/wp-json\/wp\/v2\/product_tag?post=16490"}],"curies":[{"name":"wp","href":"https:\/\/api.w.org\/{rel}","templated":true}]}}