{"id":16484,"date":"2023-11-15T12:42:58","date_gmt":"2023-11-15T12:42:58","guid":{"rendered":"http:\/\/labostera.lt\/?post_type=product&#038;p=16484"},"modified":"2024-01-19T15:18:13","modified_gmt":"2024-01-19T13:18:13","slug":"daugiaparametrinis-vandens-lygio-zondas-seba-hydrometrie-mps-ptec-multiparameter-water-level-probe","status":"publish","type":"product","link":"https:\/\/labostera.lt\/lv\/priemones-ir-iranga\/laboratorine-iranga\/aplinkotyra\/hidrologine-meteorologine-iranga\/daugiaparametrinis-vandens-lygio-zondas-seba-hydrometrie-mps-ptec-multiparameter-water-level-probe\/","title":{"rendered":"Daudzparametru \u016bdens l\u012bme\u0146a zonde SEBA Hydrometrie MPS-PTEC daudzparametru \u016bdens l\u012bme\u0146a zonde"},"content":{"rendered":"<h2><strong>\u201eSEBA Hydrometrie GmbH &amp; Co. KG MPS-PTEC daudzparametru \u016bdens l\u012bme\u0146a zonde<\/strong><\/h2>\n<p>\u201eSEBA Hydrometrie GmbH &amp; Co. KG ra\u017eotais MPS-PTEC ir daudzparametru \u016bdens l\u012bme\u0146a sensors, kas paredz\u0113ts spiediena, temperat\u016bras un vad\u012btsp\u0113jas m\u0113r\u012b\u0161anai. \u0160\u012bs zondes raksturlielumi ietver:<\/p>\n<ul>\n<li>Augstas kvalit\u0101tes 4 elektrodu vad\u012btsp\u0113jas m\u0113r\u012b\u0161anas \u0161\u016bna.<\/li>\n<li>Keramikas kondens\u0101cijas spiediena zonde ar augstu m\u0113r\u012bjumu precizit\u0101ti (0,05% FS) un ilgtermi\u0146a stabilit\u0101ti (0,1 %\/gad\u0101).<\/li>\n<li>Iztur\u012bgs, pl\u0101ns \u00d822 mm 1.4539 ner\u016bs\u0113jo\u0161\u0101 t\u0113rauda korpuss ekstrem\u0101liem apst\u0101k\u013ciem.<\/li>\n<li>Izeja: RS485, p\u0113c izv\u0113les: MOD-BUS, SDI-12, 4\u201320 mA.<\/li>\n<li>P\u0113c izv\u0113les ar integr\u0113tu datu re\u0123istr\u0113t\u0101ju: variants &quot;\u201e<a href=\"http:\/\/labostera.lt\/lv\/produktas\/santykinio-slegio-ir-laidumo-duomenu-registratorius-seba-hydrometrie-dipper-ptec-relative-pressure-and-conductivity-data-logger\/\" target=\"_blank\" rel=\"noopener\">Dipper-PTEC<\/a>\u201e&quot;.<\/li>\n<\/ul>\n<h3>\u016adens l\u012bme\u0146a sensors \u2013 <a href=\"http:\/\/labostera.lt\/lv\/product-brand\/seba-hydrometrie-gmbh-and-co-kg\/\" target=\"_blank\" rel=\"noopener\">SEBA Hydrometrie MPS-PTEC daudzparametru \u016bdens l\u012bme\u0146a zonde<\/a>.<\/h3>\n<p>Vair\u0101k inform\u0101cijas: <strong><a href=\"https:\/\/www.seba-hydrometrie.com\/en\/products?tx_sebaproducts_sebaproducts%5Baction%5D=show&#038;tx_sebaproducts_sebaproducts%5Bcontroller%5D=Product&#038;tx_sebaproducts_sebaproducts%5Bprimarycategory%5D=4&#038;tx_sebaproducts_sebaproducts%5Bproduct%5D=36&#038;cHash=17bbddb9daebe7c8abb9a8819c5237b5\" target=\"_blank\" rel=\"noopener nofollow\">ra\u017eot\u0101ja t\u012bmek\u013ca vietn\u0113<\/a><\/strong> vai nos\u016btiet mums piepras\u012bjumu!<\/p>","protected":false},"excerpt":{"rendered":"<p><strong>Pied\u0101v\u0101jam pla\u0161u v\u0101cu ra\u017eot\u0101ja SEBA Hydrometrie GmbH &amp; Co. KG iek\u0101rtu kl\u0101stu.<\/strong>, kura uz\u0146\u0113mums koncentr\u0113jas uz produktu un procesu efektivit\u0101tes nep\u0101rtrauktu uzlabo\u0161anu, cen\u0161oties pied\u0101v\u0101t lab\u0101kos tehnolo\u0123iskos risin\u0101jumus medic\u012bnas, tehniski zin\u0101tnisk\u0101s p\u0113tniec\u012bbas un r\u016bpniec\u012bbas nozar\u0113m kopum\u0101.<\/p>","protected":false},"featured_media":16485,"template":"","meta":[],"product_cat":[83,108,76,110],"product_tag":[297,292,418,419,395,302,296],"class_list":{"0":"post-16484","1":"product","2":"type-product","3":"status-publish","4":"has-post-thumbnail","6":"product_brand-seba-hydrometrie-gmbh-and-co-kg","7":"product_cat-aplinkotyra","8":"product_cat-hidrologine-meteorologine-iranga","9":"product_cat-laboratorine-iranga","10":"product_cat-vandens-kokybes-tyrimo-iranga","11":"product_tag-conductuvity-meters","12":"product_tag-laidumo-matuokliai","13":"product_tag-relative-pressure-probes","14":"product_tag-santykinio-slegio-zondai","15":"product_tag-seba-hydrometrie-gmbh-co-kg","16":"product_tag-temperature-meters","17":"product_tag-temperaturos-matuokliai","19":"first","20":"onbackorder","21":"shipping-taxable","22":"product-type-simple"},"_links":{"self":[{"href":"https:\/\/labostera.lt\/lv\/wp-json\/wp\/v2\/product\/16484","targetHints":{"allow":["GET"]}}],"collection":[{"href":"https:\/\/labostera.lt\/lv\/wp-json\/wp\/v2\/product"}],"about":[{"href":"https:\/\/labostera.lt\/lv\/wp-json\/wp\/v2\/types\/product"}],"wp:featuredmedia":[{"embeddable":true,"href":"https:\/\/labostera.lt\/lv\/wp-json\/wp\/v2\/media\/16485"}],"wp:attachment":[{"href":"https:\/\/labostera.lt\/lv\/wp-json\/wp\/v2\/media?parent=16484"}],"wp:term":[{"taxonomy":"product_cat","embeddable":true,"href":"https:\/\/labostera.lt\/lv\/wp-json\/wp\/v2\/product_cat?post=16484"},{"taxonomy":"product_tag","embeddable":true,"href":"https:\/\/labostera.lt\/lv\/wp-json\/wp\/v2\/product_tag?post=16484"}],"curies":[{"name":"wp","href":"https:\/\/api.w.org\/{rel}","templated":true}]}}