{"id":16478,"date":"2024-06-13T11:32:47","date_gmt":"2024-06-13T08:32:47","guid":{"rendered":"http:\/\/labostera.lt\/?post_type=product&#038;p=16478"},"modified":"2024-06-13T16:35:14","modified_gmt":"2024-06-13T13:35:14","slug":"universalus-vandens-sroves-matuoklis-seba-hydrometrie-f1-universal-water-current-meter","status":"publish","type":"product","link":"https:\/\/labostera.lt\/lv\/priemones-ir-iranga\/laboratorine-iranga\/aplinkotyra\/hidrologine-meteorologine-iranga\/universalus-vandens-sroves-matuoklis-seba-hydrometrie-f1-universal-water-current-meter\/","title":{"rendered":"Univers\u0101ls \u016bdens str\u0101vas m\u0113r\u012bt\u0101js SEBA Hydrometrie F1 Univers\u0101ls \u016bdens str\u0101vas m\u0113r\u012bt\u0101js"},"content":{"rendered":"<h2><strong>\u201eSEBA Hydrometrie GmbH &amp; Co. KG F1 univers\u0101lais \u016bdens pl\u016bsmas m\u0113r\u012bt\u0101js<\/strong><\/h2>\n<p>\u201eSEBA Hydrometrie GmbH &amp; Co. KG F1 univers\u0101l\u0101 \u016bdens pl\u016bsmas m\u0113r\u012bt\u0101ja funkcijas papla\u0161in\u0101s j\u016bsu m\u0113r\u012b\u0161anas iesp\u0113jas. \u0160\u012bs ier\u012bces \u012bpa\u0161\u012bbas ietver:<\/p>\n<ul>\n<li>Sp\u0113c\u012bgs hidrolo\u0123iskais rotors pl\u016bsmas m\u0113r\u012b\u0161anai uz \u00d820 mm k\u0101ta vai ar slodzes svaru (pludi\u0146a sp\u0101rni).<\/li>\n<li>Punktu m\u0113r\u012b\u0161anas metode (punktu \u0101trumu noteik\u0161ana m\u0113r\u012b\u0161anas vertik\u0101l\u0113s).<\/li>\n<li>Piem\u0113rots \u016bdens pl\u016bsmas m\u0113r\u012bjumiem no maza l\u012bdz lielam \u0101trumam \u016bdenstilp\u0113s.<\/li>\n<li>Da\u017e\u0101diem lietojumiem ir pieejami da\u017e\u0101da veida sp\u0101rni.<\/li>\n<li>Izveido savienojumu ar Z6 skait\u013co\u0161anas ier\u012bci vai kl\u0113pjdatoru vai plan\u0161etdatoru, izmantojot HDA-Pro, ko kontrol\u0113 Q 3.1 programmat\u016bra un rotora modulis.<\/li>\n<\/ul>\n<h3>\u016adens l\u012bme\u0146a m\u0113r\u012bt\u0101js \u2013 <a href=\"http:\/\/labostera.lt\/lv\/product-brand\/seba-hydrometrie-gmbh-and-co-kg\/\" target=\"_blank\" rel=\"noopener\">SEBA Hydometrie F1 univers\u0101lais \u016bdens str\u0101vas m\u0113r\u012bt\u0101js<\/a>.<\/h3>\n<p>Vair\u0101k inform\u0101cijas: <strong><a href=\"https:\/\/www.seba-hydrometrie.com\/en\/products?tx_sebaproducts_sebaproducts%5Baction%5D=show&#038;tx_sebaproducts_sebaproducts%5Bcontroller%5D=Product&#038;tx_sebaproducts_sebaproducts%5Bprimarycategory%5D=3&#038;tx_sebaproducts_sebaproducts%5Bproduct%5D=30&#038;tx_sebaproducts_sebaproducts%5Bsecondarycategory%5D=12&#038;cHash=3ef7546f72e1ebbfde001d86f902975d\" target=\"_blank\" rel=\"noopener nofollow\">ra\u017eot\u0101ja t\u012bmek\u013ca vietn\u0113<\/a><\/strong> vai nos\u016btiet mums piepras\u012bjumu!<\/p>","protected":false},"excerpt":{"rendered":"<p><strong>Pied\u0101v\u0101jam pla\u0161u v\u0101cu ra\u017eot\u0101ja SEBA Hydrometrie GmbH &amp; Co. KG iek\u0101rtu kl\u0101stu.<\/strong>, kura uz\u0146\u0113mums koncentr\u0113jas uz produktu un procesu efektivit\u0101tes nep\u0101rtrauktu uzlabo\u0161anu, cen\u0161oties pied\u0101v\u0101t lab\u0101kos tehnolo\u0123iskos risin\u0101jumus medic\u012bnas, tehniski zin\u0101tnisk\u0101s p\u0113tniec\u012bbas un r\u016bpniec\u012bbas nozar\u0113m kopum\u0101.<\/p>","protected":false},"featured_media":16479,"template":"","meta":[],"product_cat":[83,108,76],"product_tag":[395,427,428],"class_list":{"0":"post-16478","1":"product","2":"type-product","3":"status-publish","4":"has-post-thumbnail","6":"product_brand-seba-hydrometrie-gmbh-and-co-kg","7":"product_cat-aplinkotyra","8":"product_cat-hidrologine-meteorologine-iranga","9":"product_cat-laboratorine-iranga","10":"product_tag-seba-hydrometrie-gmbh-co-kg","11":"product_tag-vandens-sroves-matuokliai","12":"product_tag-water-current-meters","14":"first","15":"onbackorder","16":"shipping-taxable","17":"product-type-simple"},"_links":{"self":[{"href":"https:\/\/labostera.lt\/lv\/wp-json\/wp\/v2\/product\/16478","targetHints":{"allow":["GET"]}}],"collection":[{"href":"https:\/\/labostera.lt\/lv\/wp-json\/wp\/v2\/product"}],"about":[{"href":"https:\/\/labostera.lt\/lv\/wp-json\/wp\/v2\/types\/product"}],"wp:featuredmedia":[{"embeddable":true,"href":"https:\/\/labostera.lt\/lv\/wp-json\/wp\/v2\/media\/16479"}],"wp:attachment":[{"href":"https:\/\/labostera.lt\/lv\/wp-json\/wp\/v2\/media?parent=16478"}],"wp:term":[{"taxonomy":"product_cat","embeddable":true,"href":"https:\/\/labostera.lt\/lv\/wp-json\/wp\/v2\/product_cat?post=16478"},{"taxonomy":"product_tag","embeddable":true,"href":"https:\/\/labostera.lt\/lv\/wp-json\/wp\/v2\/product_tag?post=16478"}],"curies":[{"name":"wp","href":"https:\/\/api.w.org\/{rel}","templated":true}]}}