{"id":16471,"date":"2023-11-15T09:01:42","date_gmt":"2023-11-15T09:01:42","guid":{"rendered":"http:\/\/labostera.lt\/?post_type=product&#038;p=16471"},"modified":"2024-01-30T14:12:24","modified_gmt":"2024-01-30T12:12:24","slug":"bekontaktis-vandens-sroves-matuoklis-seba-hydrometrie-dischargekeeper-water-current-meter","status":"publish","type":"product","link":"https:\/\/labostera.lt\/lv\/priemones-ir-iranga\/laboratorine-iranga\/aplinkotyra\/hidrologine-meteorologine-iranga\/bekontaktis-vandens-sroves-matuoklis-seba-hydrometrie-dischargekeeper-water-current-meter\/","title":{"rendered":"Bezkontakta \u016bdens str\u0101vas skait\u012bt\u0101js SEBA Hydometrie DischargeKeeper \u016bdens str\u0101vas skait\u012bt\u0101js"},"content":{"rendered":"<h2><strong>\u201eSEBA Hydrometrie GmbH &amp; Co. KG DischargeKeeper bezkontakta \u016bdens pl\u016bsmas m\u0113r\u012bt\u0101js<\/strong><\/h2>\n<p>\u201eSEBA Hydrometrie GmbH &amp; Co. KG DischargeKeeper bezkontakta \u016bdens pl\u016bsmas m\u0113r\u012bt\u0101js ir inovat\u012bva m\u0113r\u012b\u0161anas sist\u0113ma, kas paredz\u0113ta virsmas \u0101truma profilu un \u016bdens l\u012bme\u0146u noteik\u0161anai. \u0160\u012bs ier\u012bces funkcijas ietver:<\/p>\n<ul>\n<li>Kameru m\u0113r\u012b\u0161anas sist\u0113ma virsmas \u0101truma profila un \u016bdens l\u012bme\u0146a noteik\u0161anai.<\/li>\n<li>Tie\u0161\u0101s pl\u016bsmas apr\u0113\u0137ins.<\/li>\n<li>Neinvaz\u012bva m\u0113r\u012b\u0161anas metode, izmantojot tikai vienu kameru.<\/li>\n<li>M\u0113r\u012bjumu datu un att\u0113lu glab\u0101\u0161ana un att\u0101lin\u0101ta p\u0101rraide.<\/li>\n<li>Inteli\u0123enta sign\u0101lu p\u0101rvald\u012bba.<\/li>\n<\/ul>\n<h3>\u016adens l\u012bme\u0146a m\u0113r\u012bt\u0101js \u2013 <a href=\"http:\/\/labostera.lt\/lv\/product-brand\/seba-hydrometrie-gmbh-and-co-kg\/\" target=\"_blank\" rel=\"noopener\">SEBA Hydometry DischargeKeeper \u016bdens str\u0101vas skait\u012bt\u0101js<\/a>.<\/h3>\n<p>Vair\u0101k inform\u0101cijas: <strong><a href=\"https:\/\/www.seba-hydrometrie.com\/en\/products?tx_sebaproducts_sebaproducts%5Baction%5D=show&#038;tx_sebaproducts_sebaproducts%5Bcontroller%5D=Product&#038;tx_sebaproducts_sebaproducts%5Bprimarycategory%5D=3&#038;tx_sebaproducts_sebaproducts%5Bproduct%5D=299&#038;tx_sebaproducts_sebaproducts%5Bsecondarycategory%5D=12&#038;cHash=2ed1b3c0ac389cdf52e8b7dfbf293000\" target=\"_blank\" rel=\"noopener nofollow\">ra\u017eot\u0101ja t\u012bmek\u013ca vietn\u0113<\/a><\/strong> vai nos\u016btiet mums piepras\u012bjumu!<\/p>","protected":false},"excerpt":{"rendered":"<p><strong>Pied\u0101v\u0101jam pla\u0161u v\u0101cu ra\u017eot\u0101ja SEBA Hydrometrie GmbH &amp; Co. KG iek\u0101rtu kl\u0101stu.<\/strong>, kura uz\u0146\u0113mums koncentr\u0113jas uz produktu un procesu efektivit\u0101tes nep\u0101rtrauktu uzlabo\u0161anu, cen\u0161oties pied\u0101v\u0101t lab\u0101kos tehnolo\u0123iskos risin\u0101jumus medic\u012bnas, tehniski zin\u0101tnisk\u0101s p\u0113tniec\u012bbas un r\u016bpniec\u012bbas nozar\u0113m kopum\u0101.<\/p>","protected":false},"featured_media":16477,"template":"","meta":[],"product_cat":[83,108,76,400],"product_tag":[395,427,428],"class_list":{"0":"post-16471","1":"product","2":"type-product","3":"status-publish","4":"has-post-thumbnail","6":"product_brand-seba-hydrometrie-gmbh-and-co-kg","7":"product_cat-aplinkotyra","8":"product_cat-hidrologine-meteorologine-iranga","9":"product_cat-laboratorine-iranga","10":"product_cat-registratoriai-duomenu-kaupikliai","11":"product_tag-seba-hydrometrie-gmbh-co-kg","12":"product_tag-vandens-sroves-matuokliai","13":"product_tag-water-current-meters","15":"first","16":"onbackorder","17":"shipping-taxable","18":"product-type-simple"},"_links":{"self":[{"href":"https:\/\/labostera.lt\/lv\/wp-json\/wp\/v2\/product\/16471","targetHints":{"allow":["GET"]}}],"collection":[{"href":"https:\/\/labostera.lt\/lv\/wp-json\/wp\/v2\/product"}],"about":[{"href":"https:\/\/labostera.lt\/lv\/wp-json\/wp\/v2\/types\/product"}],"wp:featuredmedia":[{"embeddable":true,"href":"https:\/\/labostera.lt\/lv\/wp-json\/wp\/v2\/media\/16477"}],"wp:attachment":[{"href":"https:\/\/labostera.lt\/lv\/wp-json\/wp\/v2\/media?parent=16471"}],"wp:term":[{"taxonomy":"product_cat","embeddable":true,"href":"https:\/\/labostera.lt\/lv\/wp-json\/wp\/v2\/product_cat?post=16471"},{"taxonomy":"product_tag","embeddable":true,"href":"https:\/\/labostera.lt\/lv\/wp-json\/wp\/v2\/product_tag?post=16471"}],"curies":[{"name":"wp","href":"https:\/\/api.w.org\/{rel}","templated":true}]}}