{"id":16463,"date":"2023-11-15T08:29:53","date_gmt":"2023-11-15T08:29:53","guid":{"rendered":"http:\/\/labostera.lt\/?post_type=product&#038;p=16463"},"modified":"2024-01-30T14:12:41","modified_gmt":"2024-01-30T12:12:41","slug":"kampinis-koduotuvas-seba-hydrometrie-levelsense-shaft-encoder","status":"publish","type":"product","link":"https:\/\/labostera.lt\/lv\/priemones-ir-iranga\/laboratorine-iranga\/aplinkotyra\/hidrologine-meteorologine-iranga\/kampinis-koduotuvas-seba-hydrometrie-levelsense-shaft-encoder\/","title":{"rendered":"Le\u0146\u0137a kod\u0113t\u0101js SEBA Hydometrie LevelSense v\u0101rpstas kod\u0113t\u0101js"},"content":{"rendered":"<h2><strong>SEBA Hydrometrie GmbH &amp; Co. KG LevelSense le\u0146\u0137a kod\u0113t\u0101js<\/strong><\/h2>\n<p>SEBA Hydrometrie GmbH &amp; Co. KG ra\u017eotais LevelSense le\u0146\u0137a kod\u0113t\u0101js ir paredz\u0113ts prec\u012bzai \u016bdens l\u012bme\u0146a sv\u0101rst\u012bbu noteik\u0161anai, izmantojot pludi\u0146u un svaru. \u0160\u012bs ier\u012bces funkcijas ietver:<\/p>\n<ul>\n<li>Draudz\u012bgs lietot\u0101ja interfeiss \u2014 v\u0101rpstas le\u0146\u0137a kod\u0113t\u0101js var prec\u012bzi noteikt \u016bdens l\u012bme\u0146a sv\u0101rst\u012bbas, izmantojot pludi\u0146u un svaru.<\/li>\n<li>M\u0113r\u012b\u0161anas diapazons: 0\u201315 m ar lod\u012b\u0161u \u0137\u0113di vai 0\u2013100 m ar bojas virvi.<\/li>\n<li>M\u0113r\u012bjumu precizit\u0101te: 2,5 mm (atkar\u012bb\u0101 no pludi\u0146a izm\u0113ra).<\/li>\n<li>3 rindu displejs, kas r\u0101da pa\u0161reiz\u0113j\u0101s izm\u0113r\u012bt\u0101s v\u0113rt\u012bbas.<\/li>\n<li>Izejas sign\u0101li: RS485 (SHWP), SDI-12, MODBUS, 0\/4\u201320 mA.<\/li>\n<li>Iek\u0161\u0113j\u0101 9 V rezerves baterija.<\/li>\n<li>Pal\u012bdz\u012bba ar integr\u0113to datu re\u0123istr\u0113t\u0101ju: <a href=\"http:\/\/labostera.lt\/lv\/produktas\/duomenu-registratorius-seba-hydrometrie-unilog-light-data-logger\/\" target=\"_blank\" rel=\"noopener\">UniLog gaisma<\/a> ENC (p\u0113c izv\u0113les).<\/li>\n<\/ul>\n<h3>Le\u0146\u0137iskais kod\u0113t\u0101js \u2013 <a href=\"http:\/\/labostera.lt\/lv\/product-brand\/seba-hydrometrie-gmbh-and-co-kg\/\" target=\"_blank\" rel=\"noopener\">SEBA hidrometrijas l\u012bme\u0146a sensora v\u0101rpstas kod\u0113t\u0101js<\/a>.<\/h3>\n<p>Vair\u0101k inform\u0101cijas: <strong><a href=\"https:\/\/www.seba-hydrometrie.com\/en\/products?tx_sebaproducts_sebaproducts%5Baction%5D=show&#038;tx_sebaproducts_sebaproducts%5Bcontroller%5D=Product&#038;tx_sebaproducts_sebaproducts%5Bprimarycategory%5D=2&#038;tx_sebaproducts_sebaproducts%5Bproduct%5D=44&#038;tx_sebaproducts_sebaproducts%5Bsecondarycategory%5D=2&#038;cHash=0ffb84313fa2de5b6bf14516988f457e\" target=\"_blank\" rel=\"noopener nofollow\">ra\u017eot\u0101ja t\u012bmek\u013ca vietn\u0113<\/a><\/strong> vai nos\u016btiet mums piepras\u012bjumu!<\/p>","protected":false},"excerpt":{"rendered":"<p><strong>Pied\u0101v\u0101jam pla\u0161u v\u0101cu ra\u017eot\u0101ja SEBA Hydrometrie GmbH &amp; Co. KG iek\u0101rtu kl\u0101stu.<\/strong>, kura uz\u0146\u0113mums koncentr\u0113jas uz produktu un procesu efektivit\u0101tes nep\u0101rtrauktu uzlabo\u0161anu, cen\u0161oties pied\u0101v\u0101t lab\u0101kos tehnolo\u0123iskos risin\u0101jumus medic\u012bnas, tehniski zin\u0101tnisk\u0101s p\u0113tniec\u012bbas un r\u016bpniec\u012bbas nozar\u0113m kopum\u0101.<\/p>","protected":false},"featured_media":16462,"template":"","meta":[],"product_cat":[83,108,76],"product_tag":[425,395,424],"class_list":{"0":"post-16463","1":"product","2":"type-product","3":"status-publish","4":"has-post-thumbnail","6":"product_brand-seba-hydrometrie-gmbh-and-co-kg","7":"product_cat-aplinkotyra","8":"product_cat-hidrologine-meteorologine-iranga","9":"product_cat-laboratorine-iranga","10":"product_tag-pavirsiaus-vandenu-lygio-daviklis","11":"product_tag-seba-hydrometrie-gmbh-co-kg","12":"product_tag-surface-water-level-float","14":"first","15":"onbackorder","16":"shipping-taxable","17":"purchasable","18":"product-type-simple"},"_links":{"self":[{"href":"https:\/\/labostera.lt\/lv\/wp-json\/wp\/v2\/product\/16463","targetHints":{"allow":["GET"]}}],"collection":[{"href":"https:\/\/labostera.lt\/lv\/wp-json\/wp\/v2\/product"}],"about":[{"href":"https:\/\/labostera.lt\/lv\/wp-json\/wp\/v2\/types\/product"}],"wp:featuredmedia":[{"embeddable":true,"href":"https:\/\/labostera.lt\/lv\/wp-json\/wp\/v2\/media\/16462"}],"wp:attachment":[{"href":"https:\/\/labostera.lt\/lv\/wp-json\/wp\/v2\/media?parent=16463"}],"wp:term":[{"taxonomy":"product_cat","embeddable":true,"href":"https:\/\/labostera.lt\/lv\/wp-json\/wp\/v2\/product_cat?post=16463"},{"taxonomy":"product_tag","embeddable":true,"href":"https:\/\/labostera.lt\/lv\/wp-json\/wp\/v2\/product_tag?post=16463"}],"curies":[{"name":"wp","href":"https:\/\/api.w.org\/{rel}","templated":true}]}}