{"id":16457,"date":"2023-11-15T08:09:11","date_gmt":"2023-11-15T08:09:11","guid":{"rendered":"http:\/\/labostera.lt\/?post_type=product&#038;p=16457"},"modified":"2024-01-30T14:12:57","modified_gmt":"2024-01-30T12:12:57","slug":"slegio-daviklis-pneumatiniams-matavimams-seba-hydrometrie-ps-sensor-pneumatic-gauge-sensor","status":"publish","type":"product","link":"https:\/\/labostera.lt\/lv\/priemones-ir-iranga\/laboratorine-iranga\/aplinkotyra\/hidrologine-meteorologine-iranga\/slegio-daviklis-pneumatiniams-matavimams-seba-hydrometrie-ps-sensor-pneumatic-gauge-sensor\/","title":{"rendered":"Spiediena sensors pneimatiskajiem m\u0113r\u012bjumiem SEBA Hydometrie PS-Sensor pneimatiskais manometra sensors"},"content":{"rendered":"<h2><strong>SEBA Hydrometrie GmbH &amp; Co. KG PS sensora spiediena raid\u012bt\u0101js pneimatiskajiem m\u0113r\u012bjumiem<\/strong><\/h2>\n<p>SEBA Hydrometrie GmbH &amp; Co. KG spiediena sensors PS-Sensor ir nep\u0101rtrauktas darb\u012bbas burbu\u013cu sensors, kas \u0101tri nosaka \u016bdens l\u012bme\u0146a izmai\u0146as.<\/p>\n<ul>\n<li>Autom\u0101tiska spiediena diapazona noteik\u0161ana maksim\u0101lai m\u0113r\u012bjumu precizit\u0101tei (0,05 % FS).<\/li>\n<li>Bulti\u0146a ar funkciju pogu komplektu izm\u0113r\u012bt\u0101s v\u0113rt\u012bbas att\u0113lo\u0161anai.<\/li>\n<li>M\u0113r\u012bjumu diapazoni: 0\u201310\/17\/20\/30\/35\/40 m.<\/li>\n<li>Ilgtermi\u0146a stabilit\u0101te, pateicoties inteli\u0123entajai sensoru kompens\u0101cijai.<\/li>\n<li>Pieejams ar digit\u0101lo (RS485: SHWP, SDI-12, MODBUS) vai analogo izejas sign\u0101lu (4\u201320 mA, 0\u20131 V, 0\u20135 V).<\/li>\n<li>Da\u017e\u0101das konfigur\u0101cijas iesp\u0113jas, piem\u0113ram, burbu\u013cu skaits min\u016bt\u0113, m\u0113r\u012b\u0161anas cikli utt.<\/li>\n<li>Ieskaitot autom\u0101tisko p\u0101rnesumk\u0101rbu, kompresoru un gaisa tvertni (0,75 l).<\/li>\n<\/ul>\n<h3>Spiediena sensors \u2013 <a href=\"http:\/\/labostera.lt\/lv\/product-brand\/seba-hydrometrie-gmbh-and-co-kg\/\" target=\"_blank\" rel=\"noopener\">SEBA hidrometrijas PS sensors<\/a>.<\/h3>\n<p>Vair\u0101k inform\u0101cijas: <strong><a href=\"https:\/\/www.seba-hydrometrie.com\/en\/products?tx_sebaproducts_sebaproducts%5Baction%5D=show&#038;tx_sebaproducts_sebaproducts%5Bcontroller%5D=Product&#038;tx_sebaproducts_sebaproducts%5Bprimarycategory%5D=2&#038;tx_sebaproducts_sebaproducts%5Bproduct%5D=47&#038;tx_sebaproducts_sebaproducts%5Bsecondarycategory%5D=2&#038;cHash=6ce5f7115de6424ad58e72a48b4b01ae\" target=\"_blank\" rel=\"noopener nofollow\">ra\u017eot\u0101ja t\u012bmek\u013ca vietn\u0113<\/a><\/strong> vai nos\u016btiet mums piepras\u012bjumu!<\/p>","protected":false},"excerpt":{"rendered":"<p><strong>Pied\u0101v\u0101jam pla\u0161u v\u0101cu ra\u017eot\u0101ja SEBA Hydrometrie GmbH &amp; Co. KG iek\u0101rtu kl\u0101stu.<\/strong>, kura uz\u0146\u0113mums koncentr\u0113jas uz produktu un procesu efektivit\u0101tes nep\u0101rtrauktu uzlabo\u0161anu, cen\u0161oties pied\u0101v\u0101t lab\u0101kos tehnolo\u0123iskos risin\u0101jumus medic\u012bnas, tehniski zin\u0101tnisk\u0101s p\u0113tniec\u012bbas un r\u016bpniec\u012bbas nozar\u0113m kopum\u0101.<\/p>","protected":false},"featured_media":16458,"template":"","meta":[],"product_cat":[83,108,76],"product_tag":[422,418,419,395,423],"class_list":{"0":"post-16457","1":"product","2":"type-product","3":"status-publish","4":"has-post-thumbnail","6":"product_brand-seba-hydrometrie-gmbh-and-co-kg","7":"product_cat-aplinkotyra","8":"product_cat-hidrologine-meteorologine-iranga","9":"product_cat-laboratorine-iranga","10":"product_tag-pressure-sensor-pneumatic-gauges","11":"product_tag-relative-pressure-probes","12":"product_tag-santykinio-slegio-zondai","13":"product_tag-seba-hydrometrie-gmbh-co-kg","14":"product_tag-slegio-davikliai-pneumatiniams-matavimams","16":"first","17":"onbackorder","18":"shipping-taxable","19":"purchasable","20":"product-type-simple"},"_links":{"self":[{"href":"https:\/\/labostera.lt\/lv\/wp-json\/wp\/v2\/product\/16457","targetHints":{"allow":["GET"]}}],"collection":[{"href":"https:\/\/labostera.lt\/lv\/wp-json\/wp\/v2\/product"}],"about":[{"href":"https:\/\/labostera.lt\/lv\/wp-json\/wp\/v2\/types\/product"}],"wp:featuredmedia":[{"embeddable":true,"href":"https:\/\/labostera.lt\/lv\/wp-json\/wp\/v2\/media\/16458"}],"wp:attachment":[{"href":"https:\/\/labostera.lt\/lv\/wp-json\/wp\/v2\/media?parent=16457"}],"wp:term":[{"taxonomy":"product_cat","embeddable":true,"href":"https:\/\/labostera.lt\/lv\/wp-json\/wp\/v2\/product_cat?post=16457"},{"taxonomy":"product_tag","embeddable":true,"href":"https:\/\/labostera.lt\/lv\/wp-json\/wp\/v2\/product_tag?post=16457"}],"curies":[{"name":"wp","href":"https:\/\/api.w.org\/{rel}","templated":true}]}}