{"id":16453,"date":"2023-11-15T07:52:28","date_gmt":"2023-11-15T07:52:28","guid":{"rendered":"http:\/\/labostera.lt\/?post_type=product&#038;p=16453"},"modified":"2024-01-19T13:03:44","modified_gmt":"2024-01-19T11:03:44","slug":"duomenu-registratorius-seba-hydrometrie-unilog-light-data-logger","status":"publish","type":"product","link":"https:\/\/labostera.lt\/lv\/priemones-ir-iranga\/laboratorine-iranga\/aplinkotyra\/hidrologine-meteorologine-iranga\/duomenu-registratorius-seba-hydrometrie-unilog-light-data-logger\/","title":{"rendered":"Datu re\u0123istr\u0113t\u0101js SEBA Hydometrie UniLog-Light datu re\u0123istr\u0113t\u0101js"},"content":{"rendered":"<h2><strong>SEBA Hydrometrie GmbH &amp; Co. KG UniLog-Light datu re\u0123istr\u0113t\u0101js<\/strong><\/h2>\n<p>SEBA Hydrometrie GmbH &amp; Co. KG UniLog-Light datu re\u0123istr\u0113t\u0101js ir pieejam\u0101ks 1-2 kan\u0101lu datu re\u0123istr\u0113t\u0101js kabatas izm\u0113ra form\u0101t\u0101.<\/p>\n<ul>\n<li>Iztur\u012bgs, laikapst\u0101k\u013ciem iztur\u012bgs korpuss ar LCD displeju un trim daudzfunkciju pog\u0101m.<\/li>\n<li>Da\u017e\u0101das analogo un digit\u0101lo sensoru piesl\u0113g\u0161anas iesp\u0113jas atkar\u012bb\u0101 no varianta:<\/li>\n<ul>\n<li>Nokri\u0161\u0146u m\u0113r\u012b\u0161ana ar RG50\/RG100\/TWR: Unilog-Light-R<\/li>\n<li>L\u012bme\u0146a m\u0113r\u012b\u0161ana ar pludi\u0146u\/atsvaru: Unilog-Light-ENC<\/li>\n<li>L\u012bme\u0146a m\u0113r\u012b\u0161ana ar SEBA spiediena sensoru DS 22: Unilog-Light SHWP<\/li>\n<li>\u016adens kvalit\u0101tes m\u0113r\u012b\u0161ana ar SEBA daudzgadu parametriem MPS-D8\/K16: Unilog-Light SHWP<\/li>\n<li>Da\u017e\u0101di m\u0113r\u012b\u0161anas uzdevumi ar analogiem sensoriem: Unilog Light Analog<\/li>\n<li>Da\u017e\u0101di m\u0113r\u012b\u0161anas uzdevumi ar SDI-12 sensoriem: Unilog Light SDI-12<\/li>\n<\/ul>\n<li>Liela gredzena atmi\u0146a ar 1\u00a0120\u00a0000 m\u0113r\u012bjumu r\u0101d\u012bjumiem.<\/li>\n<li>Savienojums ar \u0101r\u0113ju GSM\/GPRS modemu, tipa ModCom.<\/li>\n<\/ul>\n<h3>Datu apkopot\u0101js \u2013 <a href=\"http:\/\/labostera.lt\/lv\/product-brand\/seba-hydrometrie-gmbh-and-co-kg\/\" target=\"_blank\" rel=\"noopener\">SEBA hidrometrija UniLog-Light<\/a>.<\/h3>\n<p>Vair\u0101k inform\u0101cijas: <strong><a href=\"https:\/\/www.seba-hydrometrie.com\/en\/products?tx_sebaproducts_sebaproducts%5Baction%5D=show&#038;tx_sebaproducts_sebaproducts%5Bcontroller%5D=Product&#038;tx_sebaproducts_sebaproducts%5Bprimarycategory%5D=2&#038;tx_sebaproducts_sebaproducts%5Bproduct%5D=65&#038;cHash=dc544112a7a382714ccbf937b993dc68\" target=\"_blank\" rel=\"noopener nofollow\">ra\u017eot\u0101ja t\u012bmek\u013ca vietn\u0113<\/a><\/strong> vai nos\u016btiet mums piepras\u012bjumu!<\/p>","protected":false},"excerpt":{"rendered":"<p><strong>Pied\u0101v\u0101jam pla\u0161u v\u0101cu ra\u017eot\u0101ja SEBA Hydrometrie GmbH &amp; Co. KG iek\u0101rtu kl\u0101stu.<\/strong>, kura uz\u0146\u0113mums koncentr\u0113jas uz produktu un procesu efektivit\u0101tes nep\u0101rtrauktu uzlabo\u0161anu, cen\u0161oties pied\u0101v\u0101t lab\u0101kos tehnolo\u0123iskos risin\u0101jumus medic\u012bnas, tehniski zin\u0101tnisk\u0101s p\u0113tniec\u012bbas un r\u016bpniec\u012bbas nozar\u0113m kopum\u0101.<\/p>","protected":false},"featured_media":16454,"template":"","meta":[],"product_cat":[83,108,76,400],"product_tag":[397,396,395],"class_list":{"0":"post-16453","1":"product","2":"type-product","3":"status-publish","4":"has-post-thumbnail","6":"product_brand-seba-hydrometrie-gmbh-and-co-kg","7":"product_cat-aplinkotyra","8":"product_cat-hidrologine-meteorologine-iranga","9":"product_cat-laboratorine-iranga","10":"product_cat-registratoriai-duomenu-kaupikliai","11":"product_tag-data-loggers","12":"product_tag-duomenu-registratoriai","13":"product_tag-seba-hydrometrie-gmbh-co-kg","15":"first","16":"onbackorder","17":"shipping-taxable","18":"purchasable","19":"product-type-simple"},"_links":{"self":[{"href":"https:\/\/labostera.lt\/lv\/wp-json\/wp\/v2\/product\/16453","targetHints":{"allow":["GET"]}}],"collection":[{"href":"https:\/\/labostera.lt\/lv\/wp-json\/wp\/v2\/product"}],"about":[{"href":"https:\/\/labostera.lt\/lv\/wp-json\/wp\/v2\/types\/product"}],"wp:featuredmedia":[{"embeddable":true,"href":"https:\/\/labostera.lt\/lv\/wp-json\/wp\/v2\/media\/16454"}],"wp:attachment":[{"href":"https:\/\/labostera.lt\/lv\/wp-json\/wp\/v2\/media?parent=16453"}],"wp:term":[{"taxonomy":"product_cat","embeddable":true,"href":"https:\/\/labostera.lt\/lv\/wp-json\/wp\/v2\/product_cat?post=16453"},{"taxonomy":"product_tag","embeddable":true,"href":"https:\/\/labostera.lt\/lv\/wp-json\/wp\/v2\/product_tag?post=16453"}],"curies":[{"name":"wp","href":"https:\/\/api.w.org\/{rel}","templated":true}]}}