{"id":16446,"date":"2023-11-14T14:06:11","date_gmt":"2023-11-14T14:06:11","guid":{"rendered":"http:\/\/labostera.lt\/?post_type=product&#038;p=16446"},"modified":"2024-01-19T12:46:49","modified_gmt":"2024-01-19T10:46:49","slug":"duomenu-registratorius-seba-hydrometrie-unilogcom-data-logger","status":"publish","type":"product","link":"https:\/\/labostera.lt\/lv\/priemones-ir-iranga\/laboratorine-iranga\/aplinkotyra\/hidrologine-meteorologine-iranga\/duomenu-registratorius-seba-hydrometrie-unilogcom-data-logger\/","title":{"rendered":"Datu re\u0123istr\u0113t\u0101js SEBA Hydrometrie UniLogCom datu re\u0123istr\u0113t\u0101js"},"content":{"rendered":"<h2><strong>SEBA Hydrometrie GmbH &amp; Co. KG UniLogCom datu re\u0123istr\u0113t\u0101js<\/strong><\/h2>\n<p>SEBA Hydrometrie GmbH &amp; Co. KG datu re\u0123istr\u0113t\u0101js UniLogCom ir pla\u0161a diapazona, lielas ietilp\u012bbas, daudzkan\u0101lu datu re\u0123istr\u0113t\u0101js ar integr\u0113tu mobilo modemu.<\/p>\n<ul>\n<li>Liel\u0101 16 MB gredzenveida atmi\u0146a ir paredz\u0113ta 1\u00a0120\u00a0000 m\u0113r\u012bjumu glab\u0101\u0161anai.<\/li>\n<li>Kompakts plastmasas korpuss mont\u0101\u017eai pie sienas.<\/li>\n<li>LCD ar trim daudzfunkcion\u0101l\u0101m pog\u0101m pa\u0161reiz\u0113jo m\u0113r\u012bjumu v\u0113rt\u012bbu un sist\u0113mas st\u0101vok\u013ca att\u0113lo\u0161anai (p\u0113c izv\u0113les: apgaismots LCD).<\/li>\n<li>P\u0101rraides iesp\u0113jas: mobilo datu uztver\u0161ana, FTP p\u0101rraide, TCP p\u0101rraide, SMS p\u0101rraide, SMS trauksmes sign\u0101li.<\/li>\n<li>Savienojums ar digit\u0101laj\u0101m un analogaj\u0101m zond\u0113m.<\/li>\n<\/ul>\n<h3>Datu apkopot\u0101js \u2013 <a href=\"http:\/\/labostera.lt\/lv\/product-brand\/seba-hydrometrie-gmbh-and-co-kg\/\" target=\"_blank\" rel=\"noopener\">SEBA hidrometrijas UniLogCom<\/a>.<\/h3>\n<p>Vair\u0101k inform\u0101cijas: <strong><a href=\"https:\/\/www.seba-hydrometrie.com\/en\/products?tx_sebaproducts_sebaproducts%5Baction%5D=show&#038;tx_sebaproducts_sebaproducts%5Bcontroller%5D=Product&#038;tx_sebaproducts_sebaproducts%5Bprimarycategory%5D=1&#038;tx_sebaproducts_sebaproducts%5Bproduct%5D=389&#038;tx_sebaproducts_sebaproducts%5Bsecondarycategory%5D=3&#038;cHash=e5739ec1b097facd91f85e3f3c139394\" target=\"_blank\" rel=\"noopener nofollow\">ra\u017eot\u0101ja t\u012bmek\u013ca vietn\u0113<\/a><\/strong> vai nos\u016btiet mums piepras\u012bjumu!<\/p>","protected":false},"excerpt":{"rendered":"<p><strong>Pied\u0101v\u0101jam pla\u0161u v\u0101cu ra\u017eot\u0101ja SEBA Hydrometrie GmbH &amp; Co. KG iek\u0101rtu kl\u0101stu.<\/strong>, kura uz\u0146\u0113mums koncentr\u0113jas uz produktu un procesu efektivit\u0101tes nep\u0101rtrauktu uzlabo\u0161anu, cen\u0161oties pied\u0101v\u0101t lab\u0101kos tehnolo\u0123iskos risin\u0101jumus medic\u012bnas, tehniski zin\u0101tnisk\u0101s p\u0113tniec\u012bbas un r\u016bpniec\u012bbas nozar\u0113m kopum\u0101.<\/p>","protected":false},"featured_media":16447,"template":"","meta":[],"product_cat":[83,108,76,400],"product_tag":[397,396,395],"class_list":{"0":"post-16446","1":"product","2":"type-product","3":"status-publish","4":"has-post-thumbnail","6":"product_brand-seba-hydrometrie-gmbh-and-co-kg","7":"product_cat-aplinkotyra","8":"product_cat-hidrologine-meteorologine-iranga","9":"product_cat-laboratorine-iranga","10":"product_cat-registratoriai-duomenu-kaupikliai","11":"product_tag-data-loggers","12":"product_tag-duomenu-registratoriai","13":"product_tag-seba-hydrometrie-gmbh-co-kg","15":"first","16":"onbackorder","17":"shipping-taxable","18":"purchasable","19":"product-type-simple"},"_links":{"self":[{"href":"https:\/\/labostera.lt\/lv\/wp-json\/wp\/v2\/product\/16446","targetHints":{"allow":["GET"]}}],"collection":[{"href":"https:\/\/labostera.lt\/lv\/wp-json\/wp\/v2\/product"}],"about":[{"href":"https:\/\/labostera.lt\/lv\/wp-json\/wp\/v2\/types\/product"}],"wp:featuredmedia":[{"embeddable":true,"href":"https:\/\/labostera.lt\/lv\/wp-json\/wp\/v2\/media\/16447"}],"wp:attachment":[{"href":"https:\/\/labostera.lt\/lv\/wp-json\/wp\/v2\/media?parent=16446"}],"wp:term":[{"taxonomy":"product_cat","embeddable":true,"href":"https:\/\/labostera.lt\/lv\/wp-json\/wp\/v2\/product_cat?post=16446"},{"taxonomy":"product_tag","embeddable":true,"href":"https:\/\/labostera.lt\/lv\/wp-json\/wp\/v2\/product_tag?post=16446"}],"curies":[{"name":"wp","href":"https:\/\/api.w.org\/{rel}","templated":true}]}}