{"id":16443,"date":"2023-11-14T13:57:52","date_gmt":"2023-11-14T13:57:52","guid":{"rendered":"http:\/\/labostera.lt\/?post_type=product&#038;p=16443"},"modified":"2024-01-19T12:42:37","modified_gmt":"2024-01-19T10:42:37","slug":"duomenu-registratorius-seba-hydrometrie-netlogcom-data-logger","status":"publish","type":"product","link":"https:\/\/labostera.lt\/lv\/priemones-ir-iranga\/laboratorine-iranga\/aplinkotyra\/hidrologine-meteorologine-iranga\/duomenu-registratorius-seba-hydrometrie-netlogcom-data-logger\/","title":{"rendered":"Datu re\u0123istr\u0113t\u0101js SEBA Hydrometrie NetLogCom datu re\u0123istr\u0113t\u0101js"},"content":{"rendered":"<h2><strong>SEBA Hydrometrie GmbH &amp; Co. KG NetLogCom datu re\u0123istr\u0113t\u0101js<\/strong><\/h2>\n<p>SEBA Hydrometrie GmbH &amp; Co. KG datu re\u0123istr\u0113t\u0101js NetLogCom ir augstas veiktsp\u0113jas datu re\u0123istr\u0113t\u0101js ar kopum\u0101 100 konfigur\u0113jamiem analogiem un digit\u0101liem ieejas kan\u0101liem.<\/p>\n<ul>\n<li>2 GB SD zibatmi\u0146as karte ir paredz\u0113ta aptuveni 50 miljonu m\u0113r\u012bjumu glab\u0101\u0161anai.<\/li>\n<li>Kompakts, est\u0113tisks plastmasas korpuss mont\u0101\u017eai pie sienas.<\/li>\n<li>Lielais 320 x 240 (3,5 collu) TFT kr\u0101su displejs ar membr\u0101nas tausti\u0146u atvieglo NetLogCom konfigur\u0113\u0161anu un lieto\u0161anu.<\/li>\n<li>Laika rindu att\u0113lo\u0161ana grafisk\u0101 veid\u0101 (hidrogr\u0101fs, saraksts).<\/li>\n<li>Integr\u0113ta m\u0113r\u012bjumu un k\u013c\u016bdu zi\u0146o\u0161anas sist\u0113ma, ieskaitot ska\u013cruni.<\/li>\n<li>Integr\u0113ts 4G modems.<\/li>\n<li>Balss p\u0101rraide pa IP (VoIP).<\/li>\n<li>Balss pazi\u0146ojumi un push darb\u012bbas da\u017e\u0101dos t\u012bklos.<\/li>\n<li>Saskarne: Ethernet (TCP-IP), 2x RS 232, 2x RS 485, SDI-12, USB-M, USB-S.<\/li>\n<li>IP savienojumi: FTP, SFTP, HTTP, HTTPS.<\/li>\n<li>Abus t\u012bkla adapterus var izmantot vienlaic\u012bgi (mar\u0161rut\u0113\u0161ana).<\/li>\n<\/ul>\n<h3>Datu apkopot\u0101js \u2013 <a href=\"http:\/\/labostera.lt\/lv\/product-brand\/seba-hydrometrie-gmbh-and-co-kg\/\" target=\"_blank\" rel=\"noopener\">SEBA hidrometrijas t\u012bkla \u017eurn\u0101ls<\/a>.<\/h3>\n<p>Vair\u0101k inform\u0101cijas: <strong><a href=\"https:\/\/www.seba-hydrometrie.com\/en\/products?tx_sebaproducts_sebaproducts%5Baction%5D=show&#038;tx_sebaproducts_sebaproducts%5Bcontroller%5D=Product&#038;tx_sebaproducts_sebaproducts%5Bprimarycategory%5D=1&#038;tx_sebaproducts_sebaproducts%5Bproduct%5D=317&#038;tx_sebaproducts_sebaproducts%5Bsecondarycategory%5D=3&#038;cHash=0a5109fd680f6208063e322e23811aa1\" target=\"_blank\" rel=\"noopener nofollow\">ra\u017eot\u0101ja t\u012bmek\u013ca vietn\u0113<\/a><\/strong> vai nos\u016btiet mums piepras\u012bjumu!<\/p>","protected":false},"excerpt":{"rendered":"<p><strong>Pied\u0101v\u0101jam pla\u0161u v\u0101cu ra\u017eot\u0101ja SEBA Hydrometrie GmbH &amp; Co. KG iek\u0101rtu kl\u0101stu.<\/strong>, kura uz\u0146\u0113mums koncentr\u0113jas uz produktu un procesu efektivit\u0101tes nep\u0101rtrauktu uzlabo\u0161anu, cen\u0161oties pied\u0101v\u0101t lab\u0101kos tehnolo\u0123iskos risin\u0101jumus medic\u012bnas, tehniski zin\u0101tnisk\u0101s p\u0113tniec\u012bbas un r\u016bpniec\u012bbas nozar\u0113m kopum\u0101.<\/p>","protected":false},"featured_media":16444,"template":"","meta":[],"product_cat":[83,108,76,400],"product_tag":[397,396,395],"class_list":{"0":"post-16443","1":"product","2":"type-product","3":"status-publish","4":"has-post-thumbnail","6":"product_brand-seba-hydrometrie-gmbh-and-co-kg","7":"product_cat-aplinkotyra","8":"product_cat-hidrologine-meteorologine-iranga","9":"product_cat-laboratorine-iranga","10":"product_cat-registratoriai-duomenu-kaupikliai","11":"product_tag-data-loggers","12":"product_tag-duomenu-registratoriai","13":"product_tag-seba-hydrometrie-gmbh-co-kg","15":"first","16":"onbackorder","17":"shipping-taxable","18":"purchasable","19":"product-type-simple"},"_links":{"self":[{"href":"https:\/\/labostera.lt\/lv\/wp-json\/wp\/v2\/product\/16443","targetHints":{"allow":["GET"]}}],"collection":[{"href":"https:\/\/labostera.lt\/lv\/wp-json\/wp\/v2\/product"}],"about":[{"href":"https:\/\/labostera.lt\/lv\/wp-json\/wp\/v2\/types\/product"}],"wp:featuredmedia":[{"embeddable":true,"href":"https:\/\/labostera.lt\/lv\/wp-json\/wp\/v2\/media\/16444"}],"wp:attachment":[{"href":"https:\/\/labostera.lt\/lv\/wp-json\/wp\/v2\/media?parent=16443"}],"wp:term":[{"taxonomy":"product_cat","embeddable":true,"href":"https:\/\/labostera.lt\/lv\/wp-json\/wp\/v2\/product_cat?post=16443"},{"taxonomy":"product_tag","embeddable":true,"href":"https:\/\/labostera.lt\/lv\/wp-json\/wp\/v2\/product_tag?post=16443"}],"curies":[{"name":"wp","href":"https:\/\/api.w.org\/{rel}","templated":true}]}}