{"id":16438,"date":"2023-11-14T13:03:00","date_gmt":"2023-11-14T13:03:00","guid":{"rendered":"http:\/\/labostera.lt\/?post_type=product&#038;p=16438"},"modified":"2024-01-19T11:17:29","modified_gmt":"2024-01-19T09:17:29","slug":"nitratu-zondas-seba-hydrometrie-sps-no3-nitrate-probe","status":"publish","type":"product","link":"https:\/\/labostera.lt\/lv\/priemones-ir-iranga\/laboratorine-iranga\/aplinkotyra\/hidrologine-meteorologine-iranga\/nitratu-zondas-seba-hydrometrie-sps-no3-nitrate-probe\/","title":{"rendered":"Nitr\u0101tu zonde SEBA Hydrometrie SPS-NO3 nitr\u0101tu zonde"},"content":{"rendered":"<h2><strong>SEBA Hydrometrie GmbH &amp; Co. KG SPS-NO3 nitr\u0101tu zonde<\/strong><\/h2>\n<p>SEBA Hydrometrie GmbH &amp; Co. KG ra\u017eot\u0101s SPS-NO3 nitr\u0101tu zondes ir iztur\u012bgas un praktiski bezapkopes viena parametra zondes (SPS) nitr\u0101tu (NO<sub>3<\/sub><sup>\u2013<\/sup>) m\u0113r\u012bjumiem.<\/p>\n<ul>\n<li>Tievs dizains (\u00d848,3 mm) p\u0101rbaudes ak\u0101m ar minim\u0101lo diametru 3 collas.<\/li>\n<li>Augsta m\u0113r\u012bjumu precizit\u0101te bez atvasin\u0101jumiem.<\/li>\n<li>Pieejams da\u017e\u0101dos m\u0113r\u012bjumu diapazonos l\u012bdz maks. 0\u2013266 mg\/l NO<sub>3<\/sub><sup>\u2013<\/sup>.<\/li>\n<li>Izgatavots no ner\u016bs\u0113jo\u0161\u0101 t\u0113rauda 1.4571.<\/li>\n<li>Izeja: RS485 (SHWP, Modbus RTU) sazi\u0146ai ar SEBA datu re\u0123istr\u0113t\u0101jiem.<\/li>\n<\/ul>\n<h3>Nitr\u0101tu sensors \u2013 <a href=\"http:\/\/labostera.lt\/lv\/product-brand\/seba-hydrometrie-gmbh-and-co-kg\/\" target=\"_blank\" rel=\"noopener\">SEBA hidrometrija SPS-NO3<\/a>.<\/h3>\n<p>Vair\u0101k inform\u0101cijas: <strong><a href=\"https:\/\/www.seba-hydrometrie.com\/en\/products?tx_sebaproducts_sebaproducts%5Baction%5D=show&#038;tx_sebaproducts_sebaproducts%5Bcontroller%5D=Product&#038;tx_sebaproducts_sebaproducts%5Bprimarycategory%5D=1&#038;tx_sebaproducts_sebaproducts%5Bproduct%5D=417&#038;cHash=47172d59aaf883da72121275aa6283c6\" target=\"_blank\" rel=\"noopener nofollow\">ra\u017eot\u0101ja t\u012bmek\u013ca vietn\u0113<\/a><\/strong> vai nos\u016btiet mums piepras\u012bjumu!<\/p>","protected":false},"excerpt":{"rendered":"<p><strong>Pied\u0101v\u0101jam pla\u0161u v\u0101cu ra\u017eot\u0101ja SEBA Hydrometrie GmbH &amp; Co. KG iek\u0101rtu kl\u0101stu.<\/strong>, kura uz\u0146\u0113mums koncentr\u0113jas uz produktu un procesu efektivit\u0101tes nep\u0101rtrauktu uzlabo\u0161anu, cen\u0161oties pied\u0101v\u0101t lab\u0101kos tehnolo\u0123iskos risin\u0101jumus medic\u012bnas, tehniski zin\u0101tnisk\u0101s p\u0113tniec\u012bbas un r\u016bpniec\u012bbas nozar\u0113m kopum\u0101.<\/p>","protected":false},"featured_media":16439,"template":"","meta":[],"product_cat":[83,108,76,110],"product_tag":[420,421,395],"class_list":{"0":"post-16438","1":"product","2":"type-product","3":"status-publish","4":"has-post-thumbnail","6":"product_brand-seba-hydrometrie-gmbh-and-co-kg","7":"product_cat-aplinkotyra","8":"product_cat-hidrologine-meteorologine-iranga","9":"product_cat-laboratorine-iranga","10":"product_cat-vandens-kokybes-tyrimo-iranga","11":"product_tag-nitrate-probes","12":"product_tag-nitratu-zondai","13":"product_tag-seba-hydrometrie-gmbh-co-kg","15":"first","16":"onbackorder","17":"shipping-taxable","18":"purchasable","19":"product-type-simple"},"_links":{"self":[{"href":"https:\/\/labostera.lt\/lv\/wp-json\/wp\/v2\/product\/16438","targetHints":{"allow":["GET"]}}],"collection":[{"href":"https:\/\/labostera.lt\/lv\/wp-json\/wp\/v2\/product"}],"about":[{"href":"https:\/\/labostera.lt\/lv\/wp-json\/wp\/v2\/types\/product"}],"wp:featuredmedia":[{"embeddable":true,"href":"https:\/\/labostera.lt\/lv\/wp-json\/wp\/v2\/media\/16439"}],"wp:attachment":[{"href":"https:\/\/labostera.lt\/lv\/wp-json\/wp\/v2\/media?parent=16438"}],"wp:term":[{"taxonomy":"product_cat","embeddable":true,"href":"https:\/\/labostera.lt\/lv\/wp-json\/wp\/v2\/product_cat?post=16438"},{"taxonomy":"product_tag","embeddable":true,"href":"https:\/\/labostera.lt\/lv\/wp-json\/wp\/v2\/product_tag?post=16438"}],"curies":[{"name":"wp","href":"https:\/\/api.w.org\/{rel}","templated":true}]}}