{"id":16437,"date":"2023-11-14T12:45:12","date_gmt":"2023-11-14T12:45:12","guid":{"rendered":"http:\/\/labostera.lt\/?post_type=product&#038;p=16437"},"modified":"2024-01-19T11:03:24","modified_gmt":"2024-01-19T09:03:24","slug":"santykinio-slegio-zondas-seba-hydrometrie-dst-22-relative-pressure-probe","status":"publish","type":"product","link":"https:\/\/labostera.lt\/lv\/priemones-ir-iranga\/laboratorine-iranga\/aplinkotyra\/hidrologine-meteorologine-iranga\/santykinio-slegio-zondas-seba-hydrometrie-dst-22-relative-pressure-probe\/","title":{"rendered":"Relat\u012bv\u0101 spiediena zonde SEBA Hydometrie DS(T) 22 Relat\u012bv\u0101 spiediena zonde"},"content":{"rendered":"<h2><strong>\u201eSEBA Hydrometrie GmbH &amp; Co. KG DS(T) 22 relat\u012bv\u0101 spiediena zonde<\/strong><\/h2>\n<p>\u201eSEBA Hydrometrie GmbH &amp; Co. KG DS(T) 22 relat\u012bv\u0101 spiediena zonde ir kondens\u0101cijas keramikas sensors prec\u012bzai \u016bdens l\u012bme\u0146a m\u0113r\u012b\u0161anai grunts\u016bde\u0146os un virszemes \u016bde\u0146os.<\/p>\n<ul>\n<li>Augsta m\u0113r\u012bjumu precizit\u0101te (0,05% FS) un ilgtermi\u0146a stabilit\u0101te (0,1%\/gad\u0101).<\/li>\n<li>Iztur\u012bgs, elegants, \u00d822 mm ner\u016bs\u0113jo\u0161\u0101 t\u0113rauda korpuss.<\/li>\n<li>Prec\u012bza keramikas spiediena zonde \u2013 m\u0113r\u012b\u0161anas diapazons l\u012bdz 300 m.<\/li>\n<li>Digit\u0101l\u0101 (RS485: SDI-12, Modbus, SHWP) vai analog\u0101 izeja (4\u201320 mA).<\/li>\n<li>Papla\u0161in\u0101ms ar integr\u0113tu temperat\u016bras zondi (DST 22 tips).<\/li>\n<\/ul>\n<h3>Relat\u012bv\u0101 spiediena sensors \u2013 <a href=\"http:\/\/labostera.lt\/lv\/product-brand\/seba-hydrometrie-gmbh-and-co-kg\/\" target=\"_blank\" rel=\"noopener\">SEBA hidrometrija DS(T) 22<\/a>.<\/h3>\n<p>Vair\u0101k inform\u0101cijas: <strong><a href=\"https:\/\/www.seba-hydrometrie.com\/en\/products?tx_sebaproducts_sebaproducts%5Baction%5D=show&#038;tx_sebaproducts_sebaproducts%5Bcontroller%5D=Product&#038;tx_sebaproducts_sebaproducts%5Bprimarycategory%5D=1&#038;tx_sebaproducts_sebaproducts%5Bproduct%5D=48&#038;cHash=0394a293b4a808b7096c97b47623ea96\" target=\"_blank\" rel=\"noopener nofollow\">ra\u017eot\u0101ja t\u012bmek\u013ca vietn\u0113<\/a><\/strong> vai nos\u016btiet mums piepras\u012bjumu!<\/p>","protected":false},"excerpt":{"rendered":"<p><strong>Pied\u0101v\u0101jam pla\u0161u v\u0101cu ra\u017eot\u0101ja SEBA Hydrometrie GmbH &amp; Co. KG iek\u0101rtu kl\u0101stu.<\/strong>, kura uz\u0146\u0113mums koncentr\u0113jas uz produktu un procesu efektivit\u0101tes nep\u0101rtrauktu uzlabo\u0161anu, cen\u0161oties pied\u0101v\u0101t lab\u0101kos tehnolo\u0123iskos risin\u0101jumus medic\u012bnas, tehniski zin\u0101tnisk\u0101s p\u0113tniec\u012bbas un r\u016bpniec\u012bbas nozar\u0113m kopum\u0101.<\/p>","protected":false},"featured_media":16440,"template":"","meta":[],"product_cat":[83,108,76,110],"product_tag":[418,419,395,416,417],"class_list":{"0":"post-16437","1":"product","2":"type-product","3":"status-publish","4":"has-post-thumbnail","6":"product_brand-seba-hydrometrie-gmbh-and-co-kg","7":"product_cat-aplinkotyra","8":"product_cat-hidrologine-meteorologine-iranga","9":"product_cat-laboratorine-iranga","10":"product_cat-vandens-kokybes-tyrimo-iranga","11":"product_tag-relative-pressure-probes","12":"product_tag-santykinio-slegio-zondai","13":"product_tag-seba-hydrometrie-gmbh-co-kg","14":"product_tag-vandens-lygio-zondai","15":"product_tag-water-level-probes","17":"first","18":"onbackorder","19":"shipping-taxable","20":"purchasable","21":"product-type-simple"},"_links":{"self":[{"href":"https:\/\/labostera.lt\/lv\/wp-json\/wp\/v2\/product\/16437","targetHints":{"allow":["GET"]}}],"collection":[{"href":"https:\/\/labostera.lt\/lv\/wp-json\/wp\/v2\/product"}],"about":[{"href":"https:\/\/labostera.lt\/lv\/wp-json\/wp\/v2\/types\/product"}],"wp:featuredmedia":[{"embeddable":true,"href":"https:\/\/labostera.lt\/lv\/wp-json\/wp\/v2\/media\/16440"}],"wp:attachment":[{"href":"https:\/\/labostera.lt\/lv\/wp-json\/wp\/v2\/media?parent=16437"}],"wp:term":[{"taxonomy":"product_cat","embeddable":true,"href":"https:\/\/labostera.lt\/lv\/wp-json\/wp\/v2\/product_cat?post=16437"},{"taxonomy":"product_tag","embeddable":true,"href":"https:\/\/labostera.lt\/lv\/wp-json\/wp\/v2\/product_tag?post=16437"}],"curies":[{"name":"wp","href":"https:\/\/api.w.org\/{rel}","templated":true}]}}