{"id":16431,"date":"2023-11-13T13:44:27","date_gmt":"2023-11-13T13:44:27","guid":{"rendered":"http:\/\/labostera.lt\/?post_type=product&#038;p=16431"},"modified":"2024-01-19T15:01:24","modified_gmt":"2024-01-19T13:01:24","slug":"santykinio-slegio-duomenu-registratorius-seba-hydrometrie-dipper-pt-relative-pressure-data-logger","status":"publish","type":"product","link":"https:\/\/labostera.lt\/lv\/priemones-ir-iranga\/laboratorine-iranga\/aplinkotyra\/hidrologine-meteorologine-iranga\/santykinio-slegio-duomenu-registratorius-seba-hydrometrie-dipper-pt-relative-pressure-data-logger\/","title":{"rendered":"Relat\u012bv\u0101 spiediena datu re\u0123istr\u0113t\u0101js SEBA Hydrometrie Dipper-PT Relat\u012bv\u0101 spiediena datu re\u0123istr\u0113t\u0101js"},"content":{"rendered":"<h2><strong>SEBA Hydrometrie GmbH &amp; Co. KG Dipper-PT relat\u012bv\u0101 spiediena datu re\u0123istr\u0113t\u0101js<\/strong><\/h2>\n<p>SEBA Hydrometrie Dipper-PT ir 32 bitu m\u0113r\u012bjumu datu re\u0123istr\u0113t\u0101js \u016bdens l\u012bme\u0146a un temperat\u016bras uzraudz\u012bbai.<\/p>\n<ul>\n<li>XL gredzena atmi\u0146a \u2013 1\u00a0120\u00a0000 m\u0113r\u012bjumu datu glab\u0101\u0161anai.<\/li>\n<li>Iztur\u012bgs, elegants, \u00d822 mm ner\u016bs\u0113jo\u0161\u0101 t\u0113rauda korpuss.<\/li>\n<li>Prec\u012bzs keramikas spiediena sensors \u2013 m\u0113r\u012b\u0161anas diapazons l\u012bdz 300 m.<\/li>\n<li>NTC30 temperat\u016bras sensors \u2013 0,3\u00a0\u00b0C (standarta) vai 0,1\u00a0\u00b0C (p\u0113c izv\u0113les).<\/li>\n<li>Litija baterijas \u2013 kalpo\u0161anas laiks 8\u201310 gadi.<\/li>\n<li>Vad\u012bba, izmantojot Bluetooth\u00ae, ar da\u017e\u0101d\u0101m ier\u012bc\u0113m.<\/li>\n<li>Papla\u0161in\u0101ms ar datu komunik\u0101cijas moduli <a href=\"http:\/\/labostera.lt\/lv\/produktas\/duomenu-registratorius-seba-hydrometrie-slimlogcom-data-logger\/\" target=\"_blank\" rel=\"noopener\">SlimCom<\/a> 4G un SlimCom IoT-LR.<\/li>\n<\/ul>\n<h3>Relat\u012bv\u0101 spiediena datu re\u0123istr\u0113t\u0101js \u2013 <a href=\"http:\/\/labostera.lt\/lv\/product-brand\/seba-hydrometrie-gmbh-and-co-kg\/\" target=\"_blank\" rel=\"noopener\">SEBA hidrometrija<\/a> Dipper-PT.<\/h3>\n<p>Vair\u0101k inform\u0101cijas: <strong><a href=\"https:\/\/www.seba-hydrometrie.com\/en\/products?tx_sebaproducts_sebaproducts%5Baction%5D=show&amp;tx_sebaproducts_sebaproducts%5Bcontroller%5D=Product&amp;tx_sebaproducts_sebaproducts%5Bprimarycategory%5D=1&amp;tx_sebaproducts_sebaproducts%5Bproduct%5D=339&amp;cHash=bd8c6973f8bc3ad989777f5c280a06f6\" target=\"_blank\" rel=\"noopener nofollow\">ra\u017eot\u0101ja t\u012bmek\u013ca vietn\u0113<\/a><\/strong> vai nos\u016btiet mums piepras\u012bjumu!<\/p>","protected":false},"excerpt":{"rendered":"<p><strong>Pied\u0101v\u0101jam pla\u0161u v\u0101cu ra\u017eot\u0101ja SEBA Hydrometrie GmbH &amp; Co. KG iek\u0101rtu kl\u0101stu.<\/strong>, kura uz\u0146\u0113mums koncentr\u0113jas uz produktu un procesu efektivit\u0101tes nep\u0101rtrauktu uzlabo\u0161anu, cen\u0161oties pied\u0101v\u0101t lab\u0101kos tehnolo\u0123iskos risin\u0101jumus medic\u012bnas, tehniski zin\u0101tnisk\u0101s p\u0113tniec\u012bbas un r\u016bpniec\u012bbas nozar\u0113m kopum\u0101.<\/p>","protected":false},"featured_media":16432,"template":"","meta":[],"product_cat":[83,108,76,400,411,401],"product_tag":[397,396,399,398,395,402,403],"class_list":{"0":"post-16431","1":"product","2":"type-product","3":"status-publish","4":"has-post-thumbnail","6":"product_brand-seba-hydrometrie-gmbh-and-co-kg","7":"product_cat-aplinkotyra","8":"product_cat-hidrologine-meteorologine-iranga","9":"product_cat-laboratorine-iranga","10":"product_cat-registratoriai-duomenu-kaupikliai","11":"product_cat-temperaturos-registratoriai","12":"product_cat-vandens-lygio-registratoriai","13":"product_tag-data-loggers","14":"product_tag-duomenu-registratoriai","15":"product_tag-relative-pressure-data-loggers","16":"product_tag-santykinio-slegio-duomenu-registratoriai","17":"product_tag-seba-hydrometrie-gmbh-co-kg","18":"product_tag-vandens-lygio-duomenu-registratoriai","19":"product_tag-water-level-data-loggers","21":"first","22":"onbackorder","23":"shipping-taxable","24":"purchasable","25":"product-type-simple"},"_links":{"self":[{"href":"https:\/\/labostera.lt\/lv\/wp-json\/wp\/v2\/product\/16431","targetHints":{"allow":["GET"]}}],"collection":[{"href":"https:\/\/labostera.lt\/lv\/wp-json\/wp\/v2\/product"}],"about":[{"href":"https:\/\/labostera.lt\/lv\/wp-json\/wp\/v2\/types\/product"}],"wp:featuredmedia":[{"embeddable":true,"href":"https:\/\/labostera.lt\/lv\/wp-json\/wp\/v2\/media\/16432"}],"wp:attachment":[{"href":"https:\/\/labostera.lt\/lv\/wp-json\/wp\/v2\/media?parent=16431"}],"wp:term":[{"taxonomy":"product_cat","embeddable":true,"href":"https:\/\/labostera.lt\/lv\/wp-json\/wp\/v2\/product_cat?post=16431"},{"taxonomy":"product_tag","embeddable":true,"href":"https:\/\/labostera.lt\/lv\/wp-json\/wp\/v2\/product_tag?post=16431"}],"curies":[{"name":"wp","href":"https:\/\/api.w.org\/{rel}","templated":true}]}}