{"id":16428,"date":"2023-11-13T08:24:19","date_gmt":"2023-11-13T08:24:19","guid":{"rendered":"http:\/\/labostera.lt\/?post_type=product&#038;p=16428"},"modified":"2024-01-19T10:08:19","modified_gmt":"2024-01-19T08:08:19","slug":"edukacine-sistema-alibava-systems-easy-educational-alibava-system","status":"publish","type":"product","link":"https:\/\/labostera.lt\/lv\/priemones-ir-iranga\/mokymo-priemones-ir-iranga\/radiologiniai-fantomai\/edukacine-sistema-alibava-systems-easy-educational-alibava-system\/","title":{"rendered":"Izgl\u012bt\u012bbas sist\u0113ma Alibava Systems EASy Educational Alibava System"},"content":{"rendered":"<h2><strong>Alibava Systems SL EASy izgl\u012bt\u012bbas sist\u0113ma<\/strong><\/h2>\n<p>Alibaba Systems SL izstr\u0101d\u0101t\u0101 EASy ir p\u0101rn\u0113s\u0101jama sist\u0113ma mikrostripu sensoru raksturo\u0161anai, izmantojot Beetle mikrosh\u0113mu no CERN\/LHC eksperimentiem. Tas ir uz Alibava sist\u0113mas balst\u012bts m\u0101c\u012bbu r\u012bks, kas darbojas p\u0113c \u201cplug-and-play\u201d principa un ir gatavs \u0101triem studentu eksperimentiem.<\/p>\n<ul>\n<li>Iepaz\u012bstina ar augstas ener\u0123ijas fizikas j\u0113dzieniem, izmantojot praktisku pieredzi.<\/li>\n<li>Funkcijas:\n<ul>\n<li>P-on-N mikrostripas sil\u012bcija sensors ar 128 kan\u0101liem.<\/li>\n<li>Funkciju re\u017e\u012bmi: elektronisk\u0101 kalibr\u0113\u0161ana, starojuma avots un l\u0101zers.<\/li>\n<li>L\u0101zera avots ar pozicion\u0113\u0161anas un fokus\u0113\u0161anas sist\u0113mu.<\/li>\n<li>BEETLE mikrosh\u0113ma ar 40 MHz frekvenci.<\/li>\n<li>Ener\u0123ijas iz\u0161\u0137irtsp\u0113ja: no 3 l\u012bdz 6 KeV, diapazons l\u012bdz 330 KeV.<\/li>\n<li>Tr\u012bs aktiviz\u0113\u0161anas re\u017e\u012bmi, USB 2.0 savienojam\u012bba.<\/li>\n<li>Mont\u0101\u017eas programmat\u016bra Windows, Linux un Mac sist\u0113m\u0101m.<\/li>\n<li>Dati tiek glab\u0101ti \u012bpa\u0161os bin\u0101ros un HDF5 failos.<\/li>\n<li>Padzi\u013cin\u0101tai anal\u012bzei ir sniegti makro piem\u0113ri.<\/li>\n<li>Spriegums: +5 V.<\/li>\n<\/ul>\n<\/li>\n<\/ul>\n<h3>Izgl\u012bt\u012bbas sist\u0113mas \u2013 <a href=\"http:\/\/labostera.lt\/lv\/product-brand\/alibava-systems-s-l\/\" target=\"_blank\" rel=\"noopener\">Alibaba Systems EASy<\/a>.<\/h3>\n<p>Vair\u0101k inform\u0101cijas: <strong><a href=\"https:\/\/alibavasystems.com\/producto\/educational-alibava-system\/\" target=\"_blank\" rel=\"noopener nofollow\">ra\u017eot\u0101ja t\u012bmek\u013ca vietn\u0113<\/a><\/strong> vai nos\u016btiet mums piepras\u012bjumu!<\/p>","protected":false},"excerpt":{"rendered":"<p><strong>Pied\u0101v\u0101jam pla\u0161u ier\u012b\u010du izv\u0113li no Sp\u0101nijas ra\u017eot\u0101ja &quot;Alibava Systems SL&quot;<\/strong>, kura uz\u0146\u0113mums koncentr\u0113jas uz produktu un procesu efektivit\u0101tes nep\u0101rtrauktu uzlabo\u0161anu, cen\u0161oties pied\u0101v\u0101t lab\u0101kos tehnolo\u0123iskos risin\u0101jumus medic\u012bnas, tehniski zin\u0101tnisk\u0101s p\u0113tniec\u012bbas un r\u016bpniec\u012bbas nozar\u0113m kopum\u0101.<\/p>","protected":false},"featured_media":16429,"template":"","meta":[],"product_cat":[79,80],"product_tag":[391,392,393],"class_list":{"0":"post-16428","1":"product","2":"type-product","3":"status-publish","4":"has-post-thumbnail","6":"product_brand-alibava-systems-s-l","7":"product_cat-mokymo-priemones-ir-iranga","8":"product_cat-radiologiniai-fantomai","9":"product_tag-alibava-systems-s-l","10":"product_tag-educational-systems","11":"product_tag-edukacines-sistemos","13":"first","14":"onbackorder","15":"shipping-taxable","16":"purchasable","17":"product-type-simple"},"_links":{"self":[{"href":"https:\/\/labostera.lt\/lv\/wp-json\/wp\/v2\/product\/16428","targetHints":{"allow":["GET"]}}],"collection":[{"href":"https:\/\/labostera.lt\/lv\/wp-json\/wp\/v2\/product"}],"about":[{"href":"https:\/\/labostera.lt\/lv\/wp-json\/wp\/v2\/types\/product"}],"wp:featuredmedia":[{"embeddable":true,"href":"https:\/\/labostera.lt\/lv\/wp-json\/wp\/v2\/media\/16429"}],"wp:attachment":[{"href":"https:\/\/labostera.lt\/lv\/wp-json\/wp\/v2\/media?parent=16428"}],"wp:term":[{"taxonomy":"product_cat","embeddable":true,"href":"https:\/\/labostera.lt\/lv\/wp-json\/wp\/v2\/product_cat?post=16428"},{"taxonomy":"product_tag","embeddable":true,"href":"https:\/\/labostera.lt\/lv\/wp-json\/wp\/v2\/product_tag?post=16428"}],"curies":[{"name":"wp","href":"https:\/\/api.w.org\/{rel}","templated":true}]}}