{"id":16421,"date":"2023-11-09T11:02:42","date_gmt":"2023-11-09T11:02:42","guid":{"rendered":"http:\/\/labostera.lt\/?post_type=product&#038;p=16421"},"modified":"2024-01-19T09:54:40","modified_gmt":"2024-01-19T07:54:40","slug":"pavirsiaus-ploto-analizatorius-3p-instruments-surface-dx-high-throughput-surface-area-analyzer","status":"publish","type":"product","link":"https:\/\/labostera.lt\/lv\/priemones-ir-iranga\/laboratorine-iranga\/analitine-iranga\/medziagu-savybiu-nustatymo-prietaisai\/pavirsiaus-ploto-analizatorius-3p-instruments-surface-dx-high-throughput-surface-area-analyzer\/","title":{"rendered":"Virsmas laukuma analizators 3P INSTRUMENTS surface DX augstas caurlaid\u012bbas virsmas laukuma analizators"},"content":{"rendered":"<h2><strong>\u201e3P Instruments GmbH &amp; Co. KG\u201d virsmas DX virsmas laukuma analizators<\/strong><\/h2>\n<p>3P Instruments GmbH &amp; Co. KG surface DX ir piln\u012bb\u0101 automatiz\u0113ts dinamisks viena un vair\u0101ku punktu sorbcijas analizators, kas \u013cauj apstr\u0101d\u0101t l\u012bdz pat \u010detriem paraugiem.<\/p>\n<ul>\n<li>Dinamisk\u0101s pl\u016bsmas metode joproj\u0101m tiek pla\u0161i izmantota, \u012bpa\u0161i situ\u0101cij\u0101s, kad ir svar\u012bgi \u0101tri veikt anal\u012bzi un \u0113rti veikt.<\/li>\n<li>\u012apa\u0161i piem\u0113rots apgabaliem, kur statisk\u0101s tilpuma metodes nevar sniegt nepiecie\u0161amos anal\u012btiskos datus, piem\u0113ram, farmaceitiskajiem produktiem, p\u0101rtikas izejviel\u0101m, met\u0101lu hidroks\u012bdiem un materi\u0101liem ar krist\u0101l\u016bdens iesl\u0113gumiem.<\/li>\n<li>Jaun\u0101 3P virsmas DX apvieno dinamisk\u0101s metodes priek\u0161roc\u012bbas ar augstu automatiz\u0101cijas pak\u0101pi, piem\u0113ram, statiskaj\u0101 tilpuma metod\u0113.<\/li>\n<li>Galven\u0101s iez\u012bmes:\n<ul>\n<li>Piln\u012bb\u0101 automatiz\u0113ta ar \u010detr\u0101m anal\u012bzes stacij\u0101m augstas caurlaid\u012bbas viena un vair\u0101ku punktu BET anal\u012bz\u0113m.<\/li>\n<li>Sl\u0101pek\u013ca parci\u0101l\u0101 spiediena autom\u0101tiska regul\u0113\u0161ana.<\/li>\n<li>Autom\u0101tiska Dj\u016b\u0101ra pacel\u0161ana.<\/li>\n<li>Adsorbcijas l\u012bmenis tiek noteikts autom\u0101tiski.<\/li>\n<li>Siltumvad\u012btsp\u0113jas detektora nulles iestat\u012b\u0161ana tiek noregul\u0113ta autom\u0101tiski.<\/li>\n<\/ul>\n<\/li>\n<\/ul>\n<h3>Virsmas laukuma analizatori \u2013 <a href=\"http:\/\/labostera.lt\/lv\/product-brand\/3p-instruments-gmbh-and-co-kg\/\" target=\"_blank\" rel=\"noopener\">3P instrumentu virsmas DX<\/a>.<\/h3>\n<p>Vair\u0101k inform\u0101cijas: <strong><a href=\"https:\/\/www.3p-instruments.com\/analyzers\/3p-surface-dx\/\" target=\"_blank\" rel=\"noopener nofollow\">ra\u017eot\u0101ja t\u012bmek\u013ca vietn\u0113<\/a><\/strong> vai nos\u016btiet mums piepras\u012bjumu!<\/p>","protected":false},"excerpt":{"rendered":"<p><strong>Pied\u0101v\u0101jam pla\u0161u ier\u012b\u010du izv\u0113li no v\u0101cu ra\u017eot\u0101ja &quot;3P Instruments GmbH &amp; Co. KG&quot;<\/strong>, kura uz\u0146\u0113mums koncentr\u0113jas uz produktu un procesu efektivit\u0101tes nep\u0101rtrauktu uzlabo\u0161anu, cen\u0161oties pied\u0101v\u0101t lab\u0101kos tehnolo\u0123iskos risin\u0101jumus medic\u012bnas, tehniski zin\u0101tnisk\u0101s p\u0113tniec\u012bbas un r\u016bpniec\u012bbas nozar\u0113m kopum\u0101.<\/p>","protected":false},"featured_media":16425,"template":"","meta":[],"product_cat":[82,76,101],"product_tag":[377,387,386],"class_list":{"0":"post-16421","1":"product","2":"type-product","3":"status-publish","4":"has-post-thumbnail","6":"product_brand-3p-instruments-gmbh-and-co-kg","7":"product_cat-analitine-iranga","8":"product_cat-laboratorine-iranga","9":"product_cat-medziagu-savybiu-nustatymo-prietaisai","10":"product_tag-3p-instruments-gmbh-co-kg","11":"product_tag-pavirsiaus-ploto-analizatoriai","12":"product_tag-surface-area-analyzers","14":"first","15":"onbackorder","16":"shipping-taxable","17":"purchasable","18":"product-type-simple"},"_links":{"self":[{"href":"https:\/\/labostera.lt\/lv\/wp-json\/wp\/v2\/product\/16421","targetHints":{"allow":["GET"]}}],"collection":[{"href":"https:\/\/labostera.lt\/lv\/wp-json\/wp\/v2\/product"}],"about":[{"href":"https:\/\/labostera.lt\/lv\/wp-json\/wp\/v2\/types\/product"}],"wp:featuredmedia":[{"embeddable":true,"href":"https:\/\/labostera.lt\/lv\/wp-json\/wp\/v2\/media\/16425"}],"wp:attachment":[{"href":"https:\/\/labostera.lt\/lv\/wp-json\/wp\/v2\/media?parent=16421"}],"wp:term":[{"taxonomy":"product_cat","embeddable":true,"href":"https:\/\/labostera.lt\/lv\/wp-json\/wp\/v2\/product_cat?post=16421"},{"taxonomy":"product_tag","embeddable":true,"href":"https:\/\/labostera.lt\/lv\/wp-json\/wp\/v2\/product_tag?post=16421"}],"curies":[{"name":"wp","href":"https:\/\/api.w.org\/{rel}","templated":true}]}}