{"id":16411,"date":"2023-11-09T09:09:48","date_gmt":"2023-11-09T09:09:48","guid":{"rendered":"http:\/\/labostera.lt\/?post_type=product&#038;p=16411"},"modified":"2024-01-19T09:54:36","modified_gmt":"2024-01-19T07:54:36","slug":"pavirsiaus-ploto-ir-mezoporu-analizatorius-3p-instruments-sync-series-surface-area-and-mesopore-analyzer","status":"publish","type":"product","link":"https:\/\/labostera.lt\/lv\/priemones-ir-iranga\/laboratorine-iranga\/analitine-iranga\/medziagu-savybiu-nustatymo-prietaisai\/pavirsiaus-ploto-ir-mezoporu-analizatorius-3p-instruments-sync-series-surface-area-and-mesopore-analyzer\/","title":{"rendered":"Virsmas laukuma un mezoporu analizators 3P INSTRUMENTS sinhroniz\u0113t\u0101s s\u0113rijas virsmas laukuma un mezoporu analizators"},"content":{"rendered":"<h2><strong>\u201e3P Instruments GmbH &amp; Co. KG sinhroniz\u0101cijas s\u0113rijas virsmas laukuma un mezoporu analizators<\/strong><\/h2>\n<p>\u201e3P Instruments GmbH &amp; Co. KG Sync s\u0113rijas virsmas laukuma un mezoporu analizatori ir pieejami ar l\u012bdz pat \u010detr\u0101m m\u0113r\u012b\u0161anas stacij\u0101m ar atsevi\u0161\u0137u p0 \u0161\u016bnu vien\u0101 Dj\u016b\u0101ra tvertn\u0113 ar kontrol\u0113tu temperat\u016bru.<\/p>\n<ul>\n<li>Maz\u0101kais vietas pat\u0113ri\u0146\u0161, vismaz\u0101kais \u0161\u0137idr\u0101 sl\u0101pek\u013ca pat\u0113ri\u0146\u0161, liel\u0101kais parauga \u0101trums.<\/li>\n<li>Konfigur\u0113jams atbilsto\u0161i parauga tilpumam un spiediena dev\u0113ju skaitam.<\/li>\n<li>Izdeg\u0161anas stacijas un m\u0113r\u012bjumu stacijas var darboties neatkar\u012bgi.<\/li>\n<li>Metodes un parametri: izoterm\u0101l\u0101 adsorbcija, BET \u012bpatn\u0113j\u0101 virsma, Langmuira virsmas laukums, poru izm\u0113ra anal\u012bze u.c.<\/li>\n<\/ul>\n<h3>Virsmas laukuma un mezoporu analizatori \u2013 <a href=\"http:\/\/labostera.lt\/lv\/product-brand\/3p-instruments-gmbh-and-co-kg\/\" target=\"_blank\" rel=\"noopener\">3P instrumentu sinhroniz\u0101cijas s\u0113rija<\/a>.<\/h3>\n<p>Vair\u0101k inform\u0101cijas: <strong><a href=\"https:\/\/www.3p-instruments.com\/analyzers\/3p-sync\/\" target=\"_blank\" rel=\"noopener nofollow\">ra\u017eot\u0101ja t\u012bmek\u013ca vietn\u0113<\/a><\/strong> vai nos\u016btiet mums piepras\u012bjumu!<\/p>","protected":false},"excerpt":{"rendered":"<p><strong>Pied\u0101v\u0101jam pla\u0161u ier\u012b\u010du izv\u0113li no v\u0101cu ra\u017eot\u0101ja &quot;3P Instruments GmbH &amp; Co. KG&quot;<\/strong>, kura uz\u0146\u0113mums koncentr\u0113jas uz produktu un procesu efektivit\u0101tes nep\u0101rtrauktu uzlabo\u0161anu, cen\u0161oties pied\u0101v\u0101t lab\u0101kos tehnolo\u0123iskos risin\u0101jumus medic\u012bnas, tehniski zin\u0101tnisk\u0101s p\u0113tniec\u012bbas un r\u016bpniec\u012bbas nozar\u0113m kopum\u0101.<\/p>","protected":false},"featured_media":16416,"template":"","meta":[],"product_cat":[82,76,101],"product_tag":[377,382,383,387,386],"class_list":{"0":"post-16411","1":"product","2":"type-product","3":"status-publish","4":"has-post-thumbnail","6":"product_cat-analitine-iranga","7":"product_cat-laboratorine-iranga","8":"product_cat-medziagu-savybiu-nustatymo-prietaisai","9":"product_tag-3p-instruments-gmbh-co-kg","10":"product_tag-mesopore-analyzers","11":"product_tag-mezoporu-analizatoriai","12":"product_tag-pavirsiaus-ploto-analizatoriai","13":"product_tag-surface-area-analyzers","15":"first","16":"onbackorder","17":"shipping-taxable","18":"purchasable","19":"product-type-variable"},"_links":{"self":[{"href":"https:\/\/labostera.lt\/lv\/wp-json\/wp\/v2\/product\/16411","targetHints":{"allow":["GET"]}}],"collection":[{"href":"https:\/\/labostera.lt\/lv\/wp-json\/wp\/v2\/product"}],"about":[{"href":"https:\/\/labostera.lt\/lv\/wp-json\/wp\/v2\/types\/product"}],"wp:featuredmedia":[{"embeddable":true,"href":"https:\/\/labostera.lt\/lv\/wp-json\/wp\/v2\/media\/16416"}],"wp:attachment":[{"href":"https:\/\/labostera.lt\/lv\/wp-json\/wp\/v2\/media?parent=16411"}],"wp:term":[{"taxonomy":"product_cat","embeddable":true,"href":"https:\/\/labostera.lt\/lv\/wp-json\/wp\/v2\/product_cat?post=16411"},{"taxonomy":"product_tag","embeddable":true,"href":"https:\/\/labostera.lt\/lv\/wp-json\/wp\/v2\/product_tag?post=16411"}],"curies":[{"name":"wp","href":"https:\/\/api.w.org\/{rel}","templated":true}]}}