{"id":16404,"date":"2023-11-09T08:56:09","date_gmt":"2023-11-09T08:56:09","guid":{"rendered":"http:\/\/labostera.lt\/?post_type=product&#038;p=16404"},"modified":"2024-01-19T09:48:16","modified_gmt":"2024-01-19T07:48:16","slug":"pavirsiaus-ploto-ir-mikroporu-analizatorius-3p-instruments-micro-series-surface-area-micropore-and-mesopore-analyzer","status":"publish","type":"product","link":"https:\/\/labostera.lt\/lv\/priemones-ir-iranga\/laboratorine-iranga\/analitine-iranga\/medziagu-savybiu-nustatymo-prietaisai\/pavirsiaus-ploto-ir-mikroporu-analizatorius-3p-instruments-micro-series-surface-area-micropore-and-mesopore-analyzer\/","title":{"rendered":"Virsmas laukuma un mikroporu analizators 3P INSTRUMENTS micro s\u0113rijas virsmas laukuma, mikroporu un mezoporu analizators"},"content":{"rendered":"<h2><strong>3P Instruments GmbH &amp; Co. KG mikro s\u0113rijas virsmas laukuma un mikroporu analizators<\/strong><\/h2>\n<p>3P Instruments GmbH &amp; Co. KG mikros\u0113rijas virsmas laukuma, mikroporu un mezoporu analizatori ir piln\u012bb\u0101 automatiz\u0113ti volumetriskie sorbcijas analizatori. S\u0113rij\u0101 ietilpst 3P micro 100, 3P micro 200 un 3P micro 300 sl\u0101pek\u013ca un citu nekorod\u0113jo\u0161u g\u0101zu adsorbcijas un desorbcijas m\u0113r\u012b\u0161anai.<\/p>\n<ul>\n<li>Instrumentus var apr\u012bkot ar turbomolekul\u0101riem s\u016bk\u0146iem un zema spiediena sensoriem mikroporu anal\u012bzei un kriptona fizisorbcijai.<\/li>\n<li>Atkar\u012bb\u0101 no klienta v\u0113lm\u0113m instrumentus var apr\u012bkot tikai ar mezoporu stacij\u0101m (A versija), mikro- un mezoporu stacij\u0101m (B\/B1 versija) vai tikai mikroporu stacij\u0101m (C\/C1 versija).<\/li>\n<li>Katrai anal\u012bzes stacijai ir sava doz\u0113\u0161anas caurule optim\u0101lam anal\u012bzes laikam. Neatkar\u012bgi no s\u0101kuma laika, anal\u012bze pras\u012bs vien\u0101du laiku!<\/li>\n<li>Katrai anal\u012bzes stacijai ir sava p0 \u0161\u016bna ar \u012bpa\u0161u spiediena sensoru. Stacijas ir piln\u012bgi neatkar\u012bgas viena no otras, anal\u012bzi var s\u0101kt jebkur\u0101 laik\u0101.<\/li>\n<li>3P micro 100 un 200 mode\u013ciem ir divas integr\u0113tas atsevi\u0161\u0137as iededzin\u0101\u0161anas stacijas, kuras var izmantot kop\u0101 ar anal\u012bzes stacij\u0101m. 3P micro 300 var izmantot paraugu sagatavo\u0161anai uz vietas tr\u012bs anal\u012bzes stacij\u0101s, lai izvair\u012btos no paraugu pies\u0101r\u0146ojuma.<\/li>\n<\/ul>\n<h3>Virsmas laukuma un mikroporu analizatori \u2013 <a href=\"http:\/\/labostera.lt\/lv\/product-brand\/3p-instruments-gmbh-and-co-kg\/\" target=\"_blank\" rel=\"noopener\">3P instrumentu mikro s\u0113rija<\/a>.<\/h3>\n<p>Vair\u0101k inform\u0101cijas: <strong><a href=\"https:\/\/www.3p-instruments.com\/analyzers\/3p-micro\/\" target=\"_blank\" rel=\"noopener nofollow\">ra\u017eot\u0101ja t\u012bmek\u013ca vietn\u0113<\/a><\/strong> vai nos\u016btiet mums piepras\u012bjumu!<\/p>","protected":false},"excerpt":{"rendered":"<p><strong>Pied\u0101v\u0101jam pla\u0161u ier\u012b\u010du izv\u0113li no v\u0101cu ra\u017eot\u0101ja &quot;3P Instruments GmbH &amp; Co. KG&quot;<\/strong>, kura uz\u0146\u0113mums koncentr\u0113jas uz produktu un procesu efektivit\u0101tes nep\u0101rtrauktu uzlabo\u0161anu, cen\u0161oties pied\u0101v\u0101t lab\u0101kos tehnolo\u0123iskos risin\u0101jumus medic\u012bnas, tehniski zin\u0101tnisk\u0101s p\u0113tniec\u012bbas un r\u016bpniec\u012bbas nozar\u0113m kopum\u0101.<\/p>","protected":false},"featured_media":16408,"template":"","meta":[],"product_cat":[82,76,101],"product_tag":[377,382,383,384,385,387,386],"class_list":{"0":"post-16404","1":"product","2":"type-product","3":"status-publish","4":"has-post-thumbnail","6":"product_brand-3p-instruments-gmbh-and-co-kg","7":"product_cat-analitine-iranga","8":"product_cat-laboratorine-iranga","9":"product_cat-medziagu-savybiu-nustatymo-prietaisai","10":"product_tag-3p-instruments-gmbh-co-kg","11":"product_tag-mesopore-analyzers","12":"product_tag-mezoporu-analizatoriai","13":"product_tag-micropores-analyzers","14":"product_tag-mikroporu-analizatoriai","15":"product_tag-pavirsiaus-ploto-analizatoriai","16":"product_tag-surface-area-analyzers","18":"first","19":"onbackorder","20":"shipping-taxable","21":"purchasable","22":"product-type-variable"},"_links":{"self":[{"href":"https:\/\/labostera.lt\/lv\/wp-json\/wp\/v2\/product\/16404","targetHints":{"allow":["GET"]}}],"collection":[{"href":"https:\/\/labostera.lt\/lv\/wp-json\/wp\/v2\/product"}],"about":[{"href":"https:\/\/labostera.lt\/lv\/wp-json\/wp\/v2\/types\/product"}],"wp:featuredmedia":[{"embeddable":true,"href":"https:\/\/labostera.lt\/lv\/wp-json\/wp\/v2\/media\/16408"}],"wp:attachment":[{"href":"https:\/\/labostera.lt\/lv\/wp-json\/wp\/v2\/media?parent=16404"}],"wp:term":[{"taxonomy":"product_cat","embeddable":true,"href":"https:\/\/labostera.lt\/lv\/wp-json\/wp\/v2\/product_cat?post=16404"},{"taxonomy":"product_tag","embeddable":true,"href":"https:\/\/labostera.lt\/lv\/wp-json\/wp\/v2\/product_tag?post=16404"}],"curies":[{"name":"wp","href":"https:\/\/api.w.org\/{rel}","templated":true}]}}