{"id":16398,"date":"2023-11-09T08:33:22","date_gmt":"2023-11-09T08:33:22","guid":{"rendered":"http:\/\/labostera.lt\/?post_type=product&#038;p=16398"},"modified":"2024-01-18T16:59:44","modified_gmt":"2024-01-18T14:59:44","slug":"pavirsiaus-ploto-ir-mezoporu-analizatorius-3p-instruments-meso-series-surface-area-and-mesopore-analyzer","status":"publish","type":"product","link":"https:\/\/labostera.lt\/lv\/priemones-ir-iranga\/laboratorine-iranga\/analitine-iranga\/medziagu-savybiu-nustatymo-prietaisai\/pavirsiaus-ploto-ir-mezoporu-analizatorius-3p-instruments-meso-series-surface-area-and-mesopore-analyzer\/","title":{"rendered":"Virsmas laukuma un mezoporu analizators 3P INSTRUMENTS meso s\u0113rijas virsmas laukuma un mezoporu analizators"},"content":{"rendered":"<h2><strong>3P Instruments GmbH &amp; Co. KG mezo s\u0113rijas virsmas laukuma un mezoporu analizators<\/strong><\/h2>\n<p>3P Instruments GmbH &amp; Co. KG meso s\u0113rijas virsmas laukuma un mezoporu analizatori, piem\u0113ram, 3P meso 112, 3P meso 222 un 3P meso 400, ir piln\u012bb\u0101 automatiz\u0113ti, gravimetriski, vair\u0101ku paraugu, augstas caurlaid\u012bbas, augstas iz\u0161\u0137irtsp\u0113jas un dinamiski \u016bdens tvaiku sorbcijas analizatori.<\/p>\n<ul>\n<li>Prec\u012bzi un jut\u012bgi m\u0113ra \u016bdens tvaiku adsorbcijas izotermas, tostarp sorbcijas kin\u0113tiku, ar minim\u0101lu operatora iejauk\u0161anos.<\/li>\n<li>Katrs ports var sadedzin\u0101t paraugu uz vietas (l\u012bdz 400 \u00b0C), izvairoties no pies\u0101r\u0146ojuma, p\u0101rnesot paraugu no deg\u013ciem uz anal\u012bzes portu.<\/li>\n<li>Programmat\u016bra att\u0113lo re\u0101llaika kin\u0113tisko grafiku kop\u0101 ar fizisorbcijas izotermu, nodro\u0161inot, ka netiek palaisti gar\u0101m nevienl\u012bdz\u012bga izotermas dati.<\/li>\n<li>Neatkar\u012bgi no t\u0101, vai vienlaikus tiek uzs\u0101kts viens, divi vai \u010detri testi, vai ar\u012b tiek uzs\u0101kts v\u0113l viens m\u0113r\u012bjums, kam\u0113r citi jau notiek, laika zudums netiek pan\u0101kts.<\/li>\n<\/ul>\n<h3>Virsmas laukuma un mezoporu analizatori \u2013 <a href=\"http:\/\/labostera.lt\/lv\/product-brand\/3p-instruments-gmbh-and-co-kg\/\" target=\"_blank\" rel=\"noopener\">3P Instruments meso s\u0113rija<\/a>.<\/h3>\n<p>Vair\u0101k inform\u0101cijas: <strong><a href=\"https:\/\/www.3p-instruments.com\/analyzers\/3p-meso\/\" target=\"_blank\" rel=\"noopener nofollow\">ra\u017eot\u0101ja t\u012bmek\u013ca vietn\u0113<\/a><\/strong> vai nos\u016btiet mums piepras\u012bjumu!<\/p>","protected":false},"excerpt":{"rendered":"<p><strong>Pied\u0101v\u0101jam pla\u0161u ier\u012b\u010du izv\u0113li no v\u0101cu ra\u017eot\u0101ja &quot;3P Instruments GmbH &amp; Co. KG&quot;<\/strong>, kura uz\u0146\u0113mums koncentr\u0113jas uz produktu un procesu efektivit\u0101tes nep\u0101rtrauktu uzlabo\u0161anu, cen\u0161oties pied\u0101v\u0101t lab\u0101kos tehnolo\u0123iskos risin\u0101jumus medic\u012bnas, tehniski zin\u0101tnisk\u0101s p\u0113tniec\u012bbas un r\u016bpniec\u012bbas nozar\u0113m kopum\u0101.<\/p>","protected":false},"featured_media":16402,"template":"","meta":[],"product_cat":[82,76,101],"product_tag":[377,382,383,387,386],"class_list":{"0":"post-16398","1":"product","2":"type-product","3":"status-publish","4":"has-post-thumbnail","6":"product_brand-3p-instruments-gmbh-and-co-kg","7":"product_cat-analitine-iranga","8":"product_cat-laboratorine-iranga","9":"product_cat-medziagu-savybiu-nustatymo-prietaisai","10":"product_tag-3p-instruments-gmbh-co-kg","11":"product_tag-mesopore-analyzers","12":"product_tag-mezoporu-analizatoriai","13":"product_tag-pavirsiaus-ploto-analizatoriai","14":"product_tag-surface-area-analyzers","16":"first","17":"onbackorder","18":"shipping-taxable","19":"purchasable","20":"product-type-variable"},"_links":{"self":[{"href":"https:\/\/labostera.lt\/lv\/wp-json\/wp\/v2\/product\/16398","targetHints":{"allow":["GET"]}}],"collection":[{"href":"https:\/\/labostera.lt\/lv\/wp-json\/wp\/v2\/product"}],"about":[{"href":"https:\/\/labostera.lt\/lv\/wp-json\/wp\/v2\/types\/product"}],"wp:featuredmedia":[{"embeddable":true,"href":"https:\/\/labostera.lt\/lv\/wp-json\/wp\/v2\/media\/16402"}],"wp:attachment":[{"href":"https:\/\/labostera.lt\/lv\/wp-json\/wp\/v2\/media?parent=16398"}],"wp:term":[{"taxonomy":"product_cat","embeddable":true,"href":"https:\/\/labostera.lt\/lv\/wp-json\/wp\/v2\/product_cat?post=16398"},{"taxonomy":"product_tag","embeddable":true,"href":"https:\/\/labostera.lt\/lv\/wp-json\/wp\/v2\/product_tag?post=16398"}],"curies":[{"name":"wp","href":"https:\/\/api.w.org\/{rel}","templated":true}]}}