{"id":16385,"date":"2023-11-09T06:45:21","date_gmt":"2023-11-09T06:45:21","guid":{"rendered":"http:\/\/labostera.lt\/?post_type=product&#038;p=16385"},"modified":"2024-01-18T16:32:26","modified_gmt":"2024-01-18T14:32:26","slug":"automatinis-duju-piknometras-3p-instruments-densi-series-automated-gas-pycnometer","status":"publish","type":"product","link":"https:\/\/labostera.lt\/lv\/priemones-ir-iranga\/laboratorine-iranga\/analitine-iranga\/medziagu-savybiu-nustatymo-prietaisai\/automatinis-duju-piknometras-3p-instruments-densi-series-automated-gas-pycnometer\/","title":{"rendered":"3P INSTRUMENTS densi s\u0113rijas automatiz\u0113tais g\u0101zes piknometrs"},"content":{"rendered":"<h2><strong>3P Instruments GmbH &amp; Co. KG densi s\u0113rijas autom\u0101tiskais g\u0101zes piknometrs<\/strong><\/h2>\n<p>3P Instruments densi s\u0113rijas autom\u0101tiskais g\u0101zes piknometrs ir kompakts un automatiz\u0113ts bl\u012bvuma analizators pulveru, cietvielu un putojo\u0161u materi\u0101lu raksturo\u0161anai.<\/p>\n<ul>\n<li>Paraugu iepilda piknometr\u0101, un sagatavo\u0161ana notiek g\u0101zes pl\u016bsm\u0101 vai vakuum\u0101.<\/li>\n<li>Autom\u0101tiska skalo\u0161ana, m\u0113r\u012b\u0161ana un iesp\u0113jama atk\u0101rtota m\u0113r\u012b\u0161ana.<\/li>\n<li>Funkcijas un priek\u0161roc\u012bbas:\n<ul>\n<li>Neatkar\u012bga darb\u012bba ar 10 collu pilnekr\u0101na sk\u0101rienekr\u0101nu.<\/li>\n<li>Nemain\u012bga temperat\u016bras r\u0101d\u012bjums \u00b10,1\u00b0C.<\/li>\n<li>Ieb\u016bv\u0113ts mikroprocesors ar pa\u0161diagnostikas funkciju.<\/li>\n<li>M\u0113r\u0137a g\u0101zes spiedienu var regul\u0113t deform\u0113jamu cietvielu m\u0113r\u012b\u0161anai.<\/li>\n<\/ul>\n<\/li>\n<\/ul>\n<h3>Autom\u0101tiskais g\u0101zes bl\u012bvuma m\u0113r\u012bt\u0101js \u2013 <a href=\"http:\/\/labostera.lt\/lv\/product-brand\/3p-instruments-gmbh-and-co-kg\/\" target=\"_blank\" rel=\"noopener\">3P Instruments densi s\u0113rija<\/a>.<\/h3>\n<p>Vair\u0101k inform\u0101cijas: <strong><a href=\"https:\/\/www.3p-instruments.com\/analyzers\/3p-densi-series\/\" target=\"_blank\" rel=\"noopener nofollow\">ra\u017eot\u0101ja t\u012bmek\u013ca vietn\u0113<\/a><\/strong> vai nos\u016btiet mums piepras\u012bjumu!<\/p>","protected":false},"excerpt":{"rendered":"<p><strong>Pied\u0101v\u0101jam pla\u0161u ier\u012b\u010du izv\u0113li no v\u0101cu ra\u017eot\u0101ja &quot;3P Instruments GmbH &amp; Co. KG&quot;<\/strong>, kura uz\u0146\u0113mums koncentr\u0113jas uz produktu un procesu efektivit\u0101tes nep\u0101rtrauktu uzlabo\u0161anu, cen\u0161oties pied\u0101v\u0101t lab\u0101kos tehnolo\u0123iskos risin\u0101jumus medic\u012bnas, tehniski zin\u0101tnisk\u0101s p\u0113tniec\u012bbas un r\u016bpniec\u012bbas nozar\u0113m kopum\u0101.<\/p>","protected":false},"featured_media":16391,"template":"","meta":[],"product_cat":[82,76,101],"product_tag":[377,378,379],"class_list":{"0":"post-16385","1":"product","2":"type-product","3":"status-publish","4":"has-post-thumbnail","6":"product_brand-3p-instruments-gmbh-and-co-kg","7":"product_cat-analitine-iranga","8":"product_cat-laboratorine-iranga","9":"product_cat-medziagu-savybiu-nustatymo-prietaisai","10":"product_tag-3p-instruments-gmbh-co-kg","11":"product_tag-automated-gas-pycnometers","12":"product_tag-automatiniai-duju-piknometrai","14":"first","15":"onbackorder","16":"shipping-taxable","17":"purchasable","18":"product-type-variable"},"_links":{"self":[{"href":"https:\/\/labostera.lt\/lv\/wp-json\/wp\/v2\/product\/16385","targetHints":{"allow":["GET"]}}],"collection":[{"href":"https:\/\/labostera.lt\/lv\/wp-json\/wp\/v2\/product"}],"about":[{"href":"https:\/\/labostera.lt\/lv\/wp-json\/wp\/v2\/types\/product"}],"wp:featuredmedia":[{"embeddable":true,"href":"https:\/\/labostera.lt\/lv\/wp-json\/wp\/v2\/media\/16391"}],"wp:attachment":[{"href":"https:\/\/labostera.lt\/lv\/wp-json\/wp\/v2\/media?parent=16385"}],"wp:term":[{"taxonomy":"product_cat","embeddable":true,"href":"https:\/\/labostera.lt\/lv\/wp-json\/wp\/v2\/product_cat?post=16385"},{"taxonomy":"product_tag","embeddable":true,"href":"https:\/\/labostera.lt\/lv\/wp-json\/wp\/v2\/product_tag?post=16385"}],"curies":[{"name":"wp","href":"https:\/\/api.w.org\/{rel}","templated":true}]}}