{"id":16375,"date":"2023-11-08T11:32:21","date_gmt":"2023-11-08T11:32:21","guid":{"rendered":"http:\/\/labostera.lt\/?post_type=product&#038;p=16375"},"modified":"2024-06-06T13:00:19","modified_gmt":"2024-06-06T10:00:19","slug":"vandens-distiliatorius-draglab-ds-series-water-still","status":"publish","type":"product","link":"https:\/\/labostera.lt\/lv\/priemones-ir-iranga\/laboratorine-iranga\/bendra-laboratorine-iranga\/vandens-paruosimo-iranga\/vandens-distiliatorius-draglab-ds-series-water-still\/","title":{"rendered":"\u016adens destil\u0113t\u0101js DRAGLAB DS Series Water Still"},"content":{"rendered":"<h2><strong>DragLab \u2013 Nanodrag Technology GmbH DS s\u0113rijas \u016bdens destil\u0113t\u0101js<\/strong><\/h2>\n<p>V\u0101cu ra\u017eot\u0101ja pied\u0101v\u0101t\u0101 DragLab \u2013 Nanodrag Technology GmbH DS s\u0113rijas ier\u012bce ir izstr\u0101d\u0101ta, dom\u0101jot par laboratorijas efektivit\u0101tes uzlabo\u0161anu. \u0160\u012b ier\u012bce izce\u013cas ar savu \u0101rk\u0101rt\u012bgi karstumiztur\u012bgo ner\u016bs\u0113jo\u0161\u0101 t\u0113rauda konstrukciju.<\/p>\n<ul>\n<li>\u012apa\u0161i karstumiztur\u012bgs ner\u016bs\u0113jo\u0161ais t\u0113rauds.<\/li>\n<li>DRAGLAB \u016bdens sterilizatori ir ra\u017eoti tikai no AISI 304 ner\u016bs\u0113jo\u0161\u0101 t\u0113rauda, kas atbilst ASTM standartiem, nodro\u0161inot izcilu iztur\u012bbu pret koroziju, nel\u012bpo\u0161u p\u0101rkl\u0101jumu un termisko iztur\u012bbu.<\/li>\n<li>Autom\u0101tisk\u0101 vad\u012bbas sist\u0113ma: profesion\u0101la piln\u012bb\u0101 autom\u0101tiska \u016bdens steriliz\u0101cija ar ieb\u016bv\u0113tu tvertni un elektronisko l\u012bme\u0146a sensoru.<\/li>\n<li>Ier\u012bci izmanto zin\u0101tniskiem p\u0113t\u012bjumiem, \u0161\u016bnu kult\u016br\u0101m, t\u012br\u012b\u0161anai, steriliz\u0101cijai un cit\u0101m mikrobiolo\u0123isk\u0101m un anal\u012btisk\u0101m proced\u016br\u0101m.<\/li>\n<\/ul>\n<h3>\u016adens destil\u0113t\u0101ji \u2013 <a href=\"http:\/\/labostera.lt\/lv\/product-brand\/draglab-nanodrag-technology-gmbh\/\" target=\"_blank\" rel=\"noopener\">DragLab DS s\u0113rija<\/a>.<\/h3>\n<p>Vair\u0101k inform\u0101cijas: <strong><a href=\"https:\/\/www.drag-lab.de\/waterstill.php\" target=\"_blank\" rel=\"noopener nofollow\">ra\u017eot\u0101ja t\u012bmek\u013ca vietn\u0113<\/a><\/strong> vai nos\u016btiet mums piepras\u012bjumu!<\/p>\n<div id=\"gtx-trans\" style=\"position: absolute; left: 315px; top: 397.753px;\">\n<div class=\"gtx-trans-icon\"><\/div>\n<\/div>","protected":false},"excerpt":{"rendered":"<p><strong>Pied\u0101v\u0101jam pla\u0161u ier\u012b\u010du izv\u0113li no v\u0101cu ra\u017eot\u0101ja DragLab \u2013 Nanodrag Technology GmbH<\/strong>, kura uz\u0146\u0113mums koncentr\u0113jas uz produktu un procesu efektivit\u0101tes nep\u0101rtrauktu uzlabo\u0161anu, cen\u0161oties pied\u0101v\u0101t lab\u0101kos tehnolo\u0123iskos risin\u0101jumus medic\u012bnas, tehniski zin\u0101tnisk\u0101s p\u0113tniec\u012bbas un r\u016bpniec\u012bbas nozar\u0113m kopum\u0101.<\/p>","protected":false},"featured_media":16380,"template":"","meta":[],"product_cat":[84,76,131],"product_tag":[372,238,375,374],"class_list":{"0":"post-16375","1":"product","2":"type-product","3":"status-publish","4":"has-post-thumbnail","6":"product_brand-draglab-nanodrag-technology-gmbh","7":"product_cat-bendra-laboratorine-iranga","8":"product_cat-laboratorine-iranga","9":"product_cat-vandens-paruosimo-iranga","10":"product_tag-draglab-nanodrag-technology-gmbh","11":"product_tag-vandens-sterilizatoriai","12":"product_tag-water-distilleries","13":"product_tag-water-stills","15":"first","16":"onbackorder","17":"shipping-taxable","18":"purchasable","19":"product-type-variable"},"_links":{"self":[{"href":"https:\/\/labostera.lt\/lv\/wp-json\/wp\/v2\/product\/16375","targetHints":{"allow":["GET"]}}],"collection":[{"href":"https:\/\/labostera.lt\/lv\/wp-json\/wp\/v2\/product"}],"about":[{"href":"https:\/\/labostera.lt\/lv\/wp-json\/wp\/v2\/types\/product"}],"wp:featuredmedia":[{"embeddable":true,"href":"https:\/\/labostera.lt\/lv\/wp-json\/wp\/v2\/media\/16380"}],"wp:attachment":[{"href":"https:\/\/labostera.lt\/lv\/wp-json\/wp\/v2\/media?parent=16375"}],"wp:term":[{"taxonomy":"product_cat","embeddable":true,"href":"https:\/\/labostera.lt\/lv\/wp-json\/wp\/v2\/product_cat?post=16375"},{"taxonomy":"product_tag","embeddable":true,"href":"https:\/\/labostera.lt\/lv\/wp-json\/wp\/v2\/product_tag?post=16375"}],"curies":[{"name":"wp","href":"https:\/\/api.w.org\/{rel}","templated":true}]}}