{"id":16369,"date":"2023-11-08T08:37:51","date_gmt":"2023-11-08T08:37:51","guid":{"rendered":"http:\/\/labostera.lt\/?post_type=product&#038;p=16369"},"modified":"2024-01-25T15:13:09","modified_gmt":"2024-01-25T13:13:09","slug":"dziovinimo-krosnis-draglab-do-series-drying-oven","status":"publish","type":"product","link":"https:\/\/labostera.lt\/lv\/priemones-ir-iranga\/laboratorine-iranga\/bendra-laboratorine-iranga\/dziovinimo-krosnys-ir-spintos\/dziovinimo-krosnis-draglab-do-series-drying-oven\/","title":{"rendered":"\u017d\u0101v\u0113\u0161anas kr\u0101sns DRAGLAB DO s\u0113rijas \u017e\u0101v\u0113\u0161anas kr\u0101sns"},"content":{"rendered":"<h2><strong>DragLab \u2013 Nanodrag Technology GmbH DO s\u0113rijas \u017e\u0101v\u0113\u0161anas kr\u0101sns<\/strong><\/h2>\n<p>V\u0101cu ra\u017eot\u0101ja pied\u0101v\u0101t\u0101 DragLab \u2013 Nanodrag Technology GmbH DO s\u0113rijas \u017e\u0101v\u0113\u0161anas kr\u0101sns ir izstr\u0101d\u0101ta, dom\u0101jot par laboratorijas efektivit\u0101tes uzlabo\u0161anu. \u0160\u012b laboratorijas kr\u0101sns ir \u013coti uzticama un paredz\u0113ta \u017e\u0101v\u0113\u0161anai, steriliz\u0101cijai un kars\u0113\u0161anai, piem\u0113rota augst\u0101m temperat\u016br\u0101m laboratorij\u0101.<\/p>\n<ul>\n<li>Laboratorijas kr\u0101sns ar augstu uzticam\u012bbu.<\/li>\n<li>DRAGLAB kr\u0101sns \u017e\u0101v\u0113\u0161anai, steriliz\u0113\u0161anai un kars\u0113\u0161anai, piem\u0113rota augst\u0101m temperat\u016br\u0101m laboratorij\u0101.<\/li>\n<li>Augstas kvalit\u0101tes ner\u016bs\u0113jo\u0161ais t\u0113rauds, autom\u0101tiska ventil\u0101cija un prec\u012bzi kontrol\u0113ta apkure.<\/li>\n<li>PID mikroprocesora tehnolo\u0123ija nodro\u0161ina temperat\u016bras stabilit\u0101ti l\u012bdz 0,1\u00a0\u00b0C, izmantojot sk\u0101rienekr\u0101nu.<\/li>\n<li>Piespiedu gaisa cirkul\u0101cijas ventilators nodro\u0161ina viendab\u012bgu vidi.<\/li>\n<li>Pla\u0161s pielietojumu kl\u0101sts laboratorijas test\u0113\u0161anai ar augstu temperat\u016bras precizit\u0101ti.<\/li>\n<li>Atbilst dro\u0161\u012bbas standartiem, viegli t\u012br\u0101ms dizains.<\/li>\n<\/ul>\n<h3>\u017d\u0101v\u0113\u0161anas kr\u0101snis \u2013 <a href=\"http:\/\/labostera.lt\/lv\/product-brand\/draglab-nanodrag-technology-gmbh\/\" target=\"_blank\" rel=\"noopener\">DragLab DO s\u0113rija<\/a>.<\/h3>\n<p>Vair\u0101k inform\u0101cijas: <strong><a href=\"https:\/\/www.drag-lab.de\/oven.php\" target=\"_blank\" rel=\"noopener nofollow\">ra\u017eot\u0101ja t\u012bmek\u013ca vietn\u0113<\/a><\/strong> vai nos\u016btiet mums piepras\u012bjumu!<\/p>","protected":false},"excerpt":{"rendered":"<p><strong>Pied\u0101v\u0101jam pla\u0161u ier\u012b\u010du izv\u0113li no v\u0101cu ra\u017eot\u0101ja DragLab \u2013 Nanodrag Technology GmbH<\/strong>, kura uz\u0146\u0113mums koncentr\u0113jas uz produktu un procesu efektivit\u0101tes nep\u0101rtrauktu uzlabo\u0161anu, cen\u0161oties pied\u0101v\u0101t lab\u0101kos tehnolo\u0123iskos risin\u0101jumus medic\u012bnas, tehniski zin\u0101tnisk\u0101s p\u0113tniec\u012bbas un r\u016bpniec\u012bbas nozar\u0113m kopum\u0101.<\/p>","protected":false},"featured_media":16374,"template":"","meta":[],"product_cat":[84,115,76],"product_tag":[372,373,163],"class_list":{"0":"post-16369","1":"product","2":"type-product","3":"status-publish","4":"has-post-thumbnail","6":"product_brand-draglab-nanodrag-technology-gmbh","7":"product_cat-bendra-laboratorine-iranga","8":"product_cat-dziovinimo-krosnys-ir-spintos","9":"product_cat-laboratorine-iranga","10":"product_tag-draglab-nanodrag-technology-gmbh","11":"product_tag-drying-ovens","12":"product_tag-dziovinimo-krosnys","14":"first","15":"onbackorder","16":"shipping-taxable","17":"purchasable","18":"product-type-variable"},"_links":{"self":[{"href":"https:\/\/labostera.lt\/lv\/wp-json\/wp\/v2\/product\/16369","targetHints":{"allow":["GET"]}}],"collection":[{"href":"https:\/\/labostera.lt\/lv\/wp-json\/wp\/v2\/product"}],"about":[{"href":"https:\/\/labostera.lt\/lv\/wp-json\/wp\/v2\/types\/product"}],"wp:featuredmedia":[{"embeddable":true,"href":"https:\/\/labostera.lt\/lv\/wp-json\/wp\/v2\/media\/16374"}],"wp:attachment":[{"href":"https:\/\/labostera.lt\/lv\/wp-json\/wp\/v2\/media?parent=16369"}],"wp:term":[{"taxonomy":"product_cat","embeddable":true,"href":"https:\/\/labostera.lt\/lv\/wp-json\/wp\/v2\/product_cat?post=16369"},{"taxonomy":"product_tag","embeddable":true,"href":"https:\/\/labostera.lt\/lv\/wp-json\/wp\/v2\/product_tag?post=16369"}],"curies":[{"name":"wp","href":"https:\/\/api.w.org\/{rel}","templated":true}]}}